{"id":4939,"date":"2025-05-02T06:42:23","date_gmt":"2025-05-02T06:42:43","guid":{"rendered":"https:\/\/breeam-nor.byggalliansen.no\/v6\/?page_id=4939"},"modified":"2025-08-27T13:43:07","modified_gmt":"2025-08-27T13:43:07","slug":"handtering-av-negativ-pavirkning","status":"publish","type":"page","link":"https:\/\/breeam-nor.byggalliansen.no\/v6\/kategorier-og-emner\/arealbruk-og-okologi\/le-03-handtering-av-pavirkning-pa-okologi\/handtering-av-negativ-pavirkning\/","title":{"rendered":"H\u00e5ndtering av negativ p\u00e5virkning"},"content":{"rendered":"\n<ol start=\"5\" class=\"wp-block-list\">\n<li>Kriterium 2\u20134 er oppfylt.<\/li>\n\n\n\n<li>Negativ p\u00e5virkning fra klargj\u00f8ring av utbyggingsomr\u00e5det og bygging er h\u00e5ndtert i henhold til tiltakshierarkiet i samsvar med anbefalingene fra kvalifisert \u00f8kolog (se Metode), og enten:\n<ol style=\"list-style-type:lower-alpha\" class=\"wp-block-list\">\n<li><strong>2 poeng:<\/strong> Det har <dfn aria-describedby=\"desc-1746168244649-n9i8h13t9\" data-definition=\"Intet netto tap av biodiversitet\">ikke forekommet noe netto tap av biodiversitet<\/dfn> av \u00f8kologiske kvaliteter. Metodikken i <a href=\"https:\/\/breeam-nor.byggalliansen.no\/v6\/vedlegg-e-metode-for-beregning-av-endring-i-biodiversitet\/\">Vedlegg E<\/a> og BREEAM-NOR LE-kalkulatoren skal benyttes for \u00e5 beregne netto tap.<br><br>ELLER, der kriterium 6a ikke er mulig:\u00a0\u00a0\u00a0\u00a0\u00a0\u00a0\u00a0\u00a0\u00a0\u00a0\u00a0\u00a0\u00a0\u00a0<\/li>\n\n\n\n<li><strong>1 poeng:<\/strong> Prosjektet har minimert tapet av \u00f8kologiske kvaliteter.<\/li>\n<\/ol>\n<\/li>\n<\/ol>\n\n\n\n<p><\/p>\n","protected":false},"excerpt":{"rendered":"","protected":false},"author":5,"featured_media":0,"parent":4756,"menu_order":2,"comment_status":"closed","ping_status":"closed","template":"","meta":{"_acf_changed":false,"footnotes":""},"categories":[1],"connection":[317],"class_list":["post-4939","page","type-page","status-publish","hentry","category-kriterier","connection-8-3-3"],"acf":[],"yoast_head":"<!-- This site is optimized with the Yoast SEO plugin v25.4 - https:\/\/yoast.com\/wordpress\/plugins\/seo\/ -->\n<title>H\u00e5ndtering av negativ p\u00e5virkning - BREEAM-NOR<\/title>\n<meta name=\"robots\" content=\"index, follow, max-snippet:-1, max-image-preview:large, max-video-preview:-1\" \/>\n<link rel=\"canonical\" href=\"http:\/\/breeam-nor.byggalliansen.no\/v6\/kategorier-og-emner\/arealbruk-og-okologi\/le-03-handtering-av-pavirkning-pa-okologi\/handtering-av-negativ-pavirkning\/\" \/>\n<meta property=\"og:locale\" content=\"nb_NO\" \/>\n<meta property=\"og:type\" content=\"article\" \/>\n<meta property=\"og:title\" content=\"H\u00e5ndtering av negativ p\u00e5virkning - BREEAM-NOR\" \/>\n<meta property=\"og:url\" content=\"http:\/\/breeam-nor.byggalliansen.no\/v6\/kategorier-og-emner\/arealbruk-og-okologi\/le-03-handtering-av-pavirkning-pa-okologi\/handtering-av-negativ-pavirkning\/\" \/>\n<meta property=\"og:site_name\" content=\"BREEAM-NOR\" \/>\n<meta property=\"article:modified_time\" content=\"2025-08-27T13:43:07+00:00\" \/>\n<meta name=\"twitter:card\" content=\"summary_large_image\" \/>\n<meta name=\"twitter:label1\" content=\"Ansl. lesetid\" \/>\n\t<meta name=\"twitter:data1\" content=\"1 minutt\" \/>\n<script type=\"application\/ld+json\" class=\"yoast-schema-graph\">{\"@context\":\"https:\/\/schema.org\",\"@graph\":[{\"@type\":\"WebPage\",\"@id\":\"http:\/\/breeam-nor.byggalliansen.no\/v6\/kategorier-og-emner\/arealbruk-og-okologi\/le-03-handtering-av-pavirkning-pa-okologi\/handtering-av-negativ-pavirkning\/\",\"url\":\"http:\/\/breeam-nor.byggalliansen.no\/v6\/kategorier-og-emner\/arealbruk-og-okologi\/le-03-handtering-av-pavirkning-pa-okologi\/handtering-av-negativ-pavirkning\/\",\"name\":\"H\u00e5ndtering av negativ p\u00e5virkning - BREEAM-NOR\",\"isPartOf\":{\"@id\":\"https:\/\/breeam-nor.byggalliansen.no\/v6\/#website\"},\"datePublished\":\"2025-05-02T06:42:43+00:00\",\"dateModified\":\"2025-08-27T13:43:07+00:00\",\"breadcrumb\":{\"@id\":\"http:\/\/breeam-nor.byggalliansen.no\/v6\/kategorier-og-emner\/arealbruk-og-okologi\/le-03-handtering-av-pavirkning-pa-okologi\/handtering-av-negativ-pavirkning\/#breadcrumb\"},\"inLanguage\":\"nb-NO\",\"potentialAction\":[{\"@type\":\"ReadAction\",\"target\":[\"http:\/\/breeam-nor.byggalliansen.no\/v6\/kategorier-og-emner\/arealbruk-og-okologi\/le-03-handtering-av-pavirkning-pa-okologi\/handtering-av-negativ-pavirkning\/\"]}]},{\"@type\":\"BreadcrumbList\",\"@id\":\"http:\/\/breeam-nor.byggalliansen.no\/v6\/kategorier-og-emner\/arealbruk-og-okologi\/le-03-handtering-av-pavirkning-pa-okologi\/handtering-av-negativ-pavirkning\/#breadcrumb\",\"itemListElement\":[{\"@type\":\"ListItem\",\"position\":1,\"name\":\"BREEAM-NOR\",\"item\":\"https:\/\/breeam-nor.byggalliansen.no\/v6\/\"},{\"@type\":\"ListItem\",\"position\":2,\"name\":\"Kategorier og emner\",\"item\":\"https:\/\/breeam-nor.byggalliansen.no\/v6\/kategorier-og-emner\/\"},{\"@type\":\"ListItem\",\"position\":3,\"name\":\"Arealbruk og \u00f8kologi\",\"item\":\"https:\/\/breeam-nor.byggalliansen.no\/v6\/kategorier-og-emner\/arealbruk-og-okologi\/\"},{\"@type\":\"ListItem\",\"position\":4,\"name\":\"LE 03 H\u00e5ndtering av p\u00e5virkning p\u00e5 \u00f8kologi\u00a0\",\"item\":\"https:\/\/breeam-nor.byggalliansen.no\/v6\/kategorier-og-emner\/arealbruk-og-okologi\/le-03-handtering-av-pavirkning-pa-okologi\/\"},{\"@type\":\"ListItem\",\"position\":5,\"name\":\"H\u00e5ndtering av negativ p\u00e5virkning\"}]},{\"@type\":\"WebSite\",\"@id\":\"https:\/\/breeam-nor.byggalliansen.no\/v6\/#website\",\"url\":\"https:\/\/breeam-nor.byggalliansen.no\/v6\/\",\"name\":\"BREEAM-NOR\",\"description\":\"Versjon 6.1.1, 2024\",\"potentialAction\":[{\"@type\":\"SearchAction\",\"target\":{\"@type\":\"EntryPoint\",\"urlTemplate\":\"https:\/\/breeam-nor.byggalliansen.no\/v6\/?s={search_term_string}\"},\"query-input\":{\"@type\":\"PropertyValueSpecification\",\"valueRequired\":true,\"valueName\":\"search_term_string\"}}],\"inLanguage\":\"nb-NO\"}]}<\/script>\n<!-- \/ Yoast SEO plugin. -->","yoast_head_json":{"title":"H\u00e5ndtering av negativ p\u00e5virkning - BREEAM-NOR","robots":{"index":"index","follow":"follow","max-snippet":"max-snippet:-1","max-image-preview":"max-image-preview:large","max-video-preview":"max-video-preview:-1"},"canonical":"http:\/\/breeam-nor.byggalliansen.no\/v6\/kategorier-og-emner\/arealbruk-og-okologi\/le-03-handtering-av-pavirkning-pa-okologi\/handtering-av-negativ-pavirkning\/","og_locale":"nb_NO","og_type":"article","og_title":"H\u00e5ndtering av negativ p\u00e5virkning - BREEAM-NOR","og_url":"http:\/\/breeam-nor.byggalliansen.no\/v6\/kategorier-og-emner\/arealbruk-og-okologi\/le-03-handtering-av-pavirkning-pa-okologi\/handtering-av-negativ-pavirkning\/","og_site_name":"BREEAM-NOR","article_modified_time":"2025-08-27T13:43:07+00:00","twitter_card":"summary_large_image","twitter_misc":{"Ansl. lesetid":"1 minutt"},"schema":{"@context":"https:\/\/schema.org","@graph":[{"@type":"WebPage","@id":"http:\/\/breeam-nor.byggalliansen.no\/v6\/kategorier-og-emner\/arealbruk-og-okologi\/le-03-handtering-av-pavirkning-pa-okologi\/handtering-av-negativ-pavirkning\/","url":"http:\/\/breeam-nor.byggalliansen.no\/v6\/kategorier-og-emner\/arealbruk-og-okologi\/le-03-handtering-av-pavirkning-pa-okologi\/handtering-av-negativ-pavirkning\/","name":"H\u00e5ndtering av negativ p\u00e5virkning - BREEAM-NOR","isPartOf":{"@id":"https:\/\/breeam-nor.byggalliansen.no\/v6\/#website"},"datePublished":"2025-05-02T06:42:43+00:00","dateModified":"2025-08-27T13:43:07+00:00","breadcrumb":{"@id":"http:\/\/breeam-nor.byggalliansen.no\/v6\/kategorier-og-emner\/arealbruk-og-okologi\/le-03-handtering-av-pavirkning-pa-okologi\/handtering-av-negativ-pavirkning\/#breadcrumb"},"inLanguage":"nb-NO","potentialAction":[{"@type":"ReadAction","target":["http:\/\/breeam-nor.byggalliansen.no\/v6\/kategorier-og-emner\/arealbruk-og-okologi\/le-03-handtering-av-pavirkning-pa-okologi\/handtering-av-negativ-pavirkning\/"]}]},{"@type":"BreadcrumbList","@id":"http:\/\/breeam-nor.byggalliansen.no\/v6\/kategorier-og-emner\/arealbruk-og-okologi\/le-03-handtering-av-pavirkning-pa-okologi\/handtering-av-negativ-pavirkning\/#breadcrumb","itemListElement":[{"@type":"ListItem","position":1,"name":"BREEAM-NOR","item":"https:\/\/breeam-nor.byggalliansen.no\/v6\/"},{"@type":"ListItem","position":2,"name":"Kategorier og emner","item":"https:\/\/breeam-nor.byggalliansen.no\/v6\/kategorier-og-emner\/"},{"@type":"ListItem","position":3,"name":"Arealbruk og \u00f8kologi","item":"https:\/\/breeam-nor.byggalliansen.no\/v6\/kategorier-og-emner\/arealbruk-og-okologi\/"},{"@type":"ListItem","position":4,"name":"LE 03 H\u00e5ndtering av p\u00e5virkning p\u00e5 \u00f8kologi\u00a0","item":"https:\/\/breeam-nor.byggalliansen.no\/v6\/kategorier-og-emner\/arealbruk-og-okologi\/le-03-handtering-av-pavirkning-pa-okologi\/"},{"@type":"ListItem","position":5,"name":"H\u00e5ndtering av negativ p\u00e5virkning"}]},{"@type":"WebSite","@id":"https:\/\/breeam-nor.byggalliansen.no\/v6\/#website","url":"https:\/\/breeam-nor.byggalliansen.no\/v6\/","name":"BREEAM-NOR","description":"Versjon 6.1.1, 2024","potentialAction":[{"@type":"SearchAction","target":{"@type":"EntryPoint","urlTemplate":"https:\/\/breeam-nor.byggalliansen.no\/v6\/?s={search_term_string}"},"query-input":{"@type":"PropertyValueSpecification","valueRequired":true,"valueName":"search_term_string"}}],"inLanguage":"nb-NO"}]}},"_links":{"self":[{"href":"https:\/\/breeam-nor.byggalliansen.no\/v6\/wp-json\/wp\/v2\/pages\/4939","targetHints":{"allow":["GET"]}}],"collection":[{"href":"https:\/\/breeam-nor.byggalliansen.no\/v6\/wp-json\/wp\/v2\/pages"}],"about":[{"href":"https:\/\/breeam-nor.byggalliansen.no\/v6\/wp-json\/wp\/v2\/types\/page"}],"author":[{"embeddable":true,"href":"https:\/\/breeam-nor.byggalliansen.no\/v6\/wp-json\/wp\/v2\/users\/5"}],"replies":[{"embeddable":true,"href":"https:\/\/breeam-nor.byggalliansen.no\/v6\/wp-json\/wp\/v2\/comments?post=4939"}],"version-history":[{"count":3,"href":"https:\/\/breeam-nor.byggalliansen.no\/v6\/wp-json\/wp\/v2\/pages\/4939\/revisions"}],"predecessor-version":[{"id":6071,"href":"https:\/\/breeam-nor.byggalliansen.no\/v6\/wp-json\/wp\/v2\/pages\/4939\/revisions\/6071"}],"up":[{"embeddable":true,"href":"https:\/\/breeam-nor.byggalliansen.no\/v6\/wp-json\/wp\/v2\/pages\/4756"}],"wp:attachment":[{"href":"https:\/\/breeam-nor.byggalliansen.no\/v6\/wp-json\/wp\/v2\/media?parent=4939"}],"wp:term":[{"taxonomy":"category","embeddable":true,"href":"https:\/\/breeam-nor.byggalliansen.no\/v6\/wp-json\/wp\/v2\/categories?post=4939"},{"taxonomy":"connection","embeddable":true,"href":"https:\/\/breeam-nor.byggalliansen.no\/v6\/wp-json\/wp\/v2\/connection?post=4939"}],"curies":[{"name":"wp","href":"https:\/\/api.w.org\/{rel}","templated":true}]}}