{"id":4995,"date":"2025-05-02T11:16:36","date_gmt":"2025-05-02T11:16:36","guid":{"rendered":"https:\/\/breeam-nor.byggalliansen.no\/v6\/?page_id=4995"},"modified":"2025-07-03T12:56:50","modified_gmt":"2025-07-03T12:56:50","slug":"risikovurdering","status":"publish","type":"page","link":"https:\/\/breeam-nor.byggalliansen.no\/v6\/kategorier-og-emner\/arealbruk-og-okologi\/le-06-klimatilpasning\/risikovurdering\/","title":{"rendered":"Risikovurdering"},"content":{"rendered":"\n<ol class=\"wp-block-list\">\n<li>Gjennomf\u00f8re en vurdering for \u00e5 finne riktig strategi for <dfn aria-describedby=\"desc-1746184513537-vozw5kc2h\" data-definition=\"Klimatilpasning\">klimatilpasning <\/dfn>ved \u00e5 foreta en <dfn aria-describedby=\"desc-1746184496636-vjge5wbxe\" data-definition=\"Systematisk risikovurdering\">systematisk risikovurdering<\/dfn> for utbyggingsomr\u00e5det. Dette skal gj\u00f8res f\u00f8r eller under steg 2 og f\u00f8lge prinsippene i NS 5814: 2021 Krav til risikovurderinger (se Metode). Risikovurderingen viser hvordan utbyggingsomr\u00e5det p\u00e5virkes av n\u00e5v\u00e6rende og fremtidige v\u00e6r- og naturforhold gjennom levetiden. Vurderingen omfatter tekniske systemer og fornybare energil\u00f8sninger, samt <dfn aria-describedby=\"desc-1746184551874-75msrsfir\" data-definition=\"B\u00e6resystemenes og fasadenes robusthet\">b\u00e6resystemenes og fasadenes robusthet<\/dfn><dfn aria-describedby=\"desc-1746184317381-m51hyvudw\" data-definition=\"Robusthet\"> <\/dfn>(se Metode).<\/li>\n\n\n\n<li>Vurderingen skal omfatte:\n<ol style=\"list-style-type:lower-alpha\" class=\"wp-block-list\">\n<li>Trinn 1: Definisjon av rammer for risikovurderingen<\/li>\n\n\n\n<li>Trinn 2: Identifisering av <dfn aria-describedby=\"desc-1746184345388-bx186lcl4\" data-definition=\"Fare eller u\u00f8nsket hendelse\">farer og u\u00f8nskede hendelser<\/dfn><\/li>\n\n\n\n<li>Trinn 3: Vurdering av <dfn aria-describedby=\"desc-1746184354103-x1tftfl31\" data-definition=\"S\u00e5rbarhet\">s\u00e5rbarhet<\/dfn>, <dfn aria-describedby=\"desc-1746184362583-1y8h7d5lk\" data-definition=\"Sannsynlighet\">sannsynlighet <\/dfn>og <dfn aria-describedby=\"desc-1746184370919-79esofkst\" data-definition=\"Konsekvens\">konsekvenser<\/dfn><\/li>\n\n\n\n<li>Trinn 4: <dfn aria-describedby=\"desc-1746184444032-2jcqso8qq\" data-definition=\"Risiko\">Risikoevaluering<\/dfn>, inkludert vurdering av oppn\u00e5else av <dfn aria-describedby=\"desc-1746184393887-ledrmb94m\" data-definition=\"Sikkerhetsm\u00e5l\">sikkerhetsm\u00e5l<\/dfn>\/evalueringskriterier<\/li>\n<\/ol>\n<\/li>\n\n\n\n<li>Beskrive konkrete anbefalinger eller l\u00f8sninger i prosjektet for \u00e5 h\u00e5ndtere p\u00e5virkningene som er identifisert i vurderingen. Dette gj\u00f8res f\u00f8r eller under steg 2 og implementeres i relevante spesifikasjons-, planleggings- og kontraktdokumenter. Tiltakene skal, der det er relevant, utformes som <dfn aria-describedby=\"desc-1746184414864-ia2pk6dvs\" data-definition=\"Naturbaserte l\u00f8sninger\">naturbaserte l\u00f8sninger<\/dfn> (se Metode).<\/li>\n\n\n\n<li>Legge frem en oppdatering, innen utgangen av steg 4, som viser hvordan anbefalingene eller l\u00f8sningene foresl\u00e5tt under steg 2 er iverksatt i prosjekteringen der det er gjennomf\u00f8rbart og kostnadseffektivt. Hvis noen utelates, m\u00e5 dette begrunnes av prosjektet og godkjennes skriftlig av revisor.<\/li>\n\n\n\n<li>Legge frem en oppdatering etter ferdigstillelse, som viser hvordan anbefalingene eller l\u00f8sningene er iverksatt der det er gjennomf\u00f8rbart og kostnadseffektivt. Hvis noen utelates, m\u00e5 dette begrunnes av prosjektet og godkjennes skriftlig av revisor.<\/li>\n\n\n\n<li>For l\u00f8sninger og tiltak som krever oppf\u00f8lging i driftsfasen for \u00e5 fungere etter hensikten, er det dokumentert at bygningens eiere og\/eller driftspersonell har f\u00e5tt oppl\u00e6ring og at rutiner og ansvar er tydelig beskrevet i bygningens FDV-dokumentasjon.<\/li>\n<\/ol>\n","protected":false},"excerpt":{"rendered":"","protected":false},"author":5,"featured_media":0,"parent":4759,"menu_order":0,"comment_status":"closed","ping_status":"closed","template":"","meta":{"_acf_changed":false,"footnotes":""},"categories":[],"connection":[377],"class_list":["post-4995","page","type-page","status-publish","hentry","connection-8-6-1"],"acf":[],"yoast_head":"<!-- This site is optimized with the Yoast SEO plugin v25.4 - https:\/\/yoast.com\/wordpress\/plugins\/seo\/ -->\n<title>Risikovurdering - BREEAM-NOR<\/title>\n<meta name=\"robots\" content=\"index, follow, max-snippet:-1, max-image-preview:large, max-video-preview:-1\" \/>\n<link rel=\"canonical\" href=\"https:\/\/breeam-nor.byggalliansen.no\/v6\/kategorier-og-emner\/arealbruk-og-okologi\/le-06-klimatilpasning\/risikovurdering\/\" \/>\n<meta property=\"og:locale\" content=\"nb_NO\" \/>\n<meta property=\"og:type\" content=\"article\" \/>\n<meta property=\"og:title\" content=\"Risikovurdering - BREEAM-NOR\" \/>\n<meta property=\"og:url\" content=\"https:\/\/breeam-nor.byggalliansen.no\/v6\/kategorier-og-emner\/arealbruk-og-okologi\/le-06-klimatilpasning\/risikovurdering\/\" \/>\n<meta property=\"og:site_name\" content=\"BREEAM-NOR\" \/>\n<meta property=\"article:modified_time\" content=\"2025-07-03T12:56:50+00:00\" \/>\n<meta name=\"twitter:card\" content=\"summary_large_image\" \/>\n<meta name=\"twitter:label1\" content=\"Ansl. lesetid\" \/>\n\t<meta name=\"twitter:data1\" content=\"2 minutter\" \/>\n<script type=\"application\/ld+json\" class=\"yoast-schema-graph\">{\"@context\":\"https:\/\/schema.org\",\"@graph\":[{\"@type\":\"WebPage\",\"@id\":\"https:\/\/breeam-nor.byggalliansen.no\/v6\/kategorier-og-emner\/arealbruk-og-okologi\/le-06-klimatilpasning\/risikovurdering\/\",\"url\":\"https:\/\/breeam-nor.byggalliansen.no\/v6\/kategorier-og-emner\/arealbruk-og-okologi\/le-06-klimatilpasning\/risikovurdering\/\",\"name\":\"Risikovurdering - BREEAM-NOR\",\"isPartOf\":{\"@id\":\"https:\/\/breeam-nor.byggalliansen.no\/v6\/#website\"},\"datePublished\":\"2025-05-02T11:16:36+00:00\",\"dateModified\":\"2025-07-03T12:56:50+00:00\",\"breadcrumb\":{\"@id\":\"https:\/\/breeam-nor.byggalliansen.no\/v6\/kategorier-og-emner\/arealbruk-og-okologi\/le-06-klimatilpasning\/risikovurdering\/#breadcrumb\"},\"inLanguage\":\"nb-NO\",\"potentialAction\":[{\"@type\":\"ReadAction\",\"target\":[\"https:\/\/breeam-nor.byggalliansen.no\/v6\/kategorier-og-emner\/arealbruk-og-okologi\/le-06-klimatilpasning\/risikovurdering\/\"]}]},{\"@type\":\"BreadcrumbList\",\"@id\":\"https:\/\/breeam-nor.byggalliansen.no\/v6\/kategorier-og-emner\/arealbruk-og-okologi\/le-06-klimatilpasning\/risikovurdering\/#breadcrumb\",\"itemListElement\":[{\"@type\":\"ListItem\",\"position\":1,\"name\":\"BREEAM-NOR\",\"item\":\"https:\/\/breeam-nor.byggalliansen.no\/v6\/\"},{\"@type\":\"ListItem\",\"position\":2,\"name\":\"Kategorier og emner\",\"item\":\"https:\/\/breeam-nor.byggalliansen.no\/v6\/kategorier-og-emner\/\"},{\"@type\":\"ListItem\",\"position\":3,\"name\":\"Arealbruk og \u00f8kologi\",\"item\":\"https:\/\/breeam-nor.byggalliansen.no\/v6\/kategorier-og-emner\/arealbruk-og-okologi\/\"},{\"@type\":\"ListItem\",\"position\":4,\"name\":\"LE 06 Klimatilpasning\u00a0\",\"item\":\"https:\/\/breeam-nor.byggalliansen.no\/v6\/kategorier-og-emner\/arealbruk-og-okologi\/le-06-klimatilpasning\/\"},{\"@type\":\"ListItem\",\"position\":5,\"name\":\"Risikovurdering\"}]},{\"@type\":\"WebSite\",\"@id\":\"https:\/\/breeam-nor.byggalliansen.no\/v6\/#website\",\"url\":\"https:\/\/breeam-nor.byggalliansen.no\/v6\/\",\"name\":\"BREEAM-NOR\",\"description\":\"Versjon 6.1.1, 2024\",\"potentialAction\":[{\"@type\":\"SearchAction\",\"target\":{\"@type\":\"EntryPoint\",\"urlTemplate\":\"https:\/\/breeam-nor.byggalliansen.no\/v6\/?s={search_term_string}\"},\"query-input\":{\"@type\":\"PropertyValueSpecification\",\"valueRequired\":true,\"valueName\":\"search_term_string\"}}],\"inLanguage\":\"nb-NO\"}]}<\/script>\n<!-- \/ Yoast SEO plugin. -->","yoast_head_json":{"title":"Risikovurdering - BREEAM-NOR","robots":{"index":"index","follow":"follow","max-snippet":"max-snippet:-1","max-image-preview":"max-image-preview:large","max-video-preview":"max-video-preview:-1"},"canonical":"https:\/\/breeam-nor.byggalliansen.no\/v6\/kategorier-og-emner\/arealbruk-og-okologi\/le-06-klimatilpasning\/risikovurdering\/","og_locale":"nb_NO","og_type":"article","og_title":"Risikovurdering - BREEAM-NOR","og_url":"https:\/\/breeam-nor.byggalliansen.no\/v6\/kategorier-og-emner\/arealbruk-og-okologi\/le-06-klimatilpasning\/risikovurdering\/","og_site_name":"BREEAM-NOR","article_modified_time":"2025-07-03T12:56:50+00:00","twitter_card":"summary_large_image","twitter_misc":{"Ansl. lesetid":"2 minutter"},"schema":{"@context":"https:\/\/schema.org","@graph":[{"@type":"WebPage","@id":"https:\/\/breeam-nor.byggalliansen.no\/v6\/kategorier-og-emner\/arealbruk-og-okologi\/le-06-klimatilpasning\/risikovurdering\/","url":"https:\/\/breeam-nor.byggalliansen.no\/v6\/kategorier-og-emner\/arealbruk-og-okologi\/le-06-klimatilpasning\/risikovurdering\/","name":"Risikovurdering - BREEAM-NOR","isPartOf":{"@id":"https:\/\/breeam-nor.byggalliansen.no\/v6\/#website"},"datePublished":"2025-05-02T11:16:36+00:00","dateModified":"2025-07-03T12:56:50+00:00","breadcrumb":{"@id":"https:\/\/breeam-nor.byggalliansen.no\/v6\/kategorier-og-emner\/arealbruk-og-okologi\/le-06-klimatilpasning\/risikovurdering\/#breadcrumb"},"inLanguage":"nb-NO","potentialAction":[{"@type":"ReadAction","target":["https:\/\/breeam-nor.byggalliansen.no\/v6\/kategorier-og-emner\/arealbruk-og-okologi\/le-06-klimatilpasning\/risikovurdering\/"]}]},{"@type":"BreadcrumbList","@id":"https:\/\/breeam-nor.byggalliansen.no\/v6\/kategorier-og-emner\/arealbruk-og-okologi\/le-06-klimatilpasning\/risikovurdering\/#breadcrumb","itemListElement":[{"@type":"ListItem","position":1,"name":"BREEAM-NOR","item":"https:\/\/breeam-nor.byggalliansen.no\/v6\/"},{"@type":"ListItem","position":2,"name":"Kategorier og emner","item":"https:\/\/breeam-nor.byggalliansen.no\/v6\/kategorier-og-emner\/"},{"@type":"ListItem","position":3,"name":"Arealbruk og \u00f8kologi","item":"https:\/\/breeam-nor.byggalliansen.no\/v6\/kategorier-og-emner\/arealbruk-og-okologi\/"},{"@type":"ListItem","position":4,"name":"LE 06 Klimatilpasning\u00a0","item":"https:\/\/breeam-nor.byggalliansen.no\/v6\/kategorier-og-emner\/arealbruk-og-okologi\/le-06-klimatilpasning\/"},{"@type":"ListItem","position":5,"name":"Risikovurdering"}]},{"@type":"WebSite","@id":"https:\/\/breeam-nor.byggalliansen.no\/v6\/#website","url":"https:\/\/breeam-nor.byggalliansen.no\/v6\/","name":"BREEAM-NOR","description":"Versjon 6.1.1, 2024","potentialAction":[{"@type":"SearchAction","target":{"@type":"EntryPoint","urlTemplate":"https:\/\/breeam-nor.byggalliansen.no\/v6\/?s={search_term_string}"},"query-input":{"@type":"PropertyValueSpecification","valueRequired":true,"valueName":"search_term_string"}}],"inLanguage":"nb-NO"}]}},"_links":{"self":[{"href":"https:\/\/breeam-nor.byggalliansen.no\/v6\/wp-json\/wp\/v2\/pages\/4995","targetHints":{"allow":["GET"]}}],"collection":[{"href":"https:\/\/breeam-nor.byggalliansen.no\/v6\/wp-json\/wp\/v2\/pages"}],"about":[{"href":"https:\/\/breeam-nor.byggalliansen.no\/v6\/wp-json\/wp\/v2\/types\/page"}],"author":[{"embeddable":true,"href":"https:\/\/breeam-nor.byggalliansen.no\/v6\/wp-json\/wp\/v2\/users\/5"}],"replies":[{"embeddable":true,"href":"https:\/\/breeam-nor.byggalliansen.no\/v6\/wp-json\/wp\/v2\/comments?post=4995"}],"version-history":[{"count":3,"href":"https:\/\/breeam-nor.byggalliansen.no\/v6\/wp-json\/wp\/v2\/pages\/4995\/revisions"}],"predecessor-version":[{"id":5885,"href":"https:\/\/breeam-nor.byggalliansen.no\/v6\/wp-json\/wp\/v2\/pages\/4995\/revisions\/5885"}],"up":[{"embeddable":true,"href":"https:\/\/breeam-nor.byggalliansen.no\/v6\/wp-json\/wp\/v2\/pages\/4759"}],"wp:attachment":[{"href":"https:\/\/breeam-nor.byggalliansen.no\/v6\/wp-json\/wp\/v2\/media?parent=4995"}],"wp:term":[{"taxonomy":"category","embeddable":true,"href":"https:\/\/breeam-nor.byggalliansen.no\/v6\/wp-json\/wp\/v2\/categories?post=4995"},{"taxonomy":"connection","embeddable":true,"href":"https:\/\/breeam-nor.byggalliansen.no\/v6\/wp-json\/wp\/v2\/connection?post=4995"}],"curies":[{"name":"wp","href":"https:\/\/api.w.org\/{rel}","templated":true}]}}