{"id":4997,"date":"2025-05-02T11:17:23","date_gmt":"2025-05-02T11:17:44","guid":{"rendered":"https:\/\/breeam-nor.byggalliansen.no\/v6\/?page_id=4997"},"modified":"2025-07-03T13:49:08","modified_gmt":"2025-07-03T13:49:08","slug":"monstergyldig-niva-helhetlig-respons-pa-klimaendringer-1-poeng","status":"publish","type":"page","link":"https:\/\/breeam-nor.byggalliansen.no\/v6\/kategorier-og-emner\/arealbruk-og-okologi\/le-06-klimatilpasning\/monstergyldig-niva-helhetlig-respons-pa-klimaendringer-1-poeng\/","title":{"rendered":"M\u00f8nstergyldig niv\u00e5: helhetlig respons p\u00e5 klimaendringer \u2013 1 poeng"},"content":{"rendered":"\n<ol start=\"7\" class=\"wp-block-list\">\n<li>Oppn\u00e5 poeng i emnene nedenfor for \u00e5 vise en helhetlig tiln\u00e6rming til prosjektering og oppf\u00f8ring for \u00e5 dempe virkningene av n\u00e5v\u00e6rende og fremtidig klima i hele byggets livssyklus. For \u00e5 oppn\u00e5 1 poeng for m\u00f8nstergyldig niv\u00e5:\n<ol style=\"list-style-type:lower-alpha\" class=\"wp-block-list\">\n<li><span style=\"font-size: clamp(1rem, 0.9107rem + 0.2857vw, 1.125rem);, sans-serif\">tilfredsstille kriterium 1\u20136<\/span>.<\/li>\n\n\n\n<li>tilfredsstille kriteriene eller oppn\u00e5 poeng for emnene i tabell LE 06-01 nedenfor.<\/li>\n<\/ol>\n<\/li>\n<\/ol>\n\n\n\n<h5 class=\"wp-block-heading\">Tabell LE 06-01 Krav til kriterium 7<\/h5>\n\n\n\n<figure class=\"wp-block-table is-style-core-borders\"><table class=\"has-fixed-layout\"><thead><tr><th><strong>Emne<\/strong><\/th><th><strong>Krav<\/strong><\/th><th><strong>Sammenheng med LE 06<\/strong><\/th><\/tr><\/thead><tbody><tr><td>Hea 03 Termisk milj\u00f8<\/td><td><a href=\"https:\/\/breeam-nor.byggalliansen.no\/v6\/kategorier-og-emner\/helse-og-innemiljo\/hea-03-termisk-komfort\/prosjektering-for-fremtidig-termisk-komfort\/\">Kriterium 5\u20138<\/a><\/td><td>Hindre \u00f8kt fare for overoppheting.<\/td><\/tr><tr><td>Ene 01 Bygningens energiytelse<\/td><td><a href=\"https:\/\/breeam-nor.byggalliansen.no\/v6\/kategorier-og-emner\/energi\/ene-01-bygningens-energiytelse\/\">Minst 6 poeng, <\/a>herunder oppn\u00e5else av kriterium 1\u20134 Passiv design.<\/td><td>Optimalisere energieffektiviteten slik at det sannsynlige behovet dekkes med minst mulig karbonutslipp.<\/td><\/tr><tr><td>Wat 01 Vannforbruk<\/td><td><a href=\"https:\/\/breeam-nor.byggalliansen.no\/v6\/kategorier-og-emner\/vann\/wat-01-vannforbruk\/vanneffektivt-sanitaerutstyr\/\">Minst 3 poeng<\/a><\/td><td>Redusere vannbehovet i t\u00f8rkeperioder til et minimum.<\/td><\/tr><tr><td>Mat 05 Robust og holdbar konstruksjon<\/td><td><a href=\"https:\/\/breeam-nor.byggalliansen.no\/v6\/kategorier-og-emner\/materialer\/mat-05-robust-og-klimatilpasset-konstruksjon\/beskytte-utsatte-deler-av-bygningen-mot-materialnedbrytning\/\">Kriterium 3-5<\/a><\/td><td>Unng\u00e5 \u00f8kt fare for skader og h\u00f8yere vedlikeholdsbehov.<\/td><\/tr><tr><td>LE 07 Flom og stormflom<\/td><td><a href=\"https:\/\/breeam-nor.byggalliansen.no\/v6\/kategorier-og-emner\/arealbruk-og-okologi\/le-07-sikkerhet-mot-flom-og-stormflo\/\">Minst 1 poeng<\/a><\/td><td>Unng\u00e5 at flomrisiko p\u00e5virker utbyggingsomr\u00e5det og andre omr\u00e5der.<\/td><\/tr><tr><td>LE 08 Lokal overvannsh\u00e5ndtering<\/td><td><a href=\"https:\/\/breeam-nor.byggalliansen.no\/v6\/kategorier-og-emner\/arealbruk-og-okologi\/le-08-lokal-overvannshandtering\/\">2 poeng<\/a><\/td><td>Unng\u00e5 at overvann p\u00e5virker utbyggingsomr\u00e5det og andre omr\u00e5der.<\/td><\/tr><\/tbody><\/table><\/figure>\n","protected":false},"excerpt":{"rendered":"<p>Tabell LE 06-01 Krav til kriterium 7 Emne Krav Sammenheng med LE 06 Hea 03 Termisk milj\u00f8 Kriterium 5\u20138 Hindre \u00f8kt fare for overoppheting. Ene 01 Bygningens energiytelse Minst 6 poeng, herunder oppn\u00e5else av kriterium 1\u20134 Passiv design. Optimalisere energieffektiviteten slik at det sannsynlige behovet dekkes med minst mulig karbonutslipp. Wat 01 Vannforbruk Minst 3 [&hellip;]<\/p>\n","protected":false},"author":5,"featured_media":0,"parent":4759,"menu_order":1,"comment_status":"closed","ping_status":"closed","template":"","meta":{"_acf_changed":false,"footnotes":""},"categories":[1],"connection":[373],"class_list":["post-4997","page","type-page","status-publish","hentry","category-kriterier","connection-8-6-2"],"acf":[],"yoast_head":"<!-- This site is optimized with the Yoast SEO plugin v25.4 - https:\/\/yoast.com\/wordpress\/plugins\/seo\/ -->\n<title>M\u00f8nstergyldig niv\u00e5: helhetlig respons p\u00e5 klimaendringer \u2013 1 poeng - BREEAM-NOR<\/title>\n<meta name=\"robots\" content=\"index, follow, max-snippet:-1, max-image-preview:large, max-video-preview:-1\" \/>\n<link rel=\"canonical\" href=\"https:\/\/breeam-nor.byggalliansen.no\/v6\/kategorier-og-emner\/arealbruk-og-okologi\/le-06-klimatilpasning\/monstergyldig-niva-helhetlig-respons-pa-klimaendringer-1-poeng\/\" \/>\n<meta property=\"og:locale\" content=\"nb_NO\" \/>\n<meta property=\"og:type\" content=\"article\" \/>\n<meta property=\"og:title\" content=\"M\u00f8nstergyldig niv\u00e5: helhetlig respons p\u00e5 klimaendringer \u2013 1 poeng - BREEAM-NOR\" \/>\n<meta property=\"og:description\" content=\"Tabell LE 06-01 Krav til kriterium 7 Emne Krav Sammenheng med LE 06 Hea 03 Termisk milj\u00f8 Kriterium 5\u20138 Hindre \u00f8kt fare for overoppheting. Ene 01 Bygningens energiytelse Minst 6 poeng, herunder oppn\u00e5else av kriterium 1\u20134 Passiv design. Optimalisere energieffektiviteten slik at det sannsynlige behovet dekkes med minst mulig karbonutslipp. Wat 01 Vannforbruk Minst 3 [&hellip;]\" \/>\n<meta property=\"og:url\" content=\"https:\/\/breeam-nor.byggalliansen.no\/v6\/kategorier-og-emner\/arealbruk-og-okologi\/le-06-klimatilpasning\/monstergyldig-niva-helhetlig-respons-pa-klimaendringer-1-poeng\/\" \/>\n<meta property=\"og:site_name\" content=\"BREEAM-NOR\" \/>\n<meta property=\"article:modified_time\" content=\"2025-07-03T13:49:08+00:00\" \/>\n<meta name=\"twitter:card\" content=\"summary_large_image\" \/>\n<meta name=\"twitter:label1\" content=\"Ansl. lesetid\" \/>\n\t<meta name=\"twitter:data1\" content=\"1 minutt\" \/>\n<script type=\"application\/ld+json\" class=\"yoast-schema-graph\">{\"@context\":\"https:\/\/schema.org\",\"@graph\":[{\"@type\":\"WebPage\",\"@id\":\"https:\/\/breeam-nor.byggalliansen.no\/v6\/kategorier-og-emner\/arealbruk-og-okologi\/le-06-klimatilpasning\/monstergyldig-niva-helhetlig-respons-pa-klimaendringer-1-poeng\/\",\"url\":\"https:\/\/breeam-nor.byggalliansen.no\/v6\/kategorier-og-emner\/arealbruk-og-okologi\/le-06-klimatilpasning\/monstergyldig-niva-helhetlig-respons-pa-klimaendringer-1-poeng\/\",\"name\":\"M\u00f8nstergyldig niv\u00e5: helhetlig respons p\u00e5 klimaendringer \u2013 1 poeng - BREEAM-NOR\",\"isPartOf\":{\"@id\":\"https:\/\/breeam-nor.byggalliansen.no\/v6\/#website\"},\"datePublished\":\"2025-05-02T11:17:44+00:00\",\"dateModified\":\"2025-07-03T13:49:08+00:00\",\"breadcrumb\":{\"@id\":\"https:\/\/breeam-nor.byggalliansen.no\/v6\/kategorier-og-emner\/arealbruk-og-okologi\/le-06-klimatilpasning\/monstergyldig-niva-helhetlig-respons-pa-klimaendringer-1-poeng\/#breadcrumb\"},\"inLanguage\":\"nb-NO\",\"potentialAction\":[{\"@type\":\"ReadAction\",\"target\":[\"https:\/\/breeam-nor.byggalliansen.no\/v6\/kategorier-og-emner\/arealbruk-og-okologi\/le-06-klimatilpasning\/monstergyldig-niva-helhetlig-respons-pa-klimaendringer-1-poeng\/\"]}]},{\"@type\":\"BreadcrumbList\",\"@id\":\"https:\/\/breeam-nor.byggalliansen.no\/v6\/kategorier-og-emner\/arealbruk-og-okologi\/le-06-klimatilpasning\/monstergyldig-niva-helhetlig-respons-pa-klimaendringer-1-poeng\/#breadcrumb\",\"itemListElement\":[{\"@type\":\"ListItem\",\"position\":1,\"name\":\"BREEAM-NOR\",\"item\":\"https:\/\/breeam-nor.byggalliansen.no\/v6\/\"},{\"@type\":\"ListItem\",\"position\":2,\"name\":\"Kategorier og emner\",\"item\":\"https:\/\/breeam-nor.byggalliansen.no\/v6\/kategorier-og-emner\/\"},{\"@type\":\"ListItem\",\"position\":3,\"name\":\"Arealbruk og \u00f8kologi\",\"item\":\"https:\/\/breeam-nor.byggalliansen.no\/v6\/kategorier-og-emner\/arealbruk-og-okologi\/\"},{\"@type\":\"ListItem\",\"position\":4,\"name\":\"LE 06 Klimatilpasning\u00a0\",\"item\":\"https:\/\/breeam-nor.byggalliansen.no\/v6\/kategorier-og-emner\/arealbruk-og-okologi\/le-06-klimatilpasning\/\"},{\"@type\":\"ListItem\",\"position\":5,\"name\":\"M\u00f8nstergyldig niv\u00e5: helhetlig respons p\u00e5 klimaendringer \u2013 1 poeng\"}]},{\"@type\":\"WebSite\",\"@id\":\"https:\/\/breeam-nor.byggalliansen.no\/v6\/#website\",\"url\":\"https:\/\/breeam-nor.byggalliansen.no\/v6\/\",\"name\":\"BREEAM-NOR\",\"description\":\"Versjon 6.1.1, 2024\",\"potentialAction\":[{\"@type\":\"SearchAction\",\"target\":{\"@type\":\"EntryPoint\",\"urlTemplate\":\"https:\/\/breeam-nor.byggalliansen.no\/v6\/?s={search_term_string}\"},\"query-input\":{\"@type\":\"PropertyValueSpecification\",\"valueRequired\":true,\"valueName\":\"search_term_string\"}}],\"inLanguage\":\"nb-NO\"}]}<\/script>\n<!-- \/ Yoast SEO plugin. -->","yoast_head_json":{"title":"M\u00f8nstergyldig niv\u00e5: helhetlig respons p\u00e5 klimaendringer \u2013 1 poeng - BREEAM-NOR","robots":{"index":"index","follow":"follow","max-snippet":"max-snippet:-1","max-image-preview":"max-image-preview:large","max-video-preview":"max-video-preview:-1"},"canonical":"https:\/\/breeam-nor.byggalliansen.no\/v6\/kategorier-og-emner\/arealbruk-og-okologi\/le-06-klimatilpasning\/monstergyldig-niva-helhetlig-respons-pa-klimaendringer-1-poeng\/","og_locale":"nb_NO","og_type":"article","og_title":"M\u00f8nstergyldig niv\u00e5: helhetlig respons p\u00e5 klimaendringer \u2013 1 poeng - BREEAM-NOR","og_description":"Tabell LE 06-01 Krav til kriterium 7 Emne Krav Sammenheng med LE 06 Hea 03 Termisk milj\u00f8 Kriterium 5\u20138 Hindre \u00f8kt fare for overoppheting. Ene 01 Bygningens energiytelse Minst 6 poeng, herunder oppn\u00e5else av kriterium 1\u20134 Passiv design. Optimalisere energieffektiviteten slik at det sannsynlige behovet dekkes med minst mulig karbonutslipp. Wat 01 Vannforbruk Minst 3 [&hellip;]","og_url":"https:\/\/breeam-nor.byggalliansen.no\/v6\/kategorier-og-emner\/arealbruk-og-okologi\/le-06-klimatilpasning\/monstergyldig-niva-helhetlig-respons-pa-klimaendringer-1-poeng\/","og_site_name":"BREEAM-NOR","article_modified_time":"2025-07-03T13:49:08+00:00","twitter_card":"summary_large_image","twitter_misc":{"Ansl. lesetid":"1 minutt"},"schema":{"@context":"https:\/\/schema.org","@graph":[{"@type":"WebPage","@id":"https:\/\/breeam-nor.byggalliansen.no\/v6\/kategorier-og-emner\/arealbruk-og-okologi\/le-06-klimatilpasning\/monstergyldig-niva-helhetlig-respons-pa-klimaendringer-1-poeng\/","url":"https:\/\/breeam-nor.byggalliansen.no\/v6\/kategorier-og-emner\/arealbruk-og-okologi\/le-06-klimatilpasning\/monstergyldig-niva-helhetlig-respons-pa-klimaendringer-1-poeng\/","name":"M\u00f8nstergyldig niv\u00e5: helhetlig respons p\u00e5 klimaendringer \u2013 1 poeng - BREEAM-NOR","isPartOf":{"@id":"https:\/\/breeam-nor.byggalliansen.no\/v6\/#website"},"datePublished":"2025-05-02T11:17:44+00:00","dateModified":"2025-07-03T13:49:08+00:00","breadcrumb":{"@id":"https:\/\/breeam-nor.byggalliansen.no\/v6\/kategorier-og-emner\/arealbruk-og-okologi\/le-06-klimatilpasning\/monstergyldig-niva-helhetlig-respons-pa-klimaendringer-1-poeng\/#breadcrumb"},"inLanguage":"nb-NO","potentialAction":[{"@type":"ReadAction","target":["https:\/\/breeam-nor.byggalliansen.no\/v6\/kategorier-og-emner\/arealbruk-og-okologi\/le-06-klimatilpasning\/monstergyldig-niva-helhetlig-respons-pa-klimaendringer-1-poeng\/"]}]},{"@type":"BreadcrumbList","@id":"https:\/\/breeam-nor.byggalliansen.no\/v6\/kategorier-og-emner\/arealbruk-og-okologi\/le-06-klimatilpasning\/monstergyldig-niva-helhetlig-respons-pa-klimaendringer-1-poeng\/#breadcrumb","itemListElement":[{"@type":"ListItem","position":1,"name":"BREEAM-NOR","item":"https:\/\/breeam-nor.byggalliansen.no\/v6\/"},{"@type":"ListItem","position":2,"name":"Kategorier og emner","item":"https:\/\/breeam-nor.byggalliansen.no\/v6\/kategorier-og-emner\/"},{"@type":"ListItem","position":3,"name":"Arealbruk og \u00f8kologi","item":"https:\/\/breeam-nor.byggalliansen.no\/v6\/kategorier-og-emner\/arealbruk-og-okologi\/"},{"@type":"ListItem","position":4,"name":"LE 06 Klimatilpasning\u00a0","item":"https:\/\/breeam-nor.byggalliansen.no\/v6\/kategorier-og-emner\/arealbruk-og-okologi\/le-06-klimatilpasning\/"},{"@type":"ListItem","position":5,"name":"M\u00f8nstergyldig niv\u00e5: helhetlig respons p\u00e5 klimaendringer \u2013 1 poeng"}]},{"@type":"WebSite","@id":"https:\/\/breeam-nor.byggalliansen.no\/v6\/#website","url":"https:\/\/breeam-nor.byggalliansen.no\/v6\/","name":"BREEAM-NOR","description":"Versjon 6.1.1, 2024","potentialAction":[{"@type":"SearchAction","target":{"@type":"EntryPoint","urlTemplate":"https:\/\/breeam-nor.byggalliansen.no\/v6\/?s={search_term_string}"},"query-input":{"@type":"PropertyValueSpecification","valueRequired":true,"valueName":"search_term_string"}}],"inLanguage":"nb-NO"}]}},"_links":{"self":[{"href":"https:\/\/breeam-nor.byggalliansen.no\/v6\/wp-json\/wp\/v2\/pages\/4997","targetHints":{"allow":["GET"]}}],"collection":[{"href":"https:\/\/breeam-nor.byggalliansen.no\/v6\/wp-json\/wp\/v2\/pages"}],"about":[{"href":"https:\/\/breeam-nor.byggalliansen.no\/v6\/wp-json\/wp\/v2\/types\/page"}],"author":[{"embeddable":true,"href":"https:\/\/breeam-nor.byggalliansen.no\/v6\/wp-json\/wp\/v2\/users\/5"}],"replies":[{"embeddable":true,"href":"https:\/\/breeam-nor.byggalliansen.no\/v6\/wp-json\/wp\/v2\/comments?post=4997"}],"version-history":[{"count":3,"href":"https:\/\/breeam-nor.byggalliansen.no\/v6\/wp-json\/wp\/v2\/pages\/4997\/revisions"}],"predecessor-version":[{"id":5895,"href":"https:\/\/breeam-nor.byggalliansen.no\/v6\/wp-json\/wp\/v2\/pages\/4997\/revisions\/5895"}],"up":[{"embeddable":true,"href":"https:\/\/breeam-nor.byggalliansen.no\/v6\/wp-json\/wp\/v2\/pages\/4759"}],"wp:attachment":[{"href":"https:\/\/breeam-nor.byggalliansen.no\/v6\/wp-json\/wp\/v2\/media?parent=4997"}],"wp:term":[{"taxonomy":"category","embeddable":true,"href":"https:\/\/breeam-nor.byggalliansen.no\/v6\/wp-json\/wp\/v2\/categories?post=4997"},{"taxonomy":"connection","embeddable":true,"href":"https:\/\/breeam-nor.byggalliansen.no\/v6\/wp-json\/wp\/v2\/connection?post=4997"}],"curies":[{"name":"wp","href":"https:\/\/api.w.org\/{rel}","templated":true}]}}