{"id":5029,"date":"2025-05-02T12:00:36","date_gmt":"2025-05-02T12:00:36","guid":{"rendered":"https:\/\/breeam-nor.byggalliansen.no\/v6\/?page_id=5029"},"modified":"2025-08-19T07:14:15","modified_gmt":"2025-08-19T07:14:15","slug":"mat-06-materialeffektivitet-og-ombruk","status":"publish","type":"page","link":"https:\/\/breeam-nor.byggalliansen.no\/v6\/kategorier-og-emner\/materialer\/mat-06-materialeffektivitet-og-ombruk\/","title":{"rendered":"Mat 06 Materialeffektivitet og ombruk\u00a0"},"content":{"rendered":"\n<figure class=\"wp-block-table is-style-core-borders\"><table class=\"has-fixed-layout\"><tbody><tr><td colspan=\"5\"><strong>Minstekrav<\/strong><\/td><\/tr><tr><td>Pass<\/td><td>Good<\/td><td>Very Good<\/td><td>Excellent<\/td><td>Outstanding<\/td><\/tr><tr><td>Krit. 1<\/td><td>Krit. 1<\/td><td>Krit. 1<\/td><td>Krit. 1\u20133&nbsp;<\/td><td>Krit. 1\u20133&nbsp;<\/td><\/tr><\/tbody><\/table><\/figure>\n\n\n    <div class=\"core-block-faq\">\n        <div class=\"core-block-faq-header\">\n            <h2> <\/h2>\n        <\/div>\n        <div class=\"core-block-faq-container\">\n                                <div class=\"faq-panel\">\n                            <h3>\n                                <button id=\"accordian-block_b9885e54ef6f72e3dd44e49b24ef7e36-1\" aria-expanded=\"false\" aria-controls=\"sec-block_b9885e54ef6f72e3dd44e49b24ef7e36-1\">\n                                    <span>Form\u00e5l<\/span>\n                                    <em class=\"zmdi zmdi-chevron-down\"><\/em>\n                                <\/button>\n                            <\/h3>\n                            <div id=\"sec-block_b9885e54ef6f72e3dd44e49b24ef7e36-1\" class=\"faq-panel-content\" role=\"region\" aria-labelledby=\"accordian-block_b9885e54ef6f72e3dd44e49b24ef7e36-1\">\n                                <div class=\"faq-panel-text\">\n                                    <p>Fremme ombruk og optimalisere bruk av nye materialer.<\/p>\n                                <\/div>\n                            <\/div>        \n                        <\/div> \n                                                <div class=\"faq-panel\">\n                            <h3>\n                                <button id=\"accordian-block_b9885e54ef6f72e3dd44e49b24ef7e36-2\" aria-expanded=\"false\" aria-controls=\"sec-block_b9885e54ef6f72e3dd44e49b24ef7e36-2\">\n                                    <span>Innredet\/uinnredet bygg<\/span>\n                                    <em class=\"zmdi zmdi-chevron-down\"><\/em>\n                                <\/button>\n                            <\/h3>\n                            <div id=\"sec-block_b9885e54ef6f72e3dd44e49b24ef7e36-2\" class=\"faq-panel-content\" role=\"region\" aria-labelledby=\"accordian-block_b9885e54ef6f72e3dd44e49b24ef7e36-2\">\n                                <div class=\"faq-panel-text\">\n                                    <p><!-- wp:table {\"className\":\"is-style-core-borders\"} --><\/p>\n<figure class=\"wp-block-table is-style-core-borders\">\n<table class=\"has-fixed-layout\">\n<tbody>\n<tr>\n<td><\/td>\n<td><strong>Innredet<\/strong><\/td>\n<td><strong>Uinnredet<\/strong><\/td>\n<td><strong>R\u00e5bygg<\/strong><\/td>\n<\/tr>\n<tr>\n<td>Gjeldende vurderingskriterier<\/td>\n<td>Alle<\/td>\n<td>Alle<\/td>\n<td>Alle<\/td>\n<\/tr>\n<tr>\n<td>S\u00e6rskilte notater<\/td>\n<td>Se notat 1.0<\/td>\n<td>Se notat 1.0<br \/>\nSe Vedlegg D<\/td>\n<td>Se notat 1.0<br \/>\nSe Vedlegg D<\/td>\n<\/tr>\n<\/tbody>\n<\/table>\n<p><!-- wp:table {\"className\":\"is-style-core-borders\"} --><\/p>\n<figure class=\"wp-block-table is-style-core-borders\">\n<table class=\"has-fixed-layout\">\n<tbody>\n<tr>\n<td colspan=\"2\"><strong>Notater for innredet\/uinnredet bygg<\/strong><\/td>\n<\/tr>\n<tr>\n<td>1.0<\/td>\n<td>Dersom det i l\u00f8pet av utviklers eierskap ikke vil bli utf\u00f8rt noen form for rivning p\u00e5 utbyggingsomr\u00e5det, slik at ombrukskartleggingen ikke kan gjennomf\u00f8res, vil poenget for ombrukskartlegging filtreres ut.<\/td>\n<\/tr>\n<\/tbody>\n<\/table>\n<\/figure>\n<p><!-- \/wp:table --><\/figure>\n<p><!-- \/wp:table --><\/p>\n                                <\/div>\n                            <\/div>        \n                        <\/div> \n                                                <div class=\"faq-panel\">\n                            <h3>\n                                <button id=\"accordian-block_b9885e54ef6f72e3dd44e49b24ef7e36-3\" aria-expanded=\"false\" aria-controls=\"sec-block_b9885e54ef6f72e3dd44e49b24ef7e36-3\">\n                                    <span>Spesielt for bygningstype<\/span>\n                                    <em class=\"zmdi zmdi-chevron-down\"><\/em>\n                                <\/button>\n                            <\/h3>\n                            <div id=\"sec-block_b9885e54ef6f72e3dd44e49b24ef7e36-3\" class=\"faq-panel-content\" role=\"region\" aria-labelledby=\"accordian-block_b9885e54ef6f72e3dd44e49b24ef7e36-3\">\n                                <div class=\"faq-panel-text\">\n                                    <p><!-- wp:table {\"className\":\"is-style-core-borders\"} --><\/p>\n<figure class=\"wp-block-table is-style-core-borders\">\n<table class=\"has-fixed-layout\">\n<tbody>\n<tr>\n<td colspan=\"2\"><strong>Notater for bygningstype<\/strong><\/td>\n<\/tr>\n<tr>\n<td>Ingen<\/td>\n<td><\/td>\n<\/tr>\n<\/tbody>\n<\/table>\n<\/figure>\n<p><!-- \/wp:table --><\/p>\n                                <\/div>\n                            <\/div>        \n                        <\/div> \n                                <\/div>\n    <\/div>\n\n\n\n<p><\/p>\n\n\n\n<p><\/p>\n","protected":false},"excerpt":{"rendered":"<p>Fremme ombruk og optimalisere bruk av nye materialer.\u00a0\u00a0<\/p>\n","protected":false},"author":6,"featured_media":0,"parent":4105,"menu_order":4,"comment_status":"closed","ping_status":"closed","template":"page-portaltable.php","meta":{"_acf_changed":false,"footnotes":""},"categories":[],"connection":[378],"class_list":["post-5029","page","type-page","status-publish","hentry","connection-6-6"],"acf":[],"yoast_head":"<!-- This site is optimized with the Yoast SEO plugin v25.4 - https:\/\/yoast.com\/wordpress\/plugins\/seo\/ -->\n<title>Mat 06 Materialeffektivitet og ombruk\u00a0 - BREEAM-NOR<\/title>\n<meta name=\"robots\" content=\"index, follow, max-snippet:-1, max-image-preview:large, max-video-preview:-1\" \/>\n<link rel=\"canonical\" href=\"https:\/\/breeam-nor.byggalliansen.no\/v6\/kategorier-og-emner\/materialer\/mat-06-materialeffektivitet-og-ombruk\/\" \/>\n<meta property=\"og:locale\" content=\"nb_NO\" \/>\n<meta property=\"og:type\" content=\"article\" \/>\n<meta property=\"og:title\" content=\"Mat 06 Materialeffektivitet og ombruk\u00a0 - BREEAM-NOR\" \/>\n<meta property=\"og:description\" content=\"Fremme ombruk og optimalisere bruk av nye materialer.\u00a0\u00a0\" \/>\n<meta property=\"og:url\" content=\"https:\/\/breeam-nor.byggalliansen.no\/v6\/kategorier-og-emner\/materialer\/mat-06-materialeffektivitet-og-ombruk\/\" \/>\n<meta property=\"og:site_name\" content=\"BREEAM-NOR\" \/>\n<meta property=\"article:modified_time\" content=\"2025-08-19T07:14:15+00:00\" \/>\n<meta name=\"twitter:card\" content=\"summary_large_image\" \/>\n<meta name=\"twitter:label1\" content=\"Ansl. lesetid\" \/>\n\t<meta name=\"twitter:data1\" content=\"1 minutt\" \/>\n<script type=\"application\/ld+json\" class=\"yoast-schema-graph\">{\"@context\":\"https:\/\/schema.org\",\"@graph\":[{\"@type\":\"WebPage\",\"@id\":\"https:\/\/breeam-nor.byggalliansen.no\/v6\/kategorier-og-emner\/materialer\/mat-06-materialeffektivitet-og-ombruk\/\",\"url\":\"https:\/\/breeam-nor.byggalliansen.no\/v6\/kategorier-og-emner\/materialer\/mat-06-materialeffektivitet-og-ombruk\/\",\"name\":\"Mat 06 Materialeffektivitet og ombruk\u00a0 - BREEAM-NOR\",\"isPartOf\":{\"@id\":\"https:\/\/breeam-nor.byggalliansen.no\/v6\/#website\"},\"datePublished\":\"2025-05-02T12:00:36+00:00\",\"dateModified\":\"2025-08-19T07:14:15+00:00\",\"breadcrumb\":{\"@id\":\"https:\/\/breeam-nor.byggalliansen.no\/v6\/kategorier-og-emner\/materialer\/mat-06-materialeffektivitet-og-ombruk\/#breadcrumb\"},\"inLanguage\":\"nb-NO\",\"potentialAction\":[{\"@type\":\"ReadAction\",\"target\":[\"https:\/\/breeam-nor.byggalliansen.no\/v6\/kategorier-og-emner\/materialer\/mat-06-materialeffektivitet-og-ombruk\/\"]}]},{\"@type\":\"BreadcrumbList\",\"@id\":\"https:\/\/breeam-nor.byggalliansen.no\/v6\/kategorier-og-emner\/materialer\/mat-06-materialeffektivitet-og-ombruk\/#breadcrumb\",\"itemListElement\":[{\"@type\":\"ListItem\",\"position\":1,\"name\":\"BREEAM-NOR\",\"item\":\"https:\/\/breeam-nor.byggalliansen.no\/v6\/\"},{\"@type\":\"ListItem\",\"position\":2,\"name\":\"Kategorier og emner\",\"item\":\"https:\/\/breeam-nor.byggalliansen.no\/v6\/kategorier-og-emner\/\"},{\"@type\":\"ListItem\",\"position\":3,\"name\":\"Materialer\",\"item\":\"https:\/\/breeam-nor.byggalliansen.no\/v6\/kategorier-og-emner\/materialer\/\"},{\"@type\":\"ListItem\",\"position\":4,\"name\":\"Mat 06 Materialeffektivitet og ombruk\u00a0\"}]},{\"@type\":\"WebSite\",\"@id\":\"https:\/\/breeam-nor.byggalliansen.no\/v6\/#website\",\"url\":\"https:\/\/breeam-nor.byggalliansen.no\/v6\/\",\"name\":\"BREEAM-NOR\",\"description\":\"Versjon 6.1.1, 2024\",\"potentialAction\":[{\"@type\":\"SearchAction\",\"target\":{\"@type\":\"EntryPoint\",\"urlTemplate\":\"https:\/\/breeam-nor.byggalliansen.no\/v6\/?s={search_term_string}\"},\"query-input\":{\"@type\":\"PropertyValueSpecification\",\"valueRequired\":true,\"valueName\":\"search_term_string\"}}],\"inLanguage\":\"nb-NO\"}]}<\/script>\n<!-- \/ Yoast SEO plugin. -->","yoast_head_json":{"title":"Mat 06 Materialeffektivitet og ombruk\u00a0 - BREEAM-NOR","robots":{"index":"index","follow":"follow","max-snippet":"max-snippet:-1","max-image-preview":"max-image-preview:large","max-video-preview":"max-video-preview:-1"},"canonical":"https:\/\/breeam-nor.byggalliansen.no\/v6\/kategorier-og-emner\/materialer\/mat-06-materialeffektivitet-og-ombruk\/","og_locale":"nb_NO","og_type":"article","og_title":"Mat 06 Materialeffektivitet og ombruk\u00a0 - BREEAM-NOR","og_description":"Fremme ombruk og optimalisere bruk av nye materialer.\u00a0\u00a0","og_url":"https:\/\/breeam-nor.byggalliansen.no\/v6\/kategorier-og-emner\/materialer\/mat-06-materialeffektivitet-og-ombruk\/","og_site_name":"BREEAM-NOR","article_modified_time":"2025-08-19T07:14:15+00:00","twitter_card":"summary_large_image","twitter_misc":{"Ansl. lesetid":"1 minutt"},"schema":{"@context":"https:\/\/schema.org","@graph":[{"@type":"WebPage","@id":"https:\/\/breeam-nor.byggalliansen.no\/v6\/kategorier-og-emner\/materialer\/mat-06-materialeffektivitet-og-ombruk\/","url":"https:\/\/breeam-nor.byggalliansen.no\/v6\/kategorier-og-emner\/materialer\/mat-06-materialeffektivitet-og-ombruk\/","name":"Mat 06 Materialeffektivitet og ombruk\u00a0 - BREEAM-NOR","isPartOf":{"@id":"https:\/\/breeam-nor.byggalliansen.no\/v6\/#website"},"datePublished":"2025-05-02T12:00:36+00:00","dateModified":"2025-08-19T07:14:15+00:00","breadcrumb":{"@id":"https:\/\/breeam-nor.byggalliansen.no\/v6\/kategorier-og-emner\/materialer\/mat-06-materialeffektivitet-og-ombruk\/#breadcrumb"},"inLanguage":"nb-NO","potentialAction":[{"@type":"ReadAction","target":["https:\/\/breeam-nor.byggalliansen.no\/v6\/kategorier-og-emner\/materialer\/mat-06-materialeffektivitet-og-ombruk\/"]}]},{"@type":"BreadcrumbList","@id":"https:\/\/breeam-nor.byggalliansen.no\/v6\/kategorier-og-emner\/materialer\/mat-06-materialeffektivitet-og-ombruk\/#breadcrumb","itemListElement":[{"@type":"ListItem","position":1,"name":"BREEAM-NOR","item":"https:\/\/breeam-nor.byggalliansen.no\/v6\/"},{"@type":"ListItem","position":2,"name":"Kategorier og emner","item":"https:\/\/breeam-nor.byggalliansen.no\/v6\/kategorier-og-emner\/"},{"@type":"ListItem","position":3,"name":"Materialer","item":"https:\/\/breeam-nor.byggalliansen.no\/v6\/kategorier-og-emner\/materialer\/"},{"@type":"ListItem","position":4,"name":"Mat 06 Materialeffektivitet og ombruk\u00a0"}]},{"@type":"WebSite","@id":"https:\/\/breeam-nor.byggalliansen.no\/v6\/#website","url":"https:\/\/breeam-nor.byggalliansen.no\/v6\/","name":"BREEAM-NOR","description":"Versjon 6.1.1, 2024","potentialAction":[{"@type":"SearchAction","target":{"@type":"EntryPoint","urlTemplate":"https:\/\/breeam-nor.byggalliansen.no\/v6\/?s={search_term_string}"},"query-input":{"@type":"PropertyValueSpecification","valueRequired":true,"valueName":"search_term_string"}}],"inLanguage":"nb-NO"}]}},"_links":{"self":[{"href":"https:\/\/breeam-nor.byggalliansen.no\/v6\/wp-json\/wp\/v2\/pages\/5029","targetHints":{"allow":["GET"]}}],"collection":[{"href":"https:\/\/breeam-nor.byggalliansen.no\/v6\/wp-json\/wp\/v2\/pages"}],"about":[{"href":"https:\/\/breeam-nor.byggalliansen.no\/v6\/wp-json\/wp\/v2\/types\/page"}],"author":[{"embeddable":true,"href":"https:\/\/breeam-nor.byggalliansen.no\/v6\/wp-json\/wp\/v2\/users\/6"}],"replies":[{"embeddable":true,"href":"https:\/\/breeam-nor.byggalliansen.no\/v6\/wp-json\/wp\/v2\/comments?post=5029"}],"version-history":[{"count":3,"href":"https:\/\/breeam-nor.byggalliansen.no\/v6\/wp-json\/wp\/v2\/pages\/5029\/revisions"}],"predecessor-version":[{"id":6007,"href":"https:\/\/breeam-nor.byggalliansen.no\/v6\/wp-json\/wp\/v2\/pages\/5029\/revisions\/6007"}],"up":[{"embeddable":true,"href":"https:\/\/breeam-nor.byggalliansen.no\/v6\/wp-json\/wp\/v2\/pages\/4105"}],"wp:attachment":[{"href":"https:\/\/breeam-nor.byggalliansen.no\/v6\/wp-json\/wp\/v2\/media?parent=5029"}],"wp:term":[{"taxonomy":"category","embeddable":true,"href":"https:\/\/breeam-nor.byggalliansen.no\/v6\/wp-json\/wp\/v2\/categories?post=5029"},{"taxonomy":"connection","embeddable":true,"href":"https:\/\/breeam-nor.byggalliansen.no\/v6\/wp-json\/wp\/v2\/connection?post=5029"}],"curies":[{"name":"wp","href":"https:\/\/api.w.org\/{rel}","templated":true}]}}