{"id":5043,"date":"2025-05-02T12:41:23","date_gmt":"2025-05-02T12:41:22","guid":{"rendered":"https:\/\/breeam-nor.byggalliansen.no\/v6\/?page_id=5043"},"modified":"2025-06-11T13:31:33","modified_gmt":"2025-06-11T13:31:33","slug":"livslopsvurderinger-av-bygget-lca","status":"publish","type":"page","link":"https:\/\/breeam-nor.byggalliansen.no\/v6\/kategorier-og-emner\/materialer\/mat-01-baerekraftige-materialvalg-lca-og-klimagassberegninger\/livslopsvurderinger-av-bygget-lca\/","title":{"rendered":"Livsl\u00f8psvurderinger av bygget (LCA)"},"content":{"rendered":"\n<ol start=\"5\" class=\"wp-block-list\">\n<li>Prosjektet bruker et forh\u00e5ndsgodkjent verkt\u00f8y (se Metode) for livsl\u00f8psvurdering (LCA) til \u00e5 vurdere byggets milj\u00f8p\u00e5virkninger over livsl\u00f8pet.\u00a0\u00a0<\/li>\n\n\n\n<li>LCA-en omfatter minst de obligatoriske bygningsdelene angitt i avsnittet \u00abMaterials assessment scope\u00bb i <dfn aria-describedby=\"desc-1747212966116-s4zl7ob1k\" data-definition=\"BREEAM International Mat 01-kalkulator\">BREEAM International Mat 01-kalkulatoren<\/dfn> dersom disse finnes i bygget (se Metode).\u00a0<\/li>\n\n\n\n<li>De obligatoriske kravene i avsnittet \u00abMaterial assessment tool\/method and data\u00bb i BREEAM International Mat 01-kalkulatoren er oppfylt.\u00a0<\/li>\n\n\n\n<li>Et medlem av prosjektgruppen benytter BREEAM International Mat 01-kalkulatoren til \u00e5 regne ut en poengsum basert p\u00e5 det benyttede LCA-verkt\u00f8yets robusthet og analysens omfang med hensyn til de vurderte elementene (se Metode). Poeng tildeles iht. Tabell Mat 01-02.\u00a0<\/li>\n<\/ol>\n\n\n\n<ol start=\"6\" class=\"wp-block-list\"><\/ol>\n\n\n\n<ol start=\"7\" class=\"wp-block-list\"><\/ol>\n\n\n\n<ol start=\"8\" class=\"wp-block-list\"><\/ol>\n\n\n\n<h5 class=\"wp-block-heading\">Tabell Mat 01-02 Prosentandel oppn\u00e5dde poeng i BREEAM International Mat 01-kalkulator og poeng tildelt&nbsp;<\/h5>\n\n\n\n<figure class=\"wp-block-table is-style-core-borders\"><table class=\"has-fixed-layout\"><thead><tr><th><strong>Prosentandel oppn\u00e5dde poeng i Mat 01-kalkulator (%)<\/strong>\u00a0<\/th><th><strong>Poeng<\/strong>\u00a0<\/th><\/tr><\/thead><tbody><tr><td>75&nbsp;<\/td><td>1&nbsp;<\/td><\/tr><tr><td>85&nbsp;<\/td><td>2&nbsp;<\/td><\/tr><\/tbody><\/table><\/figure>\n\n\n\n<p><\/p>\n","protected":false},"excerpt":{"rendered":"<p>Tabell Mat 01-02 Prosentandel oppn\u00e5dde poeng i BREEAM International Mat 01-kalkulator og poeng tildelt&nbsp; Prosentandel oppn\u00e5dde poeng i Mat 01-kalkulator (%)\u00a0 Poeng\u00a0 75&nbsp; 1&nbsp; 85&nbsp; 2&nbsp;<\/p>\n","protected":false},"author":6,"featured_media":0,"parent":4698,"menu_order":2,"comment_status":"closed","ping_status":"closed","template":"","meta":{"_acf_changed":false,"footnotes":""},"categories":[1],"connection":[186],"class_list":["post-5043","page","type-page","status-publish","hentry","category-kriterier","connection-6-1-4"],"acf":[],"yoast_head":"<!-- This site is optimized with the Yoast SEO plugin v25.4 - https:\/\/yoast.com\/wordpress\/plugins\/seo\/ -->\n<title>Livsl\u00f8psvurderinger av bygget (LCA) - BREEAM-NOR<\/title>\n<meta name=\"robots\" content=\"index, follow, max-snippet:-1, max-image-preview:large, max-video-preview:-1\" \/>\n<link rel=\"canonical\" href=\"http:\/\/breeam-nor.byggalliansen.no\/v6\/kategorier-og-emner\/materialer\/mat-01-baerekraftige-materialvalg-lca-og-klimagassberegninger\/livslopsvurderinger-av-bygget-lca\/\" \/>\n<meta property=\"og:locale\" content=\"nb_NO\" \/>\n<meta property=\"og:type\" content=\"article\" \/>\n<meta property=\"og:title\" content=\"Livsl\u00f8psvurderinger av bygget (LCA) - BREEAM-NOR\" \/>\n<meta property=\"og:description\" content=\"Tabell Mat 01-02 Prosentandel oppn\u00e5dde poeng i BREEAM International Mat 01-kalkulator og poeng tildelt&nbsp; Prosentandel oppn\u00e5dde poeng i Mat 01-kalkulator (%)\u00a0 Poeng\u00a0 75&nbsp; 1&nbsp; 85&nbsp; 2&nbsp;\" \/>\n<meta property=\"og:url\" content=\"http:\/\/breeam-nor.byggalliansen.no\/v6\/kategorier-og-emner\/materialer\/mat-01-baerekraftige-materialvalg-lca-og-klimagassberegninger\/livslopsvurderinger-av-bygget-lca\/\" \/>\n<meta property=\"og:site_name\" content=\"BREEAM-NOR\" \/>\n<meta property=\"article:modified_time\" content=\"2025-06-11T13:31:33+00:00\" \/>\n<meta name=\"twitter:card\" content=\"summary_large_image\" \/>\n<meta name=\"twitter:label1\" content=\"Ansl. lesetid\" \/>\n\t<meta name=\"twitter:data1\" content=\"1 minutt\" \/>\n<script type=\"application\/ld+json\" class=\"yoast-schema-graph\">{\"@context\":\"https:\/\/schema.org\",\"@graph\":[{\"@type\":\"WebPage\",\"@id\":\"http:\/\/breeam-nor.byggalliansen.no\/v6\/kategorier-og-emner\/materialer\/mat-01-baerekraftige-materialvalg-lca-og-klimagassberegninger\/livslopsvurderinger-av-bygget-lca\/\",\"url\":\"http:\/\/breeam-nor.byggalliansen.no\/v6\/kategorier-og-emner\/materialer\/mat-01-baerekraftige-materialvalg-lca-og-klimagassberegninger\/livslopsvurderinger-av-bygget-lca\/\",\"name\":\"Livsl\u00f8psvurderinger av bygget (LCA) - BREEAM-NOR\",\"isPartOf\":{\"@id\":\"https:\/\/breeam-nor.byggalliansen.no\/v6\/#website\"},\"datePublished\":\"2025-05-02T12:41:22+00:00\",\"dateModified\":\"2025-06-11T13:31:33+00:00\",\"breadcrumb\":{\"@id\":\"http:\/\/breeam-nor.byggalliansen.no\/v6\/kategorier-og-emner\/materialer\/mat-01-baerekraftige-materialvalg-lca-og-klimagassberegninger\/livslopsvurderinger-av-bygget-lca\/#breadcrumb\"},\"inLanguage\":\"nb-NO\",\"potentialAction\":[{\"@type\":\"ReadAction\",\"target\":[\"http:\/\/breeam-nor.byggalliansen.no\/v6\/kategorier-og-emner\/materialer\/mat-01-baerekraftige-materialvalg-lca-og-klimagassberegninger\/livslopsvurderinger-av-bygget-lca\/\"]}]},{\"@type\":\"BreadcrumbList\",\"@id\":\"http:\/\/breeam-nor.byggalliansen.no\/v6\/kategorier-og-emner\/materialer\/mat-01-baerekraftige-materialvalg-lca-og-klimagassberegninger\/livslopsvurderinger-av-bygget-lca\/#breadcrumb\",\"itemListElement\":[{\"@type\":\"ListItem\",\"position\":1,\"name\":\"BREEAM-NOR\",\"item\":\"https:\/\/breeam-nor.byggalliansen.no\/v6\/\"},{\"@type\":\"ListItem\",\"position\":2,\"name\":\"Kategorier og emner\",\"item\":\"https:\/\/breeam-nor.byggalliansen.no\/v6\/kategorier-og-emner\/\"},{\"@type\":\"ListItem\",\"position\":3,\"name\":\"Materialer\",\"item\":\"https:\/\/breeam-nor.byggalliansen.no\/v6\/kategorier-og-emner\/materialer\/\"},{\"@type\":\"ListItem\",\"position\":4,\"name\":\"Mat 01 B\u00e6rekraftige materialvalg \u2013 LCA og klimagassberegninger\u00a0\",\"item\":\"https:\/\/breeam-nor.byggalliansen.no\/v6\/kategorier-og-emner\/materialer\/mat-01-baerekraftige-materialvalg-lca-og-klimagassberegninger\/\"},{\"@type\":\"ListItem\",\"position\":5,\"name\":\"Livsl\u00f8psvurderinger av bygget (LCA)\"}]},{\"@type\":\"WebSite\",\"@id\":\"https:\/\/breeam-nor.byggalliansen.no\/v6\/#website\",\"url\":\"https:\/\/breeam-nor.byggalliansen.no\/v6\/\",\"name\":\"BREEAM-NOR\",\"description\":\"Versjon 6.1.1, 2024\",\"potentialAction\":[{\"@type\":\"SearchAction\",\"target\":{\"@type\":\"EntryPoint\",\"urlTemplate\":\"https:\/\/breeam-nor.byggalliansen.no\/v6\/?s={search_term_string}\"},\"query-input\":{\"@type\":\"PropertyValueSpecification\",\"valueRequired\":true,\"valueName\":\"search_term_string\"}}],\"inLanguage\":\"nb-NO\"}]}<\/script>\n<!-- \/ Yoast SEO plugin. -->","yoast_head_json":{"title":"Livsl\u00f8psvurderinger av bygget (LCA) - BREEAM-NOR","robots":{"index":"index","follow":"follow","max-snippet":"max-snippet:-1","max-image-preview":"max-image-preview:large","max-video-preview":"max-video-preview:-1"},"canonical":"http:\/\/breeam-nor.byggalliansen.no\/v6\/kategorier-og-emner\/materialer\/mat-01-baerekraftige-materialvalg-lca-og-klimagassberegninger\/livslopsvurderinger-av-bygget-lca\/","og_locale":"nb_NO","og_type":"article","og_title":"Livsl\u00f8psvurderinger av bygget (LCA) - BREEAM-NOR","og_description":"Tabell Mat 01-02 Prosentandel oppn\u00e5dde poeng i BREEAM International Mat 01-kalkulator og poeng tildelt&nbsp; Prosentandel oppn\u00e5dde poeng i Mat 01-kalkulator (%)\u00a0 Poeng\u00a0 75&nbsp; 1&nbsp; 85&nbsp; 2&nbsp;","og_url":"http:\/\/breeam-nor.byggalliansen.no\/v6\/kategorier-og-emner\/materialer\/mat-01-baerekraftige-materialvalg-lca-og-klimagassberegninger\/livslopsvurderinger-av-bygget-lca\/","og_site_name":"BREEAM-NOR","article_modified_time":"2025-06-11T13:31:33+00:00","twitter_card":"summary_large_image","twitter_misc":{"Ansl. lesetid":"1 minutt"},"schema":{"@context":"https:\/\/schema.org","@graph":[{"@type":"WebPage","@id":"http:\/\/breeam-nor.byggalliansen.no\/v6\/kategorier-og-emner\/materialer\/mat-01-baerekraftige-materialvalg-lca-og-klimagassberegninger\/livslopsvurderinger-av-bygget-lca\/","url":"http:\/\/breeam-nor.byggalliansen.no\/v6\/kategorier-og-emner\/materialer\/mat-01-baerekraftige-materialvalg-lca-og-klimagassberegninger\/livslopsvurderinger-av-bygget-lca\/","name":"Livsl\u00f8psvurderinger av bygget (LCA) - BREEAM-NOR","isPartOf":{"@id":"https:\/\/breeam-nor.byggalliansen.no\/v6\/#website"},"datePublished":"2025-05-02T12:41:22+00:00","dateModified":"2025-06-11T13:31:33+00:00","breadcrumb":{"@id":"http:\/\/breeam-nor.byggalliansen.no\/v6\/kategorier-og-emner\/materialer\/mat-01-baerekraftige-materialvalg-lca-og-klimagassberegninger\/livslopsvurderinger-av-bygget-lca\/#breadcrumb"},"inLanguage":"nb-NO","potentialAction":[{"@type":"ReadAction","target":["http:\/\/breeam-nor.byggalliansen.no\/v6\/kategorier-og-emner\/materialer\/mat-01-baerekraftige-materialvalg-lca-og-klimagassberegninger\/livslopsvurderinger-av-bygget-lca\/"]}]},{"@type":"BreadcrumbList","@id":"http:\/\/breeam-nor.byggalliansen.no\/v6\/kategorier-og-emner\/materialer\/mat-01-baerekraftige-materialvalg-lca-og-klimagassberegninger\/livslopsvurderinger-av-bygget-lca\/#breadcrumb","itemListElement":[{"@type":"ListItem","position":1,"name":"BREEAM-NOR","item":"https:\/\/breeam-nor.byggalliansen.no\/v6\/"},{"@type":"ListItem","position":2,"name":"Kategorier og emner","item":"https:\/\/breeam-nor.byggalliansen.no\/v6\/kategorier-og-emner\/"},{"@type":"ListItem","position":3,"name":"Materialer","item":"https:\/\/breeam-nor.byggalliansen.no\/v6\/kategorier-og-emner\/materialer\/"},{"@type":"ListItem","position":4,"name":"Mat 01 B\u00e6rekraftige materialvalg \u2013 LCA og klimagassberegninger\u00a0","item":"https:\/\/breeam-nor.byggalliansen.no\/v6\/kategorier-og-emner\/materialer\/mat-01-baerekraftige-materialvalg-lca-og-klimagassberegninger\/"},{"@type":"ListItem","position":5,"name":"Livsl\u00f8psvurderinger av bygget (LCA)"}]},{"@type":"WebSite","@id":"https:\/\/breeam-nor.byggalliansen.no\/v6\/#website","url":"https:\/\/breeam-nor.byggalliansen.no\/v6\/","name":"BREEAM-NOR","description":"Versjon 6.1.1, 2024","potentialAction":[{"@type":"SearchAction","target":{"@type":"EntryPoint","urlTemplate":"https:\/\/breeam-nor.byggalliansen.no\/v6\/?s={search_term_string}"},"query-input":{"@type":"PropertyValueSpecification","valueRequired":true,"valueName":"search_term_string"}}],"inLanguage":"nb-NO"}]}},"_links":{"self":[{"href":"https:\/\/breeam-nor.byggalliansen.no\/v6\/wp-json\/wp\/v2\/pages\/5043","targetHints":{"allow":["GET"]}}],"collection":[{"href":"https:\/\/breeam-nor.byggalliansen.no\/v6\/wp-json\/wp\/v2\/pages"}],"about":[{"href":"https:\/\/breeam-nor.byggalliansen.no\/v6\/wp-json\/wp\/v2\/types\/page"}],"author":[{"embeddable":true,"href":"https:\/\/breeam-nor.byggalliansen.no\/v6\/wp-json\/wp\/v2\/users\/6"}],"replies":[{"embeddable":true,"href":"https:\/\/breeam-nor.byggalliansen.no\/v6\/wp-json\/wp\/v2\/comments?post=5043"}],"version-history":[{"count":3,"href":"https:\/\/breeam-nor.byggalliansen.no\/v6\/wp-json\/wp\/v2\/pages\/5043\/revisions"}],"predecessor-version":[{"id":5817,"href":"https:\/\/breeam-nor.byggalliansen.no\/v6\/wp-json\/wp\/v2\/pages\/5043\/revisions\/5817"}],"up":[{"embeddable":true,"href":"https:\/\/breeam-nor.byggalliansen.no\/v6\/wp-json\/wp\/v2\/pages\/4698"}],"wp:attachment":[{"href":"https:\/\/breeam-nor.byggalliansen.no\/v6\/wp-json\/wp\/v2\/media?parent=5043"}],"wp:term":[{"taxonomy":"category","embeddable":true,"href":"https:\/\/breeam-nor.byggalliansen.no\/v6\/wp-json\/wp\/v2\/categories?post=5043"},{"taxonomy":"connection","embeddable":true,"href":"https:\/\/breeam-nor.byggalliansen.no\/v6\/wp-json\/wp\/v2\/connection?post=5043"}],"curies":[{"name":"wp","href":"https:\/\/api.w.org\/{rel}","templated":true}]}}