{"id":5088,"date":"2025-05-02T13:16:23","date_gmt":"2025-05-02T13:16:47","guid":{"rendered":"https:\/\/breeam-nor.byggalliansen.no\/v6\/?page_id=5088"},"modified":"2025-06-06T08:11:13","modified_gmt":"2025-06-06T08:11:13","slug":"monstergyldig-niva-helhetlig-tilnaerming-til-overvannshandtering-1-poeng","status":"publish","type":"page","link":"https:\/\/breeam-nor.byggalliansen.no\/v6\/kategorier-og-emner\/arealbruk-og-okologi\/le-08-lokal-overvannshandtering\/monstergyldig-niva-helhetlig-tilnaerming-til-overvannshandtering-1-poeng\/","title":{"rendered":"M\u00f8nstergyldig niv\u00e5: helhetlig tiln\u00e6rming til overvannsh\u00e5ndtering \u2013 1 poeng"},"content":{"rendered":"\n<ol start=\"10\" class=\"wp-block-list\">\n<li>Kriterium 4\u20137 er oppn\u00e5dd.<\/li>\n\n\n\n<li>Minst ett av f\u00f8lgende tiltak for helhetlige tiltak for overvannsh\u00e5ndtering er gjennomf\u00f8rt:\n<ol style=\"list-style-type:lower-alpha\" class=\"wp-block-list\">\n<li><span style=\"font-size: clamp(1rem, 0.9107rem + 0.2857vw, 1.125rem);, sans-serif\">Overvannsmengden fra utbyggingsomr\u00e5det reguleres ved hjelp av et overvannssystem basert p\u00e5 en \u00absmartdata\u00bb-infrastruktur ved bruk av digitale v\u00e6rdata\/satellittdata (Se Metode<\/span>).<\/li>\n\n\n\n<li><span style=\"font-size: clamp(1rem, 0.9107rem + 0.2857vw, 1.125rem);, sans-serif\">Utbyggingsomr\u00e5dets behov for fordr\u00f8yning og infiltrasjon er h\u00e5ndtert ved en l\u00f8sning som i tillegg har en vesentlig \u00f8kologisk og\/eller sosial funksjon (se Metode).<\/span><\/li>\n\n\n\n<li><span style=\"font-size: clamp(1rem, 0.9107rem + 0.2857vw, 1.125rem);, sans-serif\">L\u00f8sningen for overvannsh\u00e5ndtering inng\u00e5r som del av et vanningssystem for kommersiell dyrking eller matproduksjon og som inneb\u00e6rer minst 50 % reduksjon i behovet for kunstig vanning fra en offentlig vannkilde (se Metode).<\/span><\/li>\n\n\n\n<li>Futurebuilts kriteriesett for klimatilpasset og b\u00e6rekraftig overvannsh\u00e5ndtering, datert 23.10.2020, er oppfylt (se <a href=\"http:\/\/www.futurebuilt.no\">www.futurebuilt.no<\/a> for detaljer).<\/li>\n<\/ol>\n<\/li>\n\n\n\n<li>En omfattende og oppdatert plan for forvaltning og vedlikehold av l\u00f8sningene vil bli stilt til r\u00e5dighet for driftspersonell (og\/eller bygningens brukere hvis relevant).<\/li>\n<\/ol>\n\n\n\n<p><\/p>\n","protected":false},"excerpt":{"rendered":"","protected":false},"author":5,"featured_media":0,"parent":4761,"menu_order":4,"comment_status":"closed","ping_status":"closed","template":"","meta":{"_acf_changed":false,"footnotes":""},"categories":[1],"connection":[385],"class_list":["post-5088","page","type-page","status-publish","hentry","category-kriterier","connection-8-8-5"],"acf":[],"yoast_head":"<!-- This site is optimized with the Yoast SEO plugin v25.4 - https:\/\/yoast.com\/wordpress\/plugins\/seo\/ -->\n<title>M\u00f8nstergyldig niv\u00e5: helhetlig tiln\u00e6rming til overvannsh\u00e5ndtering \u2013 1 poeng - BREEAM-NOR<\/title>\n<meta name=\"robots\" content=\"index, follow, max-snippet:-1, max-image-preview:large, max-video-preview:-1\" \/>\n<link rel=\"canonical\" href=\"http:\/\/breeam-nor.byggalliansen.no\/v6\/kategorier-og-emner\/arealbruk-og-okologi\/le-08-lokal-overvannshandtering\/monstergyldig-niva-helhetlig-tilnaerming-til-overvannshandtering-1-poeng\/\" \/>\n<meta property=\"og:locale\" content=\"nb_NO\" \/>\n<meta property=\"og:type\" content=\"article\" \/>\n<meta property=\"og:title\" content=\"M\u00f8nstergyldig niv\u00e5: helhetlig tiln\u00e6rming til overvannsh\u00e5ndtering \u2013 1 poeng - BREEAM-NOR\" \/>\n<meta property=\"og:url\" content=\"http:\/\/breeam-nor.byggalliansen.no\/v6\/kategorier-og-emner\/arealbruk-og-okologi\/le-08-lokal-overvannshandtering\/monstergyldig-niva-helhetlig-tilnaerming-til-overvannshandtering-1-poeng\/\" \/>\n<meta property=\"og:site_name\" content=\"BREEAM-NOR\" \/>\n<meta property=\"article:modified_time\" content=\"2025-06-06T08:11:13+00:00\" \/>\n<meta name=\"twitter:card\" content=\"summary_large_image\" \/>\n<meta name=\"twitter:label1\" content=\"Ansl. lesetid\" \/>\n\t<meta name=\"twitter:data1\" content=\"1 minutt\" \/>\n<script type=\"application\/ld+json\" class=\"yoast-schema-graph\">{\"@context\":\"https:\/\/schema.org\",\"@graph\":[{\"@type\":\"WebPage\",\"@id\":\"http:\/\/breeam-nor.byggalliansen.no\/v6\/kategorier-og-emner\/arealbruk-og-okologi\/le-08-lokal-overvannshandtering\/monstergyldig-niva-helhetlig-tilnaerming-til-overvannshandtering-1-poeng\/\",\"url\":\"http:\/\/breeam-nor.byggalliansen.no\/v6\/kategorier-og-emner\/arealbruk-og-okologi\/le-08-lokal-overvannshandtering\/monstergyldig-niva-helhetlig-tilnaerming-til-overvannshandtering-1-poeng\/\",\"name\":\"M\u00f8nstergyldig niv\u00e5: helhetlig tiln\u00e6rming til overvannsh\u00e5ndtering \u2013 1 poeng - BREEAM-NOR\",\"isPartOf\":{\"@id\":\"https:\/\/breeam-nor.byggalliansen.no\/v6\/#website\"},\"datePublished\":\"2025-05-02T13:16:47+00:00\",\"dateModified\":\"2025-06-06T08:11:13+00:00\",\"breadcrumb\":{\"@id\":\"http:\/\/breeam-nor.byggalliansen.no\/v6\/kategorier-og-emner\/arealbruk-og-okologi\/le-08-lokal-overvannshandtering\/monstergyldig-niva-helhetlig-tilnaerming-til-overvannshandtering-1-poeng\/#breadcrumb\"},\"inLanguage\":\"nb-NO\",\"potentialAction\":[{\"@type\":\"ReadAction\",\"target\":[\"http:\/\/breeam-nor.byggalliansen.no\/v6\/kategorier-og-emner\/arealbruk-og-okologi\/le-08-lokal-overvannshandtering\/monstergyldig-niva-helhetlig-tilnaerming-til-overvannshandtering-1-poeng\/\"]}]},{\"@type\":\"BreadcrumbList\",\"@id\":\"http:\/\/breeam-nor.byggalliansen.no\/v6\/kategorier-og-emner\/arealbruk-og-okologi\/le-08-lokal-overvannshandtering\/monstergyldig-niva-helhetlig-tilnaerming-til-overvannshandtering-1-poeng\/#breadcrumb\",\"itemListElement\":[{\"@type\":\"ListItem\",\"position\":1,\"name\":\"BREEAM-NOR\",\"item\":\"https:\/\/breeam-nor.byggalliansen.no\/v6\/\"},{\"@type\":\"ListItem\",\"position\":2,\"name\":\"Kategorier og emner\",\"item\":\"https:\/\/breeam-nor.byggalliansen.no\/v6\/kategorier-og-emner\/\"},{\"@type\":\"ListItem\",\"position\":3,\"name\":\"Arealbruk og \u00f8kologi\",\"item\":\"https:\/\/breeam-nor.byggalliansen.no\/v6\/kategorier-og-emner\/arealbruk-og-okologi\/\"},{\"@type\":\"ListItem\",\"position\":4,\"name\":\"LE 08 Lokal overvannsh\u00e5ndtering\",\"item\":\"https:\/\/breeam-nor.byggalliansen.no\/v6\/kategorier-og-emner\/arealbruk-og-okologi\/le-08-lokal-overvannshandtering\/\"},{\"@type\":\"ListItem\",\"position\":5,\"name\":\"M\u00f8nstergyldig niv\u00e5: helhetlig tiln\u00e6rming til overvannsh\u00e5ndtering \u2013 1 poeng\"}]},{\"@type\":\"WebSite\",\"@id\":\"https:\/\/breeam-nor.byggalliansen.no\/v6\/#website\",\"url\":\"https:\/\/breeam-nor.byggalliansen.no\/v6\/\",\"name\":\"BREEAM-NOR\",\"description\":\"Versjon 6.1.1, 2024\",\"potentialAction\":[{\"@type\":\"SearchAction\",\"target\":{\"@type\":\"EntryPoint\",\"urlTemplate\":\"https:\/\/breeam-nor.byggalliansen.no\/v6\/?s={search_term_string}\"},\"query-input\":{\"@type\":\"PropertyValueSpecification\",\"valueRequired\":true,\"valueName\":\"search_term_string\"}}],\"inLanguage\":\"nb-NO\"}]}<\/script>\n<!-- \/ Yoast SEO plugin. -->","yoast_head_json":{"title":"M\u00f8nstergyldig niv\u00e5: helhetlig tiln\u00e6rming til overvannsh\u00e5ndtering \u2013 1 poeng - BREEAM-NOR","robots":{"index":"index","follow":"follow","max-snippet":"max-snippet:-1","max-image-preview":"max-image-preview:large","max-video-preview":"max-video-preview:-1"},"canonical":"http:\/\/breeam-nor.byggalliansen.no\/v6\/kategorier-og-emner\/arealbruk-og-okologi\/le-08-lokal-overvannshandtering\/monstergyldig-niva-helhetlig-tilnaerming-til-overvannshandtering-1-poeng\/","og_locale":"nb_NO","og_type":"article","og_title":"M\u00f8nstergyldig niv\u00e5: helhetlig tiln\u00e6rming til overvannsh\u00e5ndtering \u2013 1 poeng - BREEAM-NOR","og_url":"http:\/\/breeam-nor.byggalliansen.no\/v6\/kategorier-og-emner\/arealbruk-og-okologi\/le-08-lokal-overvannshandtering\/monstergyldig-niva-helhetlig-tilnaerming-til-overvannshandtering-1-poeng\/","og_site_name":"BREEAM-NOR","article_modified_time":"2025-06-06T08:11:13+00:00","twitter_card":"summary_large_image","twitter_misc":{"Ansl. lesetid":"1 minutt"},"schema":{"@context":"https:\/\/schema.org","@graph":[{"@type":"WebPage","@id":"http:\/\/breeam-nor.byggalliansen.no\/v6\/kategorier-og-emner\/arealbruk-og-okologi\/le-08-lokal-overvannshandtering\/monstergyldig-niva-helhetlig-tilnaerming-til-overvannshandtering-1-poeng\/","url":"http:\/\/breeam-nor.byggalliansen.no\/v6\/kategorier-og-emner\/arealbruk-og-okologi\/le-08-lokal-overvannshandtering\/monstergyldig-niva-helhetlig-tilnaerming-til-overvannshandtering-1-poeng\/","name":"M\u00f8nstergyldig niv\u00e5: helhetlig tiln\u00e6rming til overvannsh\u00e5ndtering \u2013 1 poeng - BREEAM-NOR","isPartOf":{"@id":"https:\/\/breeam-nor.byggalliansen.no\/v6\/#website"},"datePublished":"2025-05-02T13:16:47+00:00","dateModified":"2025-06-06T08:11:13+00:00","breadcrumb":{"@id":"http:\/\/breeam-nor.byggalliansen.no\/v6\/kategorier-og-emner\/arealbruk-og-okologi\/le-08-lokal-overvannshandtering\/monstergyldig-niva-helhetlig-tilnaerming-til-overvannshandtering-1-poeng\/#breadcrumb"},"inLanguage":"nb-NO","potentialAction":[{"@type":"ReadAction","target":["http:\/\/breeam-nor.byggalliansen.no\/v6\/kategorier-og-emner\/arealbruk-og-okologi\/le-08-lokal-overvannshandtering\/monstergyldig-niva-helhetlig-tilnaerming-til-overvannshandtering-1-poeng\/"]}]},{"@type":"BreadcrumbList","@id":"http:\/\/breeam-nor.byggalliansen.no\/v6\/kategorier-og-emner\/arealbruk-og-okologi\/le-08-lokal-overvannshandtering\/monstergyldig-niva-helhetlig-tilnaerming-til-overvannshandtering-1-poeng\/#breadcrumb","itemListElement":[{"@type":"ListItem","position":1,"name":"BREEAM-NOR","item":"https:\/\/breeam-nor.byggalliansen.no\/v6\/"},{"@type":"ListItem","position":2,"name":"Kategorier og emner","item":"https:\/\/breeam-nor.byggalliansen.no\/v6\/kategorier-og-emner\/"},{"@type":"ListItem","position":3,"name":"Arealbruk og \u00f8kologi","item":"https:\/\/breeam-nor.byggalliansen.no\/v6\/kategorier-og-emner\/arealbruk-og-okologi\/"},{"@type":"ListItem","position":4,"name":"LE 08 Lokal overvannsh\u00e5ndtering","item":"https:\/\/breeam-nor.byggalliansen.no\/v6\/kategorier-og-emner\/arealbruk-og-okologi\/le-08-lokal-overvannshandtering\/"},{"@type":"ListItem","position":5,"name":"M\u00f8nstergyldig niv\u00e5: helhetlig tiln\u00e6rming til overvannsh\u00e5ndtering \u2013 1 poeng"}]},{"@type":"WebSite","@id":"https:\/\/breeam-nor.byggalliansen.no\/v6\/#website","url":"https:\/\/breeam-nor.byggalliansen.no\/v6\/","name":"BREEAM-NOR","description":"Versjon 6.1.1, 2024","potentialAction":[{"@type":"SearchAction","target":{"@type":"EntryPoint","urlTemplate":"https:\/\/breeam-nor.byggalliansen.no\/v6\/?s={search_term_string}"},"query-input":{"@type":"PropertyValueSpecification","valueRequired":true,"valueName":"search_term_string"}}],"inLanguage":"nb-NO"}]}},"_links":{"self":[{"href":"https:\/\/breeam-nor.byggalliansen.no\/v6\/wp-json\/wp\/v2\/pages\/5088","targetHints":{"allow":["GET"]}}],"collection":[{"href":"https:\/\/breeam-nor.byggalliansen.no\/v6\/wp-json\/wp\/v2\/pages"}],"about":[{"href":"https:\/\/breeam-nor.byggalliansen.no\/v6\/wp-json\/wp\/v2\/types\/page"}],"author":[{"embeddable":true,"href":"https:\/\/breeam-nor.byggalliansen.no\/v6\/wp-json\/wp\/v2\/users\/5"}],"replies":[{"embeddable":true,"href":"https:\/\/breeam-nor.byggalliansen.no\/v6\/wp-json\/wp\/v2\/comments?post=5088"}],"version-history":[{"count":3,"href":"https:\/\/breeam-nor.byggalliansen.no\/v6\/wp-json\/wp\/v2\/pages\/5088\/revisions"}],"predecessor-version":[{"id":5115,"href":"https:\/\/breeam-nor.byggalliansen.no\/v6\/wp-json\/wp\/v2\/pages\/5088\/revisions\/5115"}],"up":[{"embeddable":true,"href":"https:\/\/breeam-nor.byggalliansen.no\/v6\/wp-json\/wp\/v2\/pages\/4761"}],"wp:attachment":[{"href":"https:\/\/breeam-nor.byggalliansen.no\/v6\/wp-json\/wp\/v2\/media?parent=5088"}],"wp:term":[{"taxonomy":"category","embeddable":true,"href":"https:\/\/breeam-nor.byggalliansen.no\/v6\/wp-json\/wp\/v2\/categories?post=5088"},{"taxonomy":"connection","embeddable":true,"href":"https:\/\/breeam-nor.byggalliansen.no\/v6\/wp-json\/wp\/v2\/connection?post=5088"}],"curies":[{"name":"wp","href":"https:\/\/api.w.org\/{rel}","templated":true}]}}