{"id":5108,"date":"2025-05-02T13:25:23","date_gmt":"2025-05-02T13:25:58","guid":{"rendered":"https:\/\/breeam-nor.byggalliansen.no\/v6\/?page_id=5108"},"modified":"2025-06-11T13:32:40","modified_gmt":"2025-06-11T13:32:40","slug":"ansvarlig-innkjop-av-relevante-materialer","status":"publish","type":"page","link":"https:\/\/breeam-nor.byggalliansen.no\/v6\/kategorier-og-emner\/materialer\/mat-03-ansvarlig-innkjop-av-materialer\/ansvarlig-innkjop-av-relevante-materialer\/","title":{"rendered":"Ansvarlig innkj\u00f8p av relevante materialer"},"content":{"rendered":"\n<ol start=\"3\" class=\"wp-block-list\">\n<li>Bruk Mat 03-kalkulatoren for \u00e5 bestemme antall omr\u00e5depoeng oppn\u00e5dd for relevante materialer som er innkj\u00f8pt p\u00e5 en ansvarlig m\u00e5te (se Metode). Poeng tildeles etter antall oppn\u00e5dde omr\u00e5depoeng, som angitt i Mat 03-01.&nbsp;<\/li>\n<\/ol>\n\n\n\n<h5 class=\"wp-block-heading\">Tabell Mat 03-01 BREEAM-poeng tilgjengelig for antall oppn\u00e5dde omr\u00e5depoeng i Mat 03-kalkulatoren&nbsp;&nbsp;<\/h5>\n\n\n\n<figure class=\"wp-block-table is-style-core-borders\"><table class=\"has-fixed-layout\"><thead><tr><th><strong>Poeng<\/strong><\/th><th><strong>Oppn\u00e5dde omr\u00e5depoeng<\/strong>\u00a0<\/th><\/tr><\/thead><tbody><tr><td>2&nbsp;<\/td><td>15&nbsp;<\/td><\/tr><tr><td>1&nbsp;<\/td><td>10&nbsp;<\/td><\/tr><\/tbody><\/table><\/figure>\n\n\n\n<p><\/p>\n","protected":false},"excerpt":{"rendered":"<p>Tabell Mat 03-01 BREEAM-poeng tilgjengelig for antall oppn\u00e5dde omr\u00e5depoeng i Mat 03-kalkulatoren&nbsp;&nbsp; Poeng Oppn\u00e5dde omr\u00e5depoeng\u00a0 2&nbsp; 15&nbsp; 1&nbsp; 10&nbsp;<\/p>\n","protected":false},"author":6,"featured_media":0,"parent":4704,"menu_order":2,"comment_status":"closed","ping_status":"closed","template":"","meta":{"_acf_changed":false,"footnotes":""},"categories":[1],"connection":[408],"class_list":["post-5108","page","type-page","status-publish","hentry","category-kriterier","connection-6-3-3"],"acf":[],"yoast_head":"<!-- This site is optimized with the Yoast SEO plugin v25.4 - https:\/\/yoast.com\/wordpress\/plugins\/seo\/ -->\n<title>Ansvarlig innkj\u00f8p av relevante materialer - BREEAM-NOR<\/title>\n<meta name=\"robots\" content=\"index, follow, max-snippet:-1, max-image-preview:large, max-video-preview:-1\" \/>\n<link rel=\"canonical\" href=\"https:\/\/breeam-nor.byggalliansen.no\/v6\/kategorier-og-emner\/materialer\/mat-03-ansvarlig-innkjop-av-materialer\/ansvarlig-innkjop-av-relevante-materialer\/\" \/>\n<meta property=\"og:locale\" content=\"nb_NO\" \/>\n<meta property=\"og:type\" content=\"article\" \/>\n<meta property=\"og:title\" content=\"Ansvarlig innkj\u00f8p av relevante materialer - BREEAM-NOR\" \/>\n<meta property=\"og:description\" content=\"Tabell Mat 03-01 BREEAM-poeng tilgjengelig for antall oppn\u00e5dde omr\u00e5depoeng i Mat 03-kalkulatoren&nbsp;&nbsp; Poeng Oppn\u00e5dde omr\u00e5depoeng\u00a0 2&nbsp; 15&nbsp; 1&nbsp; 10&nbsp;\" \/>\n<meta property=\"og:url\" content=\"https:\/\/breeam-nor.byggalliansen.no\/v6\/kategorier-og-emner\/materialer\/mat-03-ansvarlig-innkjop-av-materialer\/ansvarlig-innkjop-av-relevante-materialer\/\" \/>\n<meta property=\"og:site_name\" content=\"BREEAM-NOR\" \/>\n<meta property=\"article:modified_time\" content=\"2025-06-11T13:32:40+00:00\" \/>\n<meta name=\"twitter:card\" content=\"summary_large_image\" \/>\n<meta name=\"twitter:label1\" content=\"Ansl. lesetid\" \/>\n\t<meta name=\"twitter:data1\" content=\"1 minutt\" \/>\n<script type=\"application\/ld+json\" class=\"yoast-schema-graph\">{\"@context\":\"https:\/\/schema.org\",\"@graph\":[{\"@type\":\"WebPage\",\"@id\":\"https:\/\/breeam-nor.byggalliansen.no\/v6\/kategorier-og-emner\/materialer\/mat-03-ansvarlig-innkjop-av-materialer\/ansvarlig-innkjop-av-relevante-materialer\/\",\"url\":\"https:\/\/breeam-nor.byggalliansen.no\/v6\/kategorier-og-emner\/materialer\/mat-03-ansvarlig-innkjop-av-materialer\/ansvarlig-innkjop-av-relevante-materialer\/\",\"name\":\"Ansvarlig innkj\u00f8p av relevante materialer - BREEAM-NOR\",\"isPartOf\":{\"@id\":\"https:\/\/breeam-nor.byggalliansen.no\/v6\/#website\"},\"datePublished\":\"2025-05-02T13:25:58+00:00\",\"dateModified\":\"2025-06-11T13:32:40+00:00\",\"breadcrumb\":{\"@id\":\"https:\/\/breeam-nor.byggalliansen.no\/v6\/kategorier-og-emner\/materialer\/mat-03-ansvarlig-innkjop-av-materialer\/ansvarlig-innkjop-av-relevante-materialer\/#breadcrumb\"},\"inLanguage\":\"nb-NO\",\"potentialAction\":[{\"@type\":\"ReadAction\",\"target\":[\"https:\/\/breeam-nor.byggalliansen.no\/v6\/kategorier-og-emner\/materialer\/mat-03-ansvarlig-innkjop-av-materialer\/ansvarlig-innkjop-av-relevante-materialer\/\"]}]},{\"@type\":\"BreadcrumbList\",\"@id\":\"https:\/\/breeam-nor.byggalliansen.no\/v6\/kategorier-og-emner\/materialer\/mat-03-ansvarlig-innkjop-av-materialer\/ansvarlig-innkjop-av-relevante-materialer\/#breadcrumb\",\"itemListElement\":[{\"@type\":\"ListItem\",\"position\":1,\"name\":\"BREEAM-NOR\",\"item\":\"https:\/\/breeam-nor.byggalliansen.no\/v6\/\"},{\"@type\":\"ListItem\",\"position\":2,\"name\":\"Kategorier og emner\",\"item\":\"https:\/\/breeam-nor.byggalliansen.no\/v6\/kategorier-og-emner\/\"},{\"@type\":\"ListItem\",\"position\":3,\"name\":\"Materialer\",\"item\":\"https:\/\/breeam-nor.byggalliansen.no\/v6\/kategorier-og-emner\/materialer\/\"},{\"@type\":\"ListItem\",\"position\":4,\"name\":\"Mat 03 Ansvarlig innkj\u00f8p av materialer\u00a0\",\"item\":\"http:\/\/breeam-nor.byggalliansen.no\/v6\/kategorier-og-emner\/materialer\/mat-03-ansvarlig-innkjop-av-materialer\/\"},{\"@type\":\"ListItem\",\"position\":5,\"name\":\"Ansvarlig innkj\u00f8p av relevante materialer\"}]},{\"@type\":\"WebSite\",\"@id\":\"https:\/\/breeam-nor.byggalliansen.no\/v6\/#website\",\"url\":\"https:\/\/breeam-nor.byggalliansen.no\/v6\/\",\"name\":\"BREEAM-NOR\",\"description\":\"Versjon 6.1.1, 2024\",\"potentialAction\":[{\"@type\":\"SearchAction\",\"target\":{\"@type\":\"EntryPoint\",\"urlTemplate\":\"https:\/\/breeam-nor.byggalliansen.no\/v6\/?s={search_term_string}\"},\"query-input\":{\"@type\":\"PropertyValueSpecification\",\"valueRequired\":true,\"valueName\":\"search_term_string\"}}],\"inLanguage\":\"nb-NO\"}]}<\/script>\n<!-- \/ Yoast SEO plugin. -->","yoast_head_json":{"title":"Ansvarlig innkj\u00f8p av relevante materialer - BREEAM-NOR","robots":{"index":"index","follow":"follow","max-snippet":"max-snippet:-1","max-image-preview":"max-image-preview:large","max-video-preview":"max-video-preview:-1"},"canonical":"https:\/\/breeam-nor.byggalliansen.no\/v6\/kategorier-og-emner\/materialer\/mat-03-ansvarlig-innkjop-av-materialer\/ansvarlig-innkjop-av-relevante-materialer\/","og_locale":"nb_NO","og_type":"article","og_title":"Ansvarlig innkj\u00f8p av relevante materialer - BREEAM-NOR","og_description":"Tabell Mat 03-01 BREEAM-poeng tilgjengelig for antall oppn\u00e5dde omr\u00e5depoeng i Mat 03-kalkulatoren&nbsp;&nbsp; Poeng Oppn\u00e5dde omr\u00e5depoeng\u00a0 2&nbsp; 15&nbsp; 1&nbsp; 10&nbsp;","og_url":"https:\/\/breeam-nor.byggalliansen.no\/v6\/kategorier-og-emner\/materialer\/mat-03-ansvarlig-innkjop-av-materialer\/ansvarlig-innkjop-av-relevante-materialer\/","og_site_name":"BREEAM-NOR","article_modified_time":"2025-06-11T13:32:40+00:00","twitter_card":"summary_large_image","twitter_misc":{"Ansl. lesetid":"1 minutt"},"schema":{"@context":"https:\/\/schema.org","@graph":[{"@type":"WebPage","@id":"https:\/\/breeam-nor.byggalliansen.no\/v6\/kategorier-og-emner\/materialer\/mat-03-ansvarlig-innkjop-av-materialer\/ansvarlig-innkjop-av-relevante-materialer\/","url":"https:\/\/breeam-nor.byggalliansen.no\/v6\/kategorier-og-emner\/materialer\/mat-03-ansvarlig-innkjop-av-materialer\/ansvarlig-innkjop-av-relevante-materialer\/","name":"Ansvarlig innkj\u00f8p av relevante materialer - BREEAM-NOR","isPartOf":{"@id":"https:\/\/breeam-nor.byggalliansen.no\/v6\/#website"},"datePublished":"2025-05-02T13:25:58+00:00","dateModified":"2025-06-11T13:32:40+00:00","breadcrumb":{"@id":"https:\/\/breeam-nor.byggalliansen.no\/v6\/kategorier-og-emner\/materialer\/mat-03-ansvarlig-innkjop-av-materialer\/ansvarlig-innkjop-av-relevante-materialer\/#breadcrumb"},"inLanguage":"nb-NO","potentialAction":[{"@type":"ReadAction","target":["https:\/\/breeam-nor.byggalliansen.no\/v6\/kategorier-og-emner\/materialer\/mat-03-ansvarlig-innkjop-av-materialer\/ansvarlig-innkjop-av-relevante-materialer\/"]}]},{"@type":"BreadcrumbList","@id":"https:\/\/breeam-nor.byggalliansen.no\/v6\/kategorier-og-emner\/materialer\/mat-03-ansvarlig-innkjop-av-materialer\/ansvarlig-innkjop-av-relevante-materialer\/#breadcrumb","itemListElement":[{"@type":"ListItem","position":1,"name":"BREEAM-NOR","item":"https:\/\/breeam-nor.byggalliansen.no\/v6\/"},{"@type":"ListItem","position":2,"name":"Kategorier og emner","item":"https:\/\/breeam-nor.byggalliansen.no\/v6\/kategorier-og-emner\/"},{"@type":"ListItem","position":3,"name":"Materialer","item":"https:\/\/breeam-nor.byggalliansen.no\/v6\/kategorier-og-emner\/materialer\/"},{"@type":"ListItem","position":4,"name":"Mat 03 Ansvarlig innkj\u00f8p av materialer\u00a0","item":"http:\/\/breeam-nor.byggalliansen.no\/v6\/kategorier-og-emner\/materialer\/mat-03-ansvarlig-innkjop-av-materialer\/"},{"@type":"ListItem","position":5,"name":"Ansvarlig innkj\u00f8p av relevante materialer"}]},{"@type":"WebSite","@id":"https:\/\/breeam-nor.byggalliansen.no\/v6\/#website","url":"https:\/\/breeam-nor.byggalliansen.no\/v6\/","name":"BREEAM-NOR","description":"Versjon 6.1.1, 2024","potentialAction":[{"@type":"SearchAction","target":{"@type":"EntryPoint","urlTemplate":"https:\/\/breeam-nor.byggalliansen.no\/v6\/?s={search_term_string}"},"query-input":{"@type":"PropertyValueSpecification","valueRequired":true,"valueName":"search_term_string"}}],"inLanguage":"nb-NO"}]}},"_links":{"self":[{"href":"https:\/\/breeam-nor.byggalliansen.no\/v6\/wp-json\/wp\/v2\/pages\/5108","targetHints":{"allow":["GET"]}}],"collection":[{"href":"https:\/\/breeam-nor.byggalliansen.no\/v6\/wp-json\/wp\/v2\/pages"}],"about":[{"href":"https:\/\/breeam-nor.byggalliansen.no\/v6\/wp-json\/wp\/v2\/types\/page"}],"author":[{"embeddable":true,"href":"https:\/\/breeam-nor.byggalliansen.no\/v6\/wp-json\/wp\/v2\/users\/6"}],"replies":[{"embeddable":true,"href":"https:\/\/breeam-nor.byggalliansen.no\/v6\/wp-json\/wp\/v2\/comments?post=5108"}],"version-history":[{"count":3,"href":"https:\/\/breeam-nor.byggalliansen.no\/v6\/wp-json\/wp\/v2\/pages\/5108\/revisions"}],"predecessor-version":[{"id":5819,"href":"https:\/\/breeam-nor.byggalliansen.no\/v6\/wp-json\/wp\/v2\/pages\/5108\/revisions\/5819"}],"up":[{"embeddable":true,"href":"https:\/\/breeam-nor.byggalliansen.no\/v6\/wp-json\/wp\/v2\/pages\/4704"}],"wp:attachment":[{"href":"https:\/\/breeam-nor.byggalliansen.no\/v6\/wp-json\/wp\/v2\/media?parent=5108"}],"wp:term":[{"taxonomy":"category","embeddable":true,"href":"https:\/\/breeam-nor.byggalliansen.no\/v6\/wp-json\/wp\/v2\/categories?post=5108"},{"taxonomy":"connection","embeddable":true,"href":"https:\/\/breeam-nor.byggalliansen.no\/v6\/wp-json\/wp\/v2\/connection?post=5108"}],"curies":[{"name":"wp","href":"https:\/\/api.w.org\/{rel}","templated":true}]}}