{"id":5113,"date":"2025-05-02T13:32:23","date_gmt":"2025-05-02T13:32:13","guid":{"rendered":"https:\/\/breeam-nor.byggalliansen.no\/v6\/?page_id=5113"},"modified":"2025-06-06T08:05:47","modified_gmt":"2025-06-06T08:05:47","slug":"beskytte-utsatte-deler-av-bygningen-mot-skade","status":"publish","type":"page","link":"https:\/\/breeam-nor.byggalliansen.no\/v6\/kategorier-og-emner\/materialer\/mat-05-robust-og-klimatilpasset-konstruksjon\/beskytte-utsatte-deler-av-bygningen-mot-skade\/","title":{"rendered":"Beskytte utsatte deler av bygningen mot skade"},"content":{"rendered":"\n<ol start=\"2\" class=\"wp-block-list\">\n<li>I samsvar med resultatet fra risikoanalysen er det gjort tiltak (se Metode) under prosjektering og bygging for \u00e5 redusere skade p\u00e5 bygningskroppen eller materialer ved utilsiktede eller <dfn aria-describedby=\"desc-1747214474397-726efuc4f\" data-definition=\"Tilsiktede hendelser\">tilsiktede hendelser<\/dfn> (se Tilleggsinformasjon). Disse tiltakene m\u00e5 beskytte mot&nbsp;\n<ol style=\"list-style-type:lower-alpha\" class=\"wp-block-list\">\n<li>negative effekter som f\u00f8lge av et h\u00f8yt antall brukere i relevante bygningsarealer. Dette kan v\u00e6re korridorer, heiser, trapper, d\u00f8rer osv.;&nbsp;<\/li>\n\n\n\n<li>skade som skyldes kj\u00f8ret\u00f8y\/vogner\/traller som beveger seg innend\u00f8rs innenfor 1 meter fra innvendige bygningsdeler i f.eks. lagre, i leveringsomr\u00e5der, korridorer og kj\u00f8kkenomr\u00e5der;&nbsp;<\/li>\n\n\n\n<li>skade p\u00e5 utvendig bygningskropp for\u00e5rsaket av kj\u00f8ret\u00f8y. Beskyttelsestiltak er spesifisert der parkerings- eller man\u00f8vreringsomr\u00e5der er innenfor 1 meter fra byggets fasade, og der leveringsomr\u00e5der eller -veier er innenfor 2 meter fra fasaden, f.eks. stolper eller beskyttelsesskinner;&nbsp;<\/li>\n\n\n\n<li>potensiell tilsiktet skade p\u00e5 byggematerialer og overflatebehandling i offentlige omr\u00e5der og fellesomr\u00e5der der dette er relevant.&nbsp;<\/li>\n<\/ol>\n<\/li>\n<\/ol>\n\n\n\n<p><\/p>\n","protected":false},"excerpt":{"rendered":"","protected":false},"author":6,"featured_media":0,"parent":4706,"menu_order":1,"comment_status":"closed","ping_status":"closed","template":"","meta":{"_acf_changed":false,"footnotes":""},"categories":[1],"connection":[410],"class_list":["post-5113","page","type-page","status-publish","hentry","category-kriterier","connection-6-5-2"],"acf":[],"yoast_head":"<!-- This site is optimized with the Yoast SEO plugin v25.4 - https:\/\/yoast.com\/wordpress\/plugins\/seo\/ -->\n<title>Beskytte utsatte deler av bygningen mot skade - BREEAM-NOR<\/title>\n<meta name=\"robots\" content=\"index, follow, max-snippet:-1, max-image-preview:large, max-video-preview:-1\" \/>\n<link rel=\"canonical\" href=\"https:\/\/breeam-nor.byggalliansen.no\/v6\/kategorier-og-emner\/materialer\/mat-05-robust-og-klimatilpasset-konstruksjon\/beskytte-utsatte-deler-av-bygningen-mot-skade\/\" \/>\n<meta property=\"og:locale\" content=\"nb_NO\" \/>\n<meta property=\"og:type\" content=\"article\" \/>\n<meta property=\"og:title\" content=\"Beskytte utsatte deler av bygningen mot skade - BREEAM-NOR\" \/>\n<meta property=\"og:url\" content=\"https:\/\/breeam-nor.byggalliansen.no\/v6\/kategorier-og-emner\/materialer\/mat-05-robust-og-klimatilpasset-konstruksjon\/beskytte-utsatte-deler-av-bygningen-mot-skade\/\" \/>\n<meta property=\"og:site_name\" content=\"BREEAM-NOR\" \/>\n<meta property=\"article:modified_time\" content=\"2025-06-06T08:05:47+00:00\" \/>\n<meta name=\"twitter:card\" content=\"summary_large_image\" \/>\n<meta name=\"twitter:label1\" content=\"Ansl. lesetid\" \/>\n\t<meta name=\"twitter:data1\" content=\"1 minutt\" \/>\n<script type=\"application\/ld+json\" class=\"yoast-schema-graph\">{\"@context\":\"https:\/\/schema.org\",\"@graph\":[{\"@type\":\"WebPage\",\"@id\":\"https:\/\/breeam-nor.byggalliansen.no\/v6\/kategorier-og-emner\/materialer\/mat-05-robust-og-klimatilpasset-konstruksjon\/beskytte-utsatte-deler-av-bygningen-mot-skade\/\",\"url\":\"https:\/\/breeam-nor.byggalliansen.no\/v6\/kategorier-og-emner\/materialer\/mat-05-robust-og-klimatilpasset-konstruksjon\/beskytte-utsatte-deler-av-bygningen-mot-skade\/\",\"name\":\"Beskytte utsatte deler av bygningen mot skade - BREEAM-NOR\",\"isPartOf\":{\"@id\":\"https:\/\/breeam-nor.byggalliansen.no\/v6\/#website\"},\"datePublished\":\"2025-05-02T13:32:13+00:00\",\"dateModified\":\"2025-06-06T08:05:47+00:00\",\"breadcrumb\":{\"@id\":\"https:\/\/breeam-nor.byggalliansen.no\/v6\/kategorier-og-emner\/materialer\/mat-05-robust-og-klimatilpasset-konstruksjon\/beskytte-utsatte-deler-av-bygningen-mot-skade\/#breadcrumb\"},\"inLanguage\":\"nb-NO\",\"potentialAction\":[{\"@type\":\"ReadAction\",\"target\":[\"https:\/\/breeam-nor.byggalliansen.no\/v6\/kategorier-og-emner\/materialer\/mat-05-robust-og-klimatilpasset-konstruksjon\/beskytte-utsatte-deler-av-bygningen-mot-skade\/\"]}]},{\"@type\":\"BreadcrumbList\",\"@id\":\"https:\/\/breeam-nor.byggalliansen.no\/v6\/kategorier-og-emner\/materialer\/mat-05-robust-og-klimatilpasset-konstruksjon\/beskytte-utsatte-deler-av-bygningen-mot-skade\/#breadcrumb\",\"itemListElement\":[{\"@type\":\"ListItem\",\"position\":1,\"name\":\"BREEAM-NOR\",\"item\":\"https:\/\/breeam-nor.byggalliansen.no\/v6\/\"},{\"@type\":\"ListItem\",\"position\":2,\"name\":\"Kategorier og emner\",\"item\":\"https:\/\/breeam-nor.byggalliansen.no\/v6\/kategorier-og-emner\/\"},{\"@type\":\"ListItem\",\"position\":3,\"name\":\"Materialer\",\"item\":\"https:\/\/breeam-nor.byggalliansen.no\/v6\/kategorier-og-emner\/materialer\/\"},{\"@type\":\"ListItem\",\"position\":4,\"name\":\"Mat 05 Robust og klimatilpasset konstruksjon\u00a0\",\"item\":\"https:\/\/breeam-nor.byggalliansen.no\/v6\/kategorier-og-emner\/materialer\/mat-05-robust-og-klimatilpasset-konstruksjon\/\"},{\"@type\":\"ListItem\",\"position\":5,\"name\":\"Beskytte utsatte deler av bygningen mot skade\"}]},{\"@type\":\"WebSite\",\"@id\":\"https:\/\/breeam-nor.byggalliansen.no\/v6\/#website\",\"url\":\"https:\/\/breeam-nor.byggalliansen.no\/v6\/\",\"name\":\"BREEAM-NOR\",\"description\":\"Versjon 6.1.1, 2024\",\"potentialAction\":[{\"@type\":\"SearchAction\",\"target\":{\"@type\":\"EntryPoint\",\"urlTemplate\":\"https:\/\/breeam-nor.byggalliansen.no\/v6\/?s={search_term_string}\"},\"query-input\":{\"@type\":\"PropertyValueSpecification\",\"valueRequired\":true,\"valueName\":\"search_term_string\"}}],\"inLanguage\":\"nb-NO\"}]}<\/script>\n<!-- \/ Yoast SEO plugin. -->","yoast_head_json":{"title":"Beskytte utsatte deler av bygningen mot skade - BREEAM-NOR","robots":{"index":"index","follow":"follow","max-snippet":"max-snippet:-1","max-image-preview":"max-image-preview:large","max-video-preview":"max-video-preview:-1"},"canonical":"https:\/\/breeam-nor.byggalliansen.no\/v6\/kategorier-og-emner\/materialer\/mat-05-robust-og-klimatilpasset-konstruksjon\/beskytte-utsatte-deler-av-bygningen-mot-skade\/","og_locale":"nb_NO","og_type":"article","og_title":"Beskytte utsatte deler av bygningen mot skade - BREEAM-NOR","og_url":"https:\/\/breeam-nor.byggalliansen.no\/v6\/kategorier-og-emner\/materialer\/mat-05-robust-og-klimatilpasset-konstruksjon\/beskytte-utsatte-deler-av-bygningen-mot-skade\/","og_site_name":"BREEAM-NOR","article_modified_time":"2025-06-06T08:05:47+00:00","twitter_card":"summary_large_image","twitter_misc":{"Ansl. lesetid":"1 minutt"},"schema":{"@context":"https:\/\/schema.org","@graph":[{"@type":"WebPage","@id":"https:\/\/breeam-nor.byggalliansen.no\/v6\/kategorier-og-emner\/materialer\/mat-05-robust-og-klimatilpasset-konstruksjon\/beskytte-utsatte-deler-av-bygningen-mot-skade\/","url":"https:\/\/breeam-nor.byggalliansen.no\/v6\/kategorier-og-emner\/materialer\/mat-05-robust-og-klimatilpasset-konstruksjon\/beskytte-utsatte-deler-av-bygningen-mot-skade\/","name":"Beskytte utsatte deler av bygningen mot skade - BREEAM-NOR","isPartOf":{"@id":"https:\/\/breeam-nor.byggalliansen.no\/v6\/#website"},"datePublished":"2025-05-02T13:32:13+00:00","dateModified":"2025-06-06T08:05:47+00:00","breadcrumb":{"@id":"https:\/\/breeam-nor.byggalliansen.no\/v6\/kategorier-og-emner\/materialer\/mat-05-robust-og-klimatilpasset-konstruksjon\/beskytte-utsatte-deler-av-bygningen-mot-skade\/#breadcrumb"},"inLanguage":"nb-NO","potentialAction":[{"@type":"ReadAction","target":["https:\/\/breeam-nor.byggalliansen.no\/v6\/kategorier-og-emner\/materialer\/mat-05-robust-og-klimatilpasset-konstruksjon\/beskytte-utsatte-deler-av-bygningen-mot-skade\/"]}]},{"@type":"BreadcrumbList","@id":"https:\/\/breeam-nor.byggalliansen.no\/v6\/kategorier-og-emner\/materialer\/mat-05-robust-og-klimatilpasset-konstruksjon\/beskytte-utsatte-deler-av-bygningen-mot-skade\/#breadcrumb","itemListElement":[{"@type":"ListItem","position":1,"name":"BREEAM-NOR","item":"https:\/\/breeam-nor.byggalliansen.no\/v6\/"},{"@type":"ListItem","position":2,"name":"Kategorier og emner","item":"https:\/\/breeam-nor.byggalliansen.no\/v6\/kategorier-og-emner\/"},{"@type":"ListItem","position":3,"name":"Materialer","item":"https:\/\/breeam-nor.byggalliansen.no\/v6\/kategorier-og-emner\/materialer\/"},{"@type":"ListItem","position":4,"name":"Mat 05 Robust og klimatilpasset konstruksjon\u00a0","item":"https:\/\/breeam-nor.byggalliansen.no\/v6\/kategorier-og-emner\/materialer\/mat-05-robust-og-klimatilpasset-konstruksjon\/"},{"@type":"ListItem","position":5,"name":"Beskytte utsatte deler av bygningen mot skade"}]},{"@type":"WebSite","@id":"https:\/\/breeam-nor.byggalliansen.no\/v6\/#website","url":"https:\/\/breeam-nor.byggalliansen.no\/v6\/","name":"BREEAM-NOR","description":"Versjon 6.1.1, 2024","potentialAction":[{"@type":"SearchAction","target":{"@type":"EntryPoint","urlTemplate":"https:\/\/breeam-nor.byggalliansen.no\/v6\/?s={search_term_string}"},"query-input":{"@type":"PropertyValueSpecification","valueRequired":true,"valueName":"search_term_string"}}],"inLanguage":"nb-NO"}]}},"_links":{"self":[{"href":"https:\/\/breeam-nor.byggalliansen.no\/v6\/wp-json\/wp\/v2\/pages\/5113","targetHints":{"allow":["GET"]}}],"collection":[{"href":"https:\/\/breeam-nor.byggalliansen.no\/v6\/wp-json\/wp\/v2\/pages"}],"about":[{"href":"https:\/\/breeam-nor.byggalliansen.no\/v6\/wp-json\/wp\/v2\/types\/page"}],"author":[{"embeddable":true,"href":"https:\/\/breeam-nor.byggalliansen.no\/v6\/wp-json\/wp\/v2\/users\/6"}],"replies":[{"embeddable":true,"href":"https:\/\/breeam-nor.byggalliansen.no\/v6\/wp-json\/wp\/v2\/comments?post=5113"}],"version-history":[{"count":3,"href":"https:\/\/breeam-nor.byggalliansen.no\/v6\/wp-json\/wp\/v2\/pages\/5113\/revisions"}],"predecessor-version":[{"id":5573,"href":"https:\/\/breeam-nor.byggalliansen.no\/v6\/wp-json\/wp\/v2\/pages\/5113\/revisions\/5573"}],"up":[{"embeddable":true,"href":"https:\/\/breeam-nor.byggalliansen.no\/v6\/wp-json\/wp\/v2\/pages\/4706"}],"wp:attachment":[{"href":"https:\/\/breeam-nor.byggalliansen.no\/v6\/wp-json\/wp\/v2\/media?parent=5113"}],"wp:term":[{"taxonomy":"category","embeddable":true,"href":"https:\/\/breeam-nor.byggalliansen.no\/v6\/wp-json\/wp\/v2\/categories?post=5113"},{"taxonomy":"connection","embeddable":true,"href":"https:\/\/breeam-nor.byggalliansen.no\/v6\/wp-json\/wp\/v2\/connection?post=5113"}],"curies":[{"name":"wp","href":"https:\/\/api.w.org\/{rel}","templated":true}]}}