{"id":5119,"date":"2025-05-02T13:35:23","date_gmt":"2025-05-02T13:35:56","guid":{"rendered":"https:\/\/breeam-nor.byggalliansen.no\/v6\/?page_id=5119"},"modified":"2025-06-06T08:05:50","modified_gmt":"2025-06-06T08:05:50","slug":"beskytte-utsatte-deler-av-bygningen-mot-materialnedbrytning","status":"publish","type":"page","link":"https:\/\/breeam-nor.byggalliansen.no\/v6\/kategorier-og-emner\/materialer\/mat-05-robust-og-klimatilpasset-konstruksjon\/beskytte-utsatte-deler-av-bygningen-mot-materialnedbrytning\/","title":{"rendered":"Beskytte utsatte deler av bygningen mot materialnedbrytning"},"content":{"rendered":"\n<ol start=\"3\" class=\"wp-block-list\">\n<li>I samsvar med resultatet fra risikoanalysen er sentrale utsatte bygningsdeler (se Metode) prosjektert og spesifisert, slik at <dfn aria-describedby=\"desc-1747214807473-27y998x52\" data-definition=\"Materialnedbrytning\">nedbrytning<\/dfn> pga. <dfn aria-describedby=\"desc-1747214820687-q1thfpshr\" data-definition=\"Milj\u00f8faktorer\">milj\u00f8faktorer<\/dfn> begrenses p\u00e5 kort og lang sikt. Dette kan vises p\u00e5 en av f\u00f8lgende m\u00e5ter:&nbsp;\n<ol style=\"list-style-type:lower-alpha\" class=\"wp-block-list\">\n<li>Bygningsdeler eller produkter oppfyller kravene i en egnet standard eller prosjekteringsveiledning for kvalitet eller holdbarhet (se Metode).&nbsp;<br><br>ELLER<br><\/li>\n\n\n\n<li>En detaljert vurdering av bygningsdelens robusthet n\u00e5r den utsettes for relevante materialnedbrytnings- og milj\u00f8faktorer.\u00a0\u00a0<\/li>\n<\/ol>\n<\/li>\n<\/ol>\n\n\n\n<ol start=\"4\" class=\"wp-block-list\">\n<li>Tak og fasade skal prosjekteres slik at vannskade, inntrenging av vann og vannansamlinger forebygges (se Metode). Dersom bygget har flatt, kompakt tak, skal dette prosjekteres etter Byggforskserien 525.207 Kompakte tak.&nbsp;<\/li>\n<\/ol>\n\n\n\n<ol start=\"5\" class=\"wp-block-list\">\n<li>Det skal v\u00e6re praktisk og enkel adkomst (se Metode) til tak og fasade for kostnadseffektiv rengj\u00f8ring, utskiftning og reparasjon av bygningskonstruksjonen.&nbsp;<\/li>\n<\/ol>\n\n\n\n<p><\/p>\n","protected":false},"excerpt":{"rendered":"","protected":false},"author":6,"featured_media":0,"parent":4706,"menu_order":2,"comment_status":"closed","ping_status":"closed","template":"","meta":{"_acf_changed":false,"footnotes":""},"categories":[1],"connection":[399],"class_list":["post-5119","page","type-page","status-publish","hentry","category-kriterier","connection-6-5-3"],"acf":[],"yoast_head":"<!-- This site is optimized with the Yoast SEO plugin v25.4 - https:\/\/yoast.com\/wordpress\/plugins\/seo\/ -->\n<title>Beskytte utsatte deler av bygningen mot materialnedbrytning - BREEAM-NOR<\/title>\n<meta name=\"robots\" content=\"index, follow, max-snippet:-1, max-image-preview:large, max-video-preview:-1\" \/>\n<link rel=\"canonical\" href=\"https:\/\/breeam-nor.byggalliansen.no\/v6\/kategorier-og-emner\/materialer\/mat-05-robust-og-klimatilpasset-konstruksjon\/beskytte-utsatte-deler-av-bygningen-mot-materialnedbrytning\/\" \/>\n<meta property=\"og:locale\" content=\"nb_NO\" \/>\n<meta property=\"og:type\" content=\"article\" \/>\n<meta property=\"og:title\" content=\"Beskytte utsatte deler av bygningen mot materialnedbrytning - BREEAM-NOR\" \/>\n<meta property=\"og:url\" content=\"https:\/\/breeam-nor.byggalliansen.no\/v6\/kategorier-og-emner\/materialer\/mat-05-robust-og-klimatilpasset-konstruksjon\/beskytte-utsatte-deler-av-bygningen-mot-materialnedbrytning\/\" \/>\n<meta property=\"og:site_name\" content=\"BREEAM-NOR\" \/>\n<meta property=\"article:modified_time\" content=\"2025-06-06T08:05:50+00:00\" \/>\n<meta name=\"twitter:card\" content=\"summary_large_image\" \/>\n<meta name=\"twitter:label1\" content=\"Ansl. lesetid\" \/>\n\t<meta name=\"twitter:data1\" content=\"1 minutt\" \/>\n<script type=\"application\/ld+json\" class=\"yoast-schema-graph\">{\"@context\":\"https:\/\/schema.org\",\"@graph\":[{\"@type\":\"WebPage\",\"@id\":\"https:\/\/breeam-nor.byggalliansen.no\/v6\/kategorier-og-emner\/materialer\/mat-05-robust-og-klimatilpasset-konstruksjon\/beskytte-utsatte-deler-av-bygningen-mot-materialnedbrytning\/\",\"url\":\"https:\/\/breeam-nor.byggalliansen.no\/v6\/kategorier-og-emner\/materialer\/mat-05-robust-og-klimatilpasset-konstruksjon\/beskytte-utsatte-deler-av-bygningen-mot-materialnedbrytning\/\",\"name\":\"Beskytte utsatte deler av bygningen mot materialnedbrytning - BREEAM-NOR\",\"isPartOf\":{\"@id\":\"https:\/\/breeam-nor.byggalliansen.no\/v6\/#website\"},\"datePublished\":\"2025-05-02T13:35:56+00:00\",\"dateModified\":\"2025-06-06T08:05:50+00:00\",\"breadcrumb\":{\"@id\":\"https:\/\/breeam-nor.byggalliansen.no\/v6\/kategorier-og-emner\/materialer\/mat-05-robust-og-klimatilpasset-konstruksjon\/beskytte-utsatte-deler-av-bygningen-mot-materialnedbrytning\/#breadcrumb\"},\"inLanguage\":\"nb-NO\",\"potentialAction\":[{\"@type\":\"ReadAction\",\"target\":[\"https:\/\/breeam-nor.byggalliansen.no\/v6\/kategorier-og-emner\/materialer\/mat-05-robust-og-klimatilpasset-konstruksjon\/beskytte-utsatte-deler-av-bygningen-mot-materialnedbrytning\/\"]}]},{\"@type\":\"BreadcrumbList\",\"@id\":\"https:\/\/breeam-nor.byggalliansen.no\/v6\/kategorier-og-emner\/materialer\/mat-05-robust-og-klimatilpasset-konstruksjon\/beskytte-utsatte-deler-av-bygningen-mot-materialnedbrytning\/#breadcrumb\",\"itemListElement\":[{\"@type\":\"ListItem\",\"position\":1,\"name\":\"BREEAM-NOR\",\"item\":\"https:\/\/breeam-nor.byggalliansen.no\/v6\/\"},{\"@type\":\"ListItem\",\"position\":2,\"name\":\"Kategorier og emner\",\"item\":\"https:\/\/breeam-nor.byggalliansen.no\/v6\/kategorier-og-emner\/\"},{\"@type\":\"ListItem\",\"position\":3,\"name\":\"Materialer\",\"item\":\"https:\/\/breeam-nor.byggalliansen.no\/v6\/kategorier-og-emner\/materialer\/\"},{\"@type\":\"ListItem\",\"position\":4,\"name\":\"Mat 05 Robust og klimatilpasset konstruksjon\u00a0\",\"item\":\"https:\/\/breeam-nor.byggalliansen.no\/v6\/kategorier-og-emner\/materialer\/mat-05-robust-og-klimatilpasset-konstruksjon\/\"},{\"@type\":\"ListItem\",\"position\":5,\"name\":\"Beskytte utsatte deler av bygningen mot materialnedbrytning\"}]},{\"@type\":\"WebSite\",\"@id\":\"https:\/\/breeam-nor.byggalliansen.no\/v6\/#website\",\"url\":\"https:\/\/breeam-nor.byggalliansen.no\/v6\/\",\"name\":\"BREEAM-NOR\",\"description\":\"Versjon 6.1.1, 2024\",\"potentialAction\":[{\"@type\":\"SearchAction\",\"target\":{\"@type\":\"EntryPoint\",\"urlTemplate\":\"https:\/\/breeam-nor.byggalliansen.no\/v6\/?s={search_term_string}\"},\"query-input\":{\"@type\":\"PropertyValueSpecification\",\"valueRequired\":true,\"valueName\":\"search_term_string\"}}],\"inLanguage\":\"nb-NO\"}]}<\/script>\n<!-- \/ Yoast SEO plugin. -->","yoast_head_json":{"title":"Beskytte utsatte deler av bygningen mot materialnedbrytning - BREEAM-NOR","robots":{"index":"index","follow":"follow","max-snippet":"max-snippet:-1","max-image-preview":"max-image-preview:large","max-video-preview":"max-video-preview:-1"},"canonical":"https:\/\/breeam-nor.byggalliansen.no\/v6\/kategorier-og-emner\/materialer\/mat-05-robust-og-klimatilpasset-konstruksjon\/beskytte-utsatte-deler-av-bygningen-mot-materialnedbrytning\/","og_locale":"nb_NO","og_type":"article","og_title":"Beskytte utsatte deler av bygningen mot materialnedbrytning - BREEAM-NOR","og_url":"https:\/\/breeam-nor.byggalliansen.no\/v6\/kategorier-og-emner\/materialer\/mat-05-robust-og-klimatilpasset-konstruksjon\/beskytte-utsatte-deler-av-bygningen-mot-materialnedbrytning\/","og_site_name":"BREEAM-NOR","article_modified_time":"2025-06-06T08:05:50+00:00","twitter_card":"summary_large_image","twitter_misc":{"Ansl. lesetid":"1 minutt"},"schema":{"@context":"https:\/\/schema.org","@graph":[{"@type":"WebPage","@id":"https:\/\/breeam-nor.byggalliansen.no\/v6\/kategorier-og-emner\/materialer\/mat-05-robust-og-klimatilpasset-konstruksjon\/beskytte-utsatte-deler-av-bygningen-mot-materialnedbrytning\/","url":"https:\/\/breeam-nor.byggalliansen.no\/v6\/kategorier-og-emner\/materialer\/mat-05-robust-og-klimatilpasset-konstruksjon\/beskytte-utsatte-deler-av-bygningen-mot-materialnedbrytning\/","name":"Beskytte utsatte deler av bygningen mot materialnedbrytning - BREEAM-NOR","isPartOf":{"@id":"https:\/\/breeam-nor.byggalliansen.no\/v6\/#website"},"datePublished":"2025-05-02T13:35:56+00:00","dateModified":"2025-06-06T08:05:50+00:00","breadcrumb":{"@id":"https:\/\/breeam-nor.byggalliansen.no\/v6\/kategorier-og-emner\/materialer\/mat-05-robust-og-klimatilpasset-konstruksjon\/beskytte-utsatte-deler-av-bygningen-mot-materialnedbrytning\/#breadcrumb"},"inLanguage":"nb-NO","potentialAction":[{"@type":"ReadAction","target":["https:\/\/breeam-nor.byggalliansen.no\/v6\/kategorier-og-emner\/materialer\/mat-05-robust-og-klimatilpasset-konstruksjon\/beskytte-utsatte-deler-av-bygningen-mot-materialnedbrytning\/"]}]},{"@type":"BreadcrumbList","@id":"https:\/\/breeam-nor.byggalliansen.no\/v6\/kategorier-og-emner\/materialer\/mat-05-robust-og-klimatilpasset-konstruksjon\/beskytte-utsatte-deler-av-bygningen-mot-materialnedbrytning\/#breadcrumb","itemListElement":[{"@type":"ListItem","position":1,"name":"BREEAM-NOR","item":"https:\/\/breeam-nor.byggalliansen.no\/v6\/"},{"@type":"ListItem","position":2,"name":"Kategorier og emner","item":"https:\/\/breeam-nor.byggalliansen.no\/v6\/kategorier-og-emner\/"},{"@type":"ListItem","position":3,"name":"Materialer","item":"https:\/\/breeam-nor.byggalliansen.no\/v6\/kategorier-og-emner\/materialer\/"},{"@type":"ListItem","position":4,"name":"Mat 05 Robust og klimatilpasset konstruksjon\u00a0","item":"https:\/\/breeam-nor.byggalliansen.no\/v6\/kategorier-og-emner\/materialer\/mat-05-robust-og-klimatilpasset-konstruksjon\/"},{"@type":"ListItem","position":5,"name":"Beskytte utsatte deler av bygningen mot materialnedbrytning"}]},{"@type":"WebSite","@id":"https:\/\/breeam-nor.byggalliansen.no\/v6\/#website","url":"https:\/\/breeam-nor.byggalliansen.no\/v6\/","name":"BREEAM-NOR","description":"Versjon 6.1.1, 2024","potentialAction":[{"@type":"SearchAction","target":{"@type":"EntryPoint","urlTemplate":"https:\/\/breeam-nor.byggalliansen.no\/v6\/?s={search_term_string}"},"query-input":{"@type":"PropertyValueSpecification","valueRequired":true,"valueName":"search_term_string"}}],"inLanguage":"nb-NO"}]}},"_links":{"self":[{"href":"https:\/\/breeam-nor.byggalliansen.no\/v6\/wp-json\/wp\/v2\/pages\/5119","targetHints":{"allow":["GET"]}}],"collection":[{"href":"https:\/\/breeam-nor.byggalliansen.no\/v6\/wp-json\/wp\/v2\/pages"}],"about":[{"href":"https:\/\/breeam-nor.byggalliansen.no\/v6\/wp-json\/wp\/v2\/types\/page"}],"author":[{"embeddable":true,"href":"https:\/\/breeam-nor.byggalliansen.no\/v6\/wp-json\/wp\/v2\/users\/6"}],"replies":[{"embeddable":true,"href":"https:\/\/breeam-nor.byggalliansen.no\/v6\/wp-json\/wp\/v2\/comments?post=5119"}],"version-history":[{"count":3,"href":"https:\/\/breeam-nor.byggalliansen.no\/v6\/wp-json\/wp\/v2\/pages\/5119\/revisions"}],"predecessor-version":[{"id":5609,"href":"https:\/\/breeam-nor.byggalliansen.no\/v6\/wp-json\/wp\/v2\/pages\/5119\/revisions\/5609"}],"up":[{"embeddable":true,"href":"https:\/\/breeam-nor.byggalliansen.no\/v6\/wp-json\/wp\/v2\/pages\/4706"}],"wp:attachment":[{"href":"https:\/\/breeam-nor.byggalliansen.no\/v6\/wp-json\/wp\/v2\/media?parent=5119"}],"wp:term":[{"taxonomy":"category","embeddable":true,"href":"https:\/\/breeam-nor.byggalliansen.no\/v6\/wp-json\/wp\/v2\/categories?post=5119"},{"taxonomy":"connection","embeddable":true,"href":"https:\/\/breeam-nor.byggalliansen.no\/v6\/wp-json\/wp\/v2\/connection?post=5119"}],"curies":[{"name":"wp","href":"https:\/\/api.w.org\/{rel}","templated":true}]}}