{"id":5121,"date":"2025-05-02T13:37:28","date_gmt":"2025-05-02T13:37:28","guid":{"rendered":"https:\/\/breeam-nor.byggalliansen.no\/v6\/?page_id=5121"},"modified":"2025-06-11T13:33:01","modified_gmt":"2025-06-11T13:33:01","slug":"fuktsikkerhet-i-byggefasen","status":"publish","type":"page","link":"https:\/\/breeam-nor.byggalliansen.no\/v6\/kategorier-og-emner\/materialer\/mat-05-robust-og-klimatilpasset-konstruksjon\/fuktsikkerhet-i-byggefasen\/","title":{"rendered":"Fuktsikkerhet i byggefasen"},"content":{"rendered":"\n<h4 class=\"wp-block-heading\">Kontrollplan og fuktm\u00e5linger \u2013 1 poeng&nbsp;<\/h4>\n\n\n\n<ol start=\"6\" class=\"wp-block-list\">\n<li>Det utarbeides en kontrollplan iht. NS 3514:2020 Fuktsikker bygging \u2013 planlegging og gjennomf\u00f8ring senest i l\u00f8pet av steg 4. Kontrollplanen beskriver hvordan bygget sikres mot fuktskader i byggefasen (se Metode). Kontrollplanen er tydelig forankret i fremdriftsplan og \u00f8vrige planer i byggeprosjektet.\u00a0<\/li>\n\n\n\n<li>Tilpassede sjekklister for fuktsikkerhet utarbeides og brukes i prosjekterings- og byggefasen (steg 3\u20135) for alle relevante fuktf\u00f8lsomme materialer (se Metode).\u00a0\u00a0<\/li>\n\n\n\n<li>Det dokumenteres at det er foretatt utt\u00f8rking og fuktm\u00e5linger i bygningskonstruksjonen. Utt\u00f8rking f\u00f8lger anerkjente metoder, og fuktniv\u00e5et oppfyller alle relevante standarder (se Metode).\u00a0\u00a0<\/li>\n<\/ol>\n\n\n\n<ol start=\"7\" class=\"wp-block-list\"><\/ol>\n\n\n\n<ol start=\"8\" class=\"wp-block-list\"><\/ol>\n\n\n\n<h4 class=\"wp-block-heading\">Bygging under tildekking \u2013 1 poeng&nbsp;<\/h4>\n\n\n\n<ol start=\"9\" class=\"wp-block-list\">\n<li>Det bygges under tildekking, f.eks. med teltbasert beskyttelsessystem (se Metode).&nbsp;<\/li>\n<\/ol>\n\n\n\n<p><\/p>\n","protected":false},"excerpt":{"rendered":"<p>Kontrollplan og fuktm\u00e5linger \u2013 1 poeng&nbsp; Bygging under tildekking \u2013 1 poeng&nbsp;<\/p>\n","protected":false},"author":6,"featured_media":0,"parent":4706,"menu_order":3,"comment_status":"closed","ping_status":"closed","template":"","meta":{"_acf_changed":false,"footnotes":""},"categories":[],"connection":[400],"class_list":["post-5121","page","type-page","status-publish","hentry","connection-6-5-4"],"acf":[],"yoast_head":"<!-- This site is optimized with the Yoast SEO plugin v25.4 - https:\/\/yoast.com\/wordpress\/plugins\/seo\/ -->\n<title>Fuktsikkerhet i byggefasen - BREEAM-NOR<\/title>\n<meta name=\"robots\" content=\"index, follow, max-snippet:-1, max-image-preview:large, max-video-preview:-1\" \/>\n<link rel=\"canonical\" href=\"https:\/\/breeam-nor.byggalliansen.no\/v6\/kategorier-og-emner\/materialer\/mat-05-robust-og-klimatilpasset-konstruksjon\/fuktsikkerhet-i-byggefasen\/\" \/>\n<meta property=\"og:locale\" content=\"nb_NO\" \/>\n<meta property=\"og:type\" content=\"article\" \/>\n<meta property=\"og:title\" content=\"Fuktsikkerhet i byggefasen - BREEAM-NOR\" \/>\n<meta property=\"og:description\" content=\"Kontrollplan og fuktm\u00e5linger \u2013 1 poeng&nbsp; Bygging under tildekking \u2013 1 poeng&nbsp;\" \/>\n<meta property=\"og:url\" content=\"https:\/\/breeam-nor.byggalliansen.no\/v6\/kategorier-og-emner\/materialer\/mat-05-robust-og-klimatilpasset-konstruksjon\/fuktsikkerhet-i-byggefasen\/\" \/>\n<meta property=\"og:site_name\" content=\"BREEAM-NOR\" \/>\n<meta property=\"article:modified_time\" content=\"2025-06-11T13:33:01+00:00\" \/>\n<meta name=\"twitter:card\" content=\"summary_large_image\" \/>\n<meta name=\"twitter:label1\" content=\"Ansl. lesetid\" \/>\n\t<meta name=\"twitter:data1\" content=\"1 minutt\" \/>\n<script type=\"application\/ld+json\" class=\"yoast-schema-graph\">{\"@context\":\"https:\/\/schema.org\",\"@graph\":[{\"@type\":\"WebPage\",\"@id\":\"https:\/\/breeam-nor.byggalliansen.no\/v6\/kategorier-og-emner\/materialer\/mat-05-robust-og-klimatilpasset-konstruksjon\/fuktsikkerhet-i-byggefasen\/\",\"url\":\"https:\/\/breeam-nor.byggalliansen.no\/v6\/kategorier-og-emner\/materialer\/mat-05-robust-og-klimatilpasset-konstruksjon\/fuktsikkerhet-i-byggefasen\/\",\"name\":\"Fuktsikkerhet i byggefasen - BREEAM-NOR\",\"isPartOf\":{\"@id\":\"https:\/\/breeam-nor.byggalliansen.no\/v6\/#website\"},\"datePublished\":\"2025-05-02T13:37:28+00:00\",\"dateModified\":\"2025-06-11T13:33:01+00:00\",\"breadcrumb\":{\"@id\":\"https:\/\/breeam-nor.byggalliansen.no\/v6\/kategorier-og-emner\/materialer\/mat-05-robust-og-klimatilpasset-konstruksjon\/fuktsikkerhet-i-byggefasen\/#breadcrumb\"},\"inLanguage\":\"nb-NO\",\"potentialAction\":[{\"@type\":\"ReadAction\",\"target\":[\"https:\/\/breeam-nor.byggalliansen.no\/v6\/kategorier-og-emner\/materialer\/mat-05-robust-og-klimatilpasset-konstruksjon\/fuktsikkerhet-i-byggefasen\/\"]}]},{\"@type\":\"BreadcrumbList\",\"@id\":\"https:\/\/breeam-nor.byggalliansen.no\/v6\/kategorier-og-emner\/materialer\/mat-05-robust-og-klimatilpasset-konstruksjon\/fuktsikkerhet-i-byggefasen\/#breadcrumb\",\"itemListElement\":[{\"@type\":\"ListItem\",\"position\":1,\"name\":\"BREEAM-NOR\",\"item\":\"https:\/\/breeam-nor.byggalliansen.no\/v6\/\"},{\"@type\":\"ListItem\",\"position\":2,\"name\":\"Kategorier og emner\",\"item\":\"https:\/\/breeam-nor.byggalliansen.no\/v6\/kategorier-og-emner\/\"},{\"@type\":\"ListItem\",\"position\":3,\"name\":\"Materialer\",\"item\":\"https:\/\/breeam-nor.byggalliansen.no\/v6\/kategorier-og-emner\/materialer\/\"},{\"@type\":\"ListItem\",\"position\":4,\"name\":\"Mat 05 Robust og klimatilpasset konstruksjon\u00a0\",\"item\":\"https:\/\/breeam-nor.byggalliansen.no\/v6\/kategorier-og-emner\/materialer\/mat-05-robust-og-klimatilpasset-konstruksjon\/\"},{\"@type\":\"ListItem\",\"position\":5,\"name\":\"Fuktsikkerhet i byggefasen\"}]},{\"@type\":\"WebSite\",\"@id\":\"https:\/\/breeam-nor.byggalliansen.no\/v6\/#website\",\"url\":\"https:\/\/breeam-nor.byggalliansen.no\/v6\/\",\"name\":\"BREEAM-NOR\",\"description\":\"Versjon 6.1.1, 2024\",\"potentialAction\":[{\"@type\":\"SearchAction\",\"target\":{\"@type\":\"EntryPoint\",\"urlTemplate\":\"https:\/\/breeam-nor.byggalliansen.no\/v6\/?s={search_term_string}\"},\"query-input\":{\"@type\":\"PropertyValueSpecification\",\"valueRequired\":true,\"valueName\":\"search_term_string\"}}],\"inLanguage\":\"nb-NO\"}]}<\/script>\n<!-- \/ Yoast SEO plugin. -->","yoast_head_json":{"title":"Fuktsikkerhet i byggefasen - BREEAM-NOR","robots":{"index":"index","follow":"follow","max-snippet":"max-snippet:-1","max-image-preview":"max-image-preview:large","max-video-preview":"max-video-preview:-1"},"canonical":"https:\/\/breeam-nor.byggalliansen.no\/v6\/kategorier-og-emner\/materialer\/mat-05-robust-og-klimatilpasset-konstruksjon\/fuktsikkerhet-i-byggefasen\/","og_locale":"nb_NO","og_type":"article","og_title":"Fuktsikkerhet i byggefasen - BREEAM-NOR","og_description":"Kontrollplan og fuktm\u00e5linger \u2013 1 poeng&nbsp; Bygging under tildekking \u2013 1 poeng&nbsp;","og_url":"https:\/\/breeam-nor.byggalliansen.no\/v6\/kategorier-og-emner\/materialer\/mat-05-robust-og-klimatilpasset-konstruksjon\/fuktsikkerhet-i-byggefasen\/","og_site_name":"BREEAM-NOR","article_modified_time":"2025-06-11T13:33:01+00:00","twitter_card":"summary_large_image","twitter_misc":{"Ansl. lesetid":"1 minutt"},"schema":{"@context":"https:\/\/schema.org","@graph":[{"@type":"WebPage","@id":"https:\/\/breeam-nor.byggalliansen.no\/v6\/kategorier-og-emner\/materialer\/mat-05-robust-og-klimatilpasset-konstruksjon\/fuktsikkerhet-i-byggefasen\/","url":"https:\/\/breeam-nor.byggalliansen.no\/v6\/kategorier-og-emner\/materialer\/mat-05-robust-og-klimatilpasset-konstruksjon\/fuktsikkerhet-i-byggefasen\/","name":"Fuktsikkerhet i byggefasen - BREEAM-NOR","isPartOf":{"@id":"https:\/\/breeam-nor.byggalliansen.no\/v6\/#website"},"datePublished":"2025-05-02T13:37:28+00:00","dateModified":"2025-06-11T13:33:01+00:00","breadcrumb":{"@id":"https:\/\/breeam-nor.byggalliansen.no\/v6\/kategorier-og-emner\/materialer\/mat-05-robust-og-klimatilpasset-konstruksjon\/fuktsikkerhet-i-byggefasen\/#breadcrumb"},"inLanguage":"nb-NO","potentialAction":[{"@type":"ReadAction","target":["https:\/\/breeam-nor.byggalliansen.no\/v6\/kategorier-og-emner\/materialer\/mat-05-robust-og-klimatilpasset-konstruksjon\/fuktsikkerhet-i-byggefasen\/"]}]},{"@type":"BreadcrumbList","@id":"https:\/\/breeam-nor.byggalliansen.no\/v6\/kategorier-og-emner\/materialer\/mat-05-robust-og-klimatilpasset-konstruksjon\/fuktsikkerhet-i-byggefasen\/#breadcrumb","itemListElement":[{"@type":"ListItem","position":1,"name":"BREEAM-NOR","item":"https:\/\/breeam-nor.byggalliansen.no\/v6\/"},{"@type":"ListItem","position":2,"name":"Kategorier og emner","item":"https:\/\/breeam-nor.byggalliansen.no\/v6\/kategorier-og-emner\/"},{"@type":"ListItem","position":3,"name":"Materialer","item":"https:\/\/breeam-nor.byggalliansen.no\/v6\/kategorier-og-emner\/materialer\/"},{"@type":"ListItem","position":4,"name":"Mat 05 Robust og klimatilpasset konstruksjon\u00a0","item":"https:\/\/breeam-nor.byggalliansen.no\/v6\/kategorier-og-emner\/materialer\/mat-05-robust-og-klimatilpasset-konstruksjon\/"},{"@type":"ListItem","position":5,"name":"Fuktsikkerhet i byggefasen"}]},{"@type":"WebSite","@id":"https:\/\/breeam-nor.byggalliansen.no\/v6\/#website","url":"https:\/\/breeam-nor.byggalliansen.no\/v6\/","name":"BREEAM-NOR","description":"Versjon 6.1.1, 2024","potentialAction":[{"@type":"SearchAction","target":{"@type":"EntryPoint","urlTemplate":"https:\/\/breeam-nor.byggalliansen.no\/v6\/?s={search_term_string}"},"query-input":{"@type":"PropertyValueSpecification","valueRequired":true,"valueName":"search_term_string"}}],"inLanguage":"nb-NO"}]}},"_links":{"self":[{"href":"https:\/\/breeam-nor.byggalliansen.no\/v6\/wp-json\/wp\/v2\/pages\/5121","targetHints":{"allow":["GET"]}}],"collection":[{"href":"https:\/\/breeam-nor.byggalliansen.no\/v6\/wp-json\/wp\/v2\/pages"}],"about":[{"href":"https:\/\/breeam-nor.byggalliansen.no\/v6\/wp-json\/wp\/v2\/types\/page"}],"author":[{"embeddable":true,"href":"https:\/\/breeam-nor.byggalliansen.no\/v6\/wp-json\/wp\/v2\/users\/6"}],"replies":[{"embeddable":true,"href":"https:\/\/breeam-nor.byggalliansen.no\/v6\/wp-json\/wp\/v2\/comments?post=5121"}],"version-history":[{"count":3,"href":"https:\/\/breeam-nor.byggalliansen.no\/v6\/wp-json\/wp\/v2\/pages\/5121\/revisions"}],"predecessor-version":[{"id":5820,"href":"https:\/\/breeam-nor.byggalliansen.no\/v6\/wp-json\/wp\/v2\/pages\/5121\/revisions\/5820"}],"up":[{"embeddable":true,"href":"https:\/\/breeam-nor.byggalliansen.no\/v6\/wp-json\/wp\/v2\/pages\/4706"}],"wp:attachment":[{"href":"https:\/\/breeam-nor.byggalliansen.no\/v6\/wp-json\/wp\/v2\/media?parent=5121"}],"wp:term":[{"taxonomy":"category","embeddable":true,"href":"https:\/\/breeam-nor.byggalliansen.no\/v6\/wp-json\/wp\/v2\/categories?post=5121"},{"taxonomy":"connection","embeddable":true,"href":"https:\/\/breeam-nor.byggalliansen.no\/v6\/wp-json\/wp\/v2\/connection?post=5121"}],"curies":[{"name":"wp","href":"https:\/\/api.w.org\/{rel}","templated":true}]}}