{"id":5156,"date":"2025-05-05T14:28:21","date_gmt":"2025-05-05T14:28:21","guid":{"rendered":"https:\/\/breeam-nor.byggalliansen.no\/v6\/?page_id=5156"},"modified":"2025-05-05T14:29:19","modified_gmt":"2025-05-05T14:29:19","slug":"sjekkliste-a2","status":"publish","type":"page","link":"https:\/\/breeam-nor.byggalliansen.no\/v6\/sjekkliste-a2\/","title":{"rendered":"Sjekkliste A2"},"content":{"rendered":"\n<h4 class=\"wp-block-heading\">Plan for inneluftkvalitet<\/h4>\n\n\n\n<p>Sjekklisten brukes under utarbeidelse av plan for inneluftkvalitet. Dersom referansenummer 1-7 under punkt A ikke kan oppfylles, skal referansenummer 8-30 under punkt B-E f\u00f8lges.<\/p>\n\n\n\n<table id=\"tablepress-A2\" class=\"tablepress tablepress-id-A2 tbody-has-connected-cells\">\n<thead>\n<tr class=\"row-1\">\n\t<th class=\"column-1 highlight-ref\"><strong>Ref.<\/strong><\/th><th class=\"column-2 highlight-kriterium\"><strong>Kriterium<\/strong><\/th>\n<\/tr>\n<\/thead>\n<tbody class=\"row-hover\">\n<tr class=\"row-2\">\n\t<td colspan=\"2\" class=\"column-1 highlight-a\">A.      Strategi for fjerning av forurensningskilder<br \/>\n(se Definisjoner under Hea 02)<br \/>\n<br \/>\nForm\u00e5l: Identifisere og minimere eller eliminere kilder til luftforurensning i tidlige stadier av prosjekteringsprosessen for senere \u00e5 redusere mengden luftforurensning som m\u00e5 fjernes og fortynnes av ventilasjonsstrategier.<\/td>\n<\/tr>\n<tr class=\"row-3\">\n\t<td class=\"column-1\">1<\/td><td class=\"column-2\">Byggets beliggenhet og plassering p\u00e5 utbyggingsomr\u00e5det (se M2 i Hea 02).<\/td>\n<\/tr>\n<tr class=\"row-4\">\n\t<td class=\"column-1\">2<\/td><td class=\"column-2\">Vurdering av bygningsform, planl\u00f8sninger og klimaskjermens tetthet for \u00e5 redusere innslipp av forurensningskilder fra uteluft (se M2 i Hea 02).<\/td>\n<\/tr>\n<tr class=\"row-5\">\n\t<td class=\"column-1\">3<\/td><td class=\"column-2\">Plassering av luftinntak og \u00e5pningsbare vinduer vekk fra eksterne forurensningskilder, f.eks. parkeringsplasser og venteomr\u00e5der for vareleveranse\/kj\u00f8ret\u00f8y (se M2 i Hea 02).<\/td>\n<\/tr>\n<tr class=\"row-6\">\n\t<td class=\"column-1\">4<\/td><td class=\"column-2\">Valg av byggematerialer og overflatebehandlinger med lav innvirkning p\u00e5 inneluftkvaliteten.<\/td>\n<\/tr>\n<tr class=\"row-7\">\n\t<td class=\"column-1\">5<\/td><td class=\"column-2\">Beskyttelse av ventilasjonskanaler og -utstyr mot st\u00f8v og andre forurensende stoffer under installasjon og annet byggearbeid.<\/td>\n<\/tr>\n<tr class=\"row-8\">\n\t<td class=\"column-1\">6<\/td><td class=\"column-2\">Kontroll og ferdigrengj\u00f8ring av ventilasjonskanaler og -utstyr f\u00f8r eller under idriftsetting slik at forurensende stoffer ikke slippes inn i bygningen.<\/td>\n<\/tr>\n<tr class=\"row-9\">\n\t<td class=\"column-1\">7<\/td><td class=\"column-2\">Praktiske rutiner og kontroll for \u00e5 sikre gjennomf\u00f8ring av ovennevnte punkter.<\/td>\n<\/tr>\n<tr class=\"row-10\">\n\t<td colspan=\"2\" class=\"column-1 highlight-b\">B.      Der punkt A er ikke mulig: fortynning og kontroll av forurensningskilder<br \/>\n(se Definisjoner under Hea 02)<br \/>\n<br \/>\nForm\u00e5l: Minimere inntrenging av forurensning fra uteluft og fjerne\/minimere og regulere forurensningskilder i inneluften for \u00e5 redusere og regulere niv\u00e5ene av forurensing av inneluft i bygninger. I tillegg vil man i denne delen vurdere ventilasjonsstrategien i bygget og hvilken effekt den har p\u00e5 innend\u00f8rs luftkvalitet.<\/td>\n<\/tr>\n<tr class=\"row-11\">\n\t<td class=\"column-1\">8<\/td><td class=\"column-2\">M\u00e5l for prosjekteringen for konsentrasjon av relevante\/ulike forurensningskilder i inneluften (se Definisjoner under Hea 02).<\/td>\n<\/tr>\n<tr class=\"row-12\">\n\t<td class=\"column-1\">9<\/td><td class=\"column-2\">Strategier for \u00e5 h\u00e5ndtere overskridelser av grenseverdiene for forurensningskilder i inneluften.<\/td>\n<\/tr>\n<tr class=\"row-13\">\n\t<td class=\"column-1\">10<\/td><td class=\"column-2\">Vurdere eksterne forurensningskilder som kan ha innvirkning p\u00e5 inneklima. Dette brukes til utforming av ventilasjonsstrategier.<\/td>\n<\/tr>\n<tr class=\"row-14\">\n\t<td class=\"column-1\">11<\/td><td class=\"column-2\">P\u00e5virkning fra byggematerialer og overflatebehandling. Dette brukes til \u00e5 tilpasse ventilasjonsstrategier for fortynning og styring.<\/td>\n<\/tr>\n<tr class=\"row-15\">\n\t<td class=\"column-1\">12<\/td><td class=\"column-2\">Effekten av resirkulering, der dette er relevant, og luftmengder for \u00e5 tilpasse ventilasjonsstrategier for fortynning og styring.<\/td>\n<\/tr>\n<tr class=\"row-16\">\n\t<td class=\"column-1\">13<\/td><td class=\"column-2\">Vurdere om bygningen har spesielle inneklimakrav, f.eks. laboratorier, sykehus, produksjonsanlegg osv.<\/td>\n<\/tr>\n<tr class=\"row-17\">\n\t<td class=\"column-1\">14<\/td><td class=\"column-2\">Etablere avtrekksventilasjon for skrivere, kopimaskiner og annet utstyr som for\u00e5rsaker utslipp av forurensende stoffer.<\/td>\n<\/tr>\n<tr class=\"row-18\">\n\t<td class=\"column-1\">15<\/td><td class=\"column-2\">Innend\u00f8rs parametere og systemer for luftkvalitet og deres koblinger til ventilasjonsstyringen.<\/td>\n<\/tr>\n<tr class=\"row-19\">\n\t<td class=\"column-1\">16<\/td><td class=\"column-2\">Brukernes p\u00e5virkning og effekt p\u00e5 ventilasjonsstyring.<\/td>\n<\/tr>\n<tr class=\"row-20\">\n\t<td colspan=\"2\" class=\"column-1 highlight-c\">C.      Rutiner for utlufting og innregulering av ventilasjon f\u00f8r overtakelse<br \/>\n<br \/>\nForm\u00e5l: Sikre at utlufting f\u00f8r overtagelse fjerner alle gjenv\u00e6rende forurensningskilder som kan ha blitt akkumulert i bygget i byggefasen. I tillegg fjerne st\u00f8rre konsentrasjoner av forurensende stoffer som er frigjort fra nye produkter, som tetningsmidler, treprodukter og tekstiler. Dette sikrer at etterf\u00f8lgende testing utf\u00f8res under forhold som er representative for innend\u00f8rs luftkvalitet n\u00e5r bygget er i bruk.<\/td>\n<\/tr>\n<tr class=\"row-21\">\n\t<td class=\"column-1\">17<\/td><td class=\"column-2\">Definere passende utluftingsrutiner og -tidspunkter i prosjektet for \u00e5 rense bygget for interne forurensende stoffer.<\/td>\n<\/tr>\n<tr class=\"row-22\">\n\t<td class=\"column-1\">18<\/td><td class=\"column-2\">Fullf\u00f8re og rengj\u00f8re bygget f\u00f8r m\u00e5ling av inneluftkvaliteten.<\/td>\n<\/tr>\n<tr class=\"row-23\">\n\t<td class=\"column-1\">19<\/td><td class=\"column-2\">Hvis trinnvis utbygging: tiltak for \u00e5 beskytte fra forurensning fra uferdige deler av bygget.<\/td>\n<\/tr>\n<tr class=\"row-24\">\n\t<td colspan=\"2\" class=\"column-1 highlight-d\">D.      Tredjeparts test og analyse av ventilasjonen i bygget under idriftsetting<br \/>\n(se Definisjoner under Hea 02)<br \/>\n<br \/>\nForm\u00e5l: Sikre at tredjeparts testing og -analyse bruker en anerkjent testmetode for ulike luftforurensende stoffer, i tillegg til \u00e5 gi upartisk og objektive m\u00e5leresultater som registrerer niv\u00e5er av luftforurensninger i den nye bygningen.<\/td>\n<\/tr>\n<tr class=\"row-25\">\n\t<td class=\"column-1\">20<\/td><td class=\"column-2\">Fastsette rutiner for \u00e5 utf\u00f8re tester av ventilasjonen med tanke p\u00e5 relevante forurensningskilder. Dette gj\u00f8res n\u00e5r bygget er ferdig, men f\u00f8r overtagelse.<\/td>\n<\/tr>\n<tr class=\"row-26\">\n\t<td class=\"column-1\">21<\/td><td class=\"column-2\">Sikre at kravene til maksimal konsentrasjon av totale flyktige organiske forbindelser (TVOC) og formaldehyd ikke er overskredet, og at alle m\u00e5linger registreres p\u00e5 riktig m\u00e5te.<\/td>\n<\/tr>\n<tr class=\"row-27\">\n\t<td class=\"column-1\">22<\/td><td class=\"column-2\">Vurdere hvilke utbedringstiltak som skal iverksettes hvis de fastsatte niv\u00e5ene ikke oppfylles. Det skal vurderes i hvilke tilfeller det er n\u00f8dvendig med ny testing, samt tidspunkt og metodikk for \u00e5 unng\u00e5 forurensning for\u00e5rsaket av brukerne.<\/td>\n<\/tr>\n<tr class=\"row-28\">\n\t<td colspan=\"2\" class=\"column-1 highlight-e\">E.       Opprettholde god inneluftkvalitet i drift<br \/>\n<br \/>\nForm\u00e5l: Sikre at forpliktelser og tiltak er p\u00e5 plass for \u00e5 opprettholde inneluftkvaliteten p\u00e5 akseptable niv\u00e5er gjennom hele byggets levetid.<\/td>\n<\/tr>\n<tr class=\"row-29\">\n\t<td class=\"column-1\">23<\/td><td class=\"column-2\">Gi brukerne relevant informasjon gjennom en brukerveiledning for bygget som viser god drift, styring og vedlikehold for \u00e5 opprettholde en god inneluftkvalitet. Dette kan omfatte:<\/td>\n<\/tr>\n<tr class=\"row-30\">\n\t<td class=\"column-1\">24<\/td><td class=\"column-2\">Forslag til hvordan man kan f\u00e5 p\u00e5 plass retningslinjer og prosedyrer for \u00e5 unng\u00e5 produkter som avgir VVOC, VOC og andre forurensende stoffer (f.eks. rengj\u00f8ringsmaterialer og produkter som brukes i vedlikeholdsaktiviteter gjennom hele bygningens levetid.<\/td>\n<\/tr>\n<tr class=\"row-31\">\n\t<td class=\"column-1\">25<\/td><td class=\"column-2\">Forslag til hvordan man kan f\u00e5 p\u00e5 plass policy og prosedyre for regelmessig rengj\u00f8ring av byggets interi\u00f8r for \u00e5 forhindre oppsamling av st\u00f8v og andre forurensninger.<\/td>\n<\/tr>\n<tr class=\"row-32\">\n\t<td class=\"column-1\">26<\/td><td class=\"column-2\">Forslag til hvordan man kan f\u00e5 p\u00e5 plass retningslinjer og prosedyrer for riktig bruk av varme- og kj\u00f8lesystemer, mekanisk ventilasjon eller naturlig ventilasjon for \u00e5 unng\u00e5 muggvekst p\u00e5 grunn av uegnet temperatur eller relativ fuktighet, og akkumulering av andre forurensninger.<\/td>\n<\/tr>\n<tr class=\"row-33\">\n\t<td class=\"column-1\">27<\/td><td class=\"column-2\">Forslag til hvordan man kan f\u00e5 p\u00e5 plass retningslinjer og prosedyrer for riktig bruk av avkastsystemer installert i omr\u00e5der for matlaging, for \u00e5 forhindre akkumulering av forurensende stoffer.<\/td>\n<\/tr>\n<tr class=\"row-34\">\n\t<td class=\"column-1\">28<\/td><td class=\"column-2\">Forslag til hvordan man kan f\u00e5 p\u00e5 plass retningslinjer og prosedyrer for jevnlig vedlikehold av ventilasjonsanlegget. Dette kan omfatte utskifting av filtre, samt rengj\u00f8ring av varme-\/kj\u00f8lespiraloverflater, kanaler og luftfuktere.<\/td>\n<\/tr>\n<tr class=\"row-35\">\n\t<td class=\"column-1\">29<\/td><td class=\"column-2\">Forslag til overv\u00e5king av innend\u00f8rs luftkvalitet for relevante forurensende stoffer, inkludert frekvens, metodikk og passende pr\u00f8vetakingssteder.<\/td>\n<\/tr>\n<tr class=\"row-36\">\n\t<td class=\"column-1\">30<\/td><td class=\"column-2\">Veiledning om tiltak som m\u00e5 iverksettes for \u00e5 opprettholde tilstrekkelig inneluftkvalitet ved endringer i brukertetthet eller arbeidsmetoder.<\/td>\n<\/tr>\n<\/tbody>\n<\/table>\n<!-- #tablepress-A2 from cache -->","protected":false},"excerpt":{"rendered":"<p>Sjekklisten brukes under utarbeidelse av plan for inneluftkvalitet.<\/p>\n","protected":false},"author":5,"featured_media":0,"parent":0,"menu_order":12,"comment_status":"closed","ping_status":"closed","template":"page-page.php","meta":{"_acf_changed":false,"footnotes":""},"categories":[],"connection":[],"class_list":["post-5156","page","type-page","status-publish","hentry"],"acf":[],"yoast_head":"<!-- This site is optimized with the Yoast SEO plugin v25.4 - https:\/\/yoast.com\/wordpress\/plugins\/seo\/ -->\n<title>Sjekkliste A2 - BREEAM-NOR<\/title>\n<meta name=\"robots\" content=\"index, follow, max-snippet:-1, max-image-preview:large, max-video-preview:-1\" \/>\n<link rel=\"canonical\" href=\"https:\/\/breeam-nor.byggalliansen.no\/v6\/sjekkliste-a2\/\" \/>\n<meta property=\"og:locale\" content=\"nb_NO\" \/>\n<meta property=\"og:type\" content=\"article\" \/>\n<meta property=\"og:title\" content=\"Sjekkliste A2 - BREEAM-NOR\" \/>\n<meta property=\"og:description\" content=\"Sjekklisten brukes under utarbeidelse av plan for inneluftkvalitet.\" \/>\n<meta property=\"og:url\" content=\"https:\/\/breeam-nor.byggalliansen.no\/v6\/sjekkliste-a2\/\" \/>\n<meta property=\"og:site_name\" content=\"BREEAM-NOR\" \/>\n<meta property=\"article:modified_time\" content=\"2025-05-05T14:29:19+00:00\" \/>\n<meta name=\"twitter:card\" content=\"summary_large_image\" \/>\n<meta name=\"twitter:label1\" content=\"Ansl. lesetid\" \/>\n\t<meta name=\"twitter:data1\" content=\"1 minutt\" \/>\n<script type=\"application\/ld+json\" class=\"yoast-schema-graph\">{\"@context\":\"https:\/\/schema.org\",\"@graph\":[{\"@type\":\"WebPage\",\"@id\":\"https:\/\/breeam-nor.byggalliansen.no\/v6\/sjekkliste-a2\/\",\"url\":\"https:\/\/breeam-nor.byggalliansen.no\/v6\/sjekkliste-a2\/\",\"name\":\"Sjekkliste A2 - BREEAM-NOR\",\"isPartOf\":{\"@id\":\"https:\/\/breeam-nor.byggalliansen.no\/v6\/#website\"},\"datePublished\":\"2025-05-05T14:28:21+00:00\",\"dateModified\":\"2025-05-05T14:29:19+00:00\",\"breadcrumb\":{\"@id\":\"https:\/\/breeam-nor.byggalliansen.no\/v6\/sjekkliste-a2\/#breadcrumb\"},\"inLanguage\":\"nb-NO\",\"potentialAction\":[{\"@type\":\"ReadAction\",\"target\":[\"https:\/\/breeam-nor.byggalliansen.no\/v6\/sjekkliste-a2\/\"]}]},{\"@type\":\"BreadcrumbList\",\"@id\":\"https:\/\/breeam-nor.byggalliansen.no\/v6\/sjekkliste-a2\/#breadcrumb\",\"itemListElement\":[{\"@type\":\"ListItem\",\"position\":1,\"name\":\"BREEAM-NOR\",\"item\":\"https:\/\/breeam-nor.byggalliansen.no\/v6\/\"},{\"@type\":\"ListItem\",\"position\":2,\"name\":\"Sjekkliste A2\"}]},{\"@type\":\"WebSite\",\"@id\":\"https:\/\/breeam-nor.byggalliansen.no\/v6\/#website\",\"url\":\"https:\/\/breeam-nor.byggalliansen.no\/v6\/\",\"name\":\"BREEAM-NOR\",\"description\":\"Versjon 6.1.1, 2024\",\"potentialAction\":[{\"@type\":\"SearchAction\",\"target\":{\"@type\":\"EntryPoint\",\"urlTemplate\":\"https:\/\/breeam-nor.byggalliansen.no\/v6\/?s={search_term_string}\"},\"query-input\":{\"@type\":\"PropertyValueSpecification\",\"valueRequired\":true,\"valueName\":\"search_term_string\"}}],\"inLanguage\":\"nb-NO\"}]}<\/script>\n<!-- \/ Yoast SEO plugin. -->","yoast_head_json":{"title":"Sjekkliste A2 - BREEAM-NOR","robots":{"index":"index","follow":"follow","max-snippet":"max-snippet:-1","max-image-preview":"max-image-preview:large","max-video-preview":"max-video-preview:-1"},"canonical":"https:\/\/breeam-nor.byggalliansen.no\/v6\/sjekkliste-a2\/","og_locale":"nb_NO","og_type":"article","og_title":"Sjekkliste A2 - BREEAM-NOR","og_description":"Sjekklisten brukes under utarbeidelse av plan for inneluftkvalitet.","og_url":"https:\/\/breeam-nor.byggalliansen.no\/v6\/sjekkliste-a2\/","og_site_name":"BREEAM-NOR","article_modified_time":"2025-05-05T14:29:19+00:00","twitter_card":"summary_large_image","twitter_misc":{"Ansl. lesetid":"1 minutt"},"schema":{"@context":"https:\/\/schema.org","@graph":[{"@type":"WebPage","@id":"https:\/\/breeam-nor.byggalliansen.no\/v6\/sjekkliste-a2\/","url":"https:\/\/breeam-nor.byggalliansen.no\/v6\/sjekkliste-a2\/","name":"Sjekkliste A2 - BREEAM-NOR","isPartOf":{"@id":"https:\/\/breeam-nor.byggalliansen.no\/v6\/#website"},"datePublished":"2025-05-05T14:28:21+00:00","dateModified":"2025-05-05T14:29:19+00:00","breadcrumb":{"@id":"https:\/\/breeam-nor.byggalliansen.no\/v6\/sjekkliste-a2\/#breadcrumb"},"inLanguage":"nb-NO","potentialAction":[{"@type":"ReadAction","target":["https:\/\/breeam-nor.byggalliansen.no\/v6\/sjekkliste-a2\/"]}]},{"@type":"BreadcrumbList","@id":"https:\/\/breeam-nor.byggalliansen.no\/v6\/sjekkliste-a2\/#breadcrumb","itemListElement":[{"@type":"ListItem","position":1,"name":"BREEAM-NOR","item":"https:\/\/breeam-nor.byggalliansen.no\/v6\/"},{"@type":"ListItem","position":2,"name":"Sjekkliste A2"}]},{"@type":"WebSite","@id":"https:\/\/breeam-nor.byggalliansen.no\/v6\/#website","url":"https:\/\/breeam-nor.byggalliansen.no\/v6\/","name":"BREEAM-NOR","description":"Versjon 6.1.1, 2024","potentialAction":[{"@type":"SearchAction","target":{"@type":"EntryPoint","urlTemplate":"https:\/\/breeam-nor.byggalliansen.no\/v6\/?s={search_term_string}"},"query-input":{"@type":"PropertyValueSpecification","valueRequired":true,"valueName":"search_term_string"}}],"inLanguage":"nb-NO"}]}},"_links":{"self":[{"href":"https:\/\/breeam-nor.byggalliansen.no\/v6\/wp-json\/wp\/v2\/pages\/5156","targetHints":{"allow":["GET"]}}],"collection":[{"href":"https:\/\/breeam-nor.byggalliansen.no\/v6\/wp-json\/wp\/v2\/pages"}],"about":[{"href":"https:\/\/breeam-nor.byggalliansen.no\/v6\/wp-json\/wp\/v2\/types\/page"}],"author":[{"embeddable":true,"href":"https:\/\/breeam-nor.byggalliansen.no\/v6\/wp-json\/wp\/v2\/users\/5"}],"replies":[{"embeddable":true,"href":"https:\/\/breeam-nor.byggalliansen.no\/v6\/wp-json\/wp\/v2\/comments?post=5156"}],"version-history":[{"count":1,"href":"https:\/\/breeam-nor.byggalliansen.no\/v6\/wp-json\/wp\/v2\/pages\/5156\/revisions"}],"predecessor-version":[{"id":5157,"href":"https:\/\/breeam-nor.byggalliansen.no\/v6\/wp-json\/wp\/v2\/pages\/5156\/revisions\/5157"}],"wp:attachment":[{"href":"https:\/\/breeam-nor.byggalliansen.no\/v6\/wp-json\/wp\/v2\/media?parent=5156"}],"wp:term":[{"taxonomy":"category","embeddable":true,"href":"https:\/\/breeam-nor.byggalliansen.no\/v6\/wp-json\/wp\/v2\/categories?post=5156"},{"taxonomy":"connection","embeddable":true,"href":"https:\/\/breeam-nor.byggalliansen.no\/v6\/wp-json\/wp\/v2\/connection?post=5156"}],"curies":[{"name":"wp","href":"https:\/\/api.w.org\/{rel}","templated":true}]}}