{"id":5402,"date":"2025-05-12T06:31:32","date_gmt":"2025-05-12T06:31:32","guid":{"rendered":"https:\/\/breeam-nor.byggalliansen.no\/v6\/?page_id=5402"},"modified":"2025-05-25T18:17:22","modified_gmt":"2025-05-25T18:17:22","slug":"ressursstyringsplan","status":"publish","type":"page","link":"https:\/\/breeam-nor.byggalliansen.no\/v6\/kategorier-og-emner\/avfall\/wst-01-ressurshandtering-pa-byggeplass\/ressursstyringsplan\/","title":{"rendered":"Ressursstyringsplan"},"content":{"rendered":"\n<ol start=\"1\" class=\"wp-block-list\">\n<li>Det skal utarbeides en ressursstyringsplan senest i steg 3 (se Metode), som omfatter prosjektering og h\u00e5ndtering av <dfn aria-describedby=\"desc-1747315250163-kssnm42b0\" data-definition=\"Byggavfall\">byggavfall<\/dfn>, riveavfall og gravemasser. Dersom det finnes eksisterende konstruksjoner p\u00e5 utbyggingsomr\u00e5det, skal ressursstyringsplanen utarbeides i sammenheng med ombrukskartleggingsrapporten fra emnet Mat 06 Materialeffektivitet og ombruk. Ressursstyringsplanen skal som et minimum inneholde:&nbsp;\n<ol style=\"list-style-type:lower-alpha\" class=\"wp-block-list\">\n<li>Prosjekterte l\u00f8sninger og metoder som reduserer mengden byggavfall.&nbsp;<\/li>\n\n\n\n<li>M\u00e5l for sorteringsgrad av byggavfall, inkludert riveavfall dersom relevant, jf. kriterium 4 nedenfor. Videre skal de aktuelle avfallsfraksjonene beskrives med tilh\u00f8rende nedstr\u00f8msl\u00f8sninger. Minst to av avfallsgruppene EPS, XPS, glassull og steinull skal utsorteres.&nbsp;<\/li>\n\n\n\n<li>M\u00e5l for maksimale mengder av byggavfall, og riveavfall dersom relevant, generert p\u00e5 utbyggingsomr\u00e5det, m\u00e5lt i kg avfall per m2 (BRA).&nbsp;<\/li>\n\n\n\n<li>Prosjektert mengdeuttak av gravemasser (m<sup>3<\/sup>), b\u00e5de forurensede og ikke-forurensede masser, og planlagt h\u00e5ndtering av disse massene (se Metode).&nbsp;<\/li>\n<\/ol>\n<\/li>\n<\/ol>\n\n\n\n<ol start=\"2\" class=\"wp-block-list\">\n<li>Prosjektet skal videre detaljere m\u00e5l satt i ressursstyringsplanen og sikre gjennomf\u00f8ring ved \u00e5:&nbsp;\n<ol style=\"list-style-type:lower-alpha\" class=\"wp-block-list\">\n<li>gj\u00f8re rede for hvordan ressursutnyttelse i byggefase er planlagt gjennomf\u00f8rt&nbsp;&nbsp;<\/li>\n\n\n\n<li>utnevne en person i prosjektet med ansvar for \u00e5 f\u00f8lge opp gjennomf\u00f8ring av planen. Der det er aktuelt m\u00e5 det sikres overf\u00f8ring fra prosjekteringsgruppen til entrepren\u00f8r.&nbsp;<\/li>\n\n\n\n<li>etablere rutiner for <dfn aria-describedby=\"desc-1747315327696-wwuz91pok\" data-definition=\"Ombruk\">ombruk<\/dfn> , sortering og <dfn aria-describedby=\"desc-1747315348998-y36uvm4q3\" data-definition=\"Materialgjenvinning\">materialgjenvinning<\/dfn> av byggavfall i definerte avfallsfraksjoner p\u00e5 utbyggingsomr\u00e5det.&nbsp;<\/li>\n\n\n\n<li>m\u00e5le mengden avfall som genereres p\u00e5 utbyggingsomr\u00e5det, og jevnlig g\u00e5 gjennom resultatene med de relevante akt\u00f8rene i prosjektet for \u00e5 sikre at m\u00e5l satt for avfallsmengder i prosjektet blir n\u00e5dd.&nbsp;<\/li>\n<\/ol>\n<\/li>\n<\/ol>\n\n\n\n<p><\/p>\n","protected":false},"excerpt":{"rendered":"","protected":false},"author":6,"featured_media":0,"parent":4751,"menu_order":0,"comment_status":"closed","ping_status":"closed","template":"","meta":{"_acf_changed":false,"footnotes":""},"categories":[],"connection":[68],"class_list":["post-5402","page","type-page","status-publish","hentry","connection-7-1-1"],"acf":[],"yoast_head":"<!-- This site is optimized with the Yoast SEO plugin v25.4 - https:\/\/yoast.com\/wordpress\/plugins\/seo\/ -->\n<title>Ressursstyringsplan - BREEAM-NOR<\/title>\n<meta name=\"robots\" content=\"index, follow, max-snippet:-1, max-image-preview:large, max-video-preview:-1\" \/>\n<link rel=\"canonical\" href=\"http:\/\/breeam-nor.byggalliansen.no\/v6\/kategorier-og-emner\/avfall\/wst-01-ressurshandtering-pa-byggeplass\/ressursstyringsplan\/\" \/>\n<meta property=\"og:locale\" content=\"nb_NO\" \/>\n<meta property=\"og:type\" content=\"article\" \/>\n<meta property=\"og:title\" content=\"Ressursstyringsplan - BREEAM-NOR\" \/>\n<meta property=\"og:url\" content=\"http:\/\/breeam-nor.byggalliansen.no\/v6\/kategorier-og-emner\/avfall\/wst-01-ressurshandtering-pa-byggeplass\/ressursstyringsplan\/\" \/>\n<meta property=\"og:site_name\" content=\"BREEAM-NOR\" \/>\n<meta property=\"article:modified_time\" content=\"2025-05-25T18:17:22+00:00\" \/>\n<meta name=\"twitter:card\" content=\"summary_large_image\" \/>\n<meta name=\"twitter:label1\" content=\"Ansl. lesetid\" \/>\n\t<meta name=\"twitter:data1\" content=\"2 minutter\" \/>\n<script type=\"application\/ld+json\" class=\"yoast-schema-graph\">{\"@context\":\"https:\/\/schema.org\",\"@graph\":[{\"@type\":\"WebPage\",\"@id\":\"http:\/\/breeam-nor.byggalliansen.no\/v6\/kategorier-og-emner\/avfall\/wst-01-ressurshandtering-pa-byggeplass\/ressursstyringsplan\/\",\"url\":\"http:\/\/breeam-nor.byggalliansen.no\/v6\/kategorier-og-emner\/avfall\/wst-01-ressurshandtering-pa-byggeplass\/ressursstyringsplan\/\",\"name\":\"Ressursstyringsplan - BREEAM-NOR\",\"isPartOf\":{\"@id\":\"https:\/\/breeam-nor.byggalliansen.no\/v6\/#website\"},\"datePublished\":\"2025-05-12T06:31:32+00:00\",\"dateModified\":\"2025-05-25T18:17:22+00:00\",\"breadcrumb\":{\"@id\":\"http:\/\/breeam-nor.byggalliansen.no\/v6\/kategorier-og-emner\/avfall\/wst-01-ressurshandtering-pa-byggeplass\/ressursstyringsplan\/#breadcrumb\"},\"inLanguage\":\"nb-NO\",\"potentialAction\":[{\"@type\":\"ReadAction\",\"target\":[\"http:\/\/breeam-nor.byggalliansen.no\/v6\/kategorier-og-emner\/avfall\/wst-01-ressurshandtering-pa-byggeplass\/ressursstyringsplan\/\"]}]},{\"@type\":\"BreadcrumbList\",\"@id\":\"http:\/\/breeam-nor.byggalliansen.no\/v6\/kategorier-og-emner\/avfall\/wst-01-ressurshandtering-pa-byggeplass\/ressursstyringsplan\/#breadcrumb\",\"itemListElement\":[{\"@type\":\"ListItem\",\"position\":1,\"name\":\"BREEAM-NOR\",\"item\":\"https:\/\/breeam-nor.byggalliansen.no\/v6\/\"},{\"@type\":\"ListItem\",\"position\":2,\"name\":\"Kategorier og emner\",\"item\":\"https:\/\/breeam-nor.byggalliansen.no\/v6\/kategorier-og-emner\/\"},{\"@type\":\"ListItem\",\"position\":3,\"name\":\"Avfall\",\"item\":\"http:\/\/breeam-nor.byggalliansen.no\/v6\/kategorier-og-emner\/avfall\/\"},{\"@type\":\"ListItem\",\"position\":4,\"name\":\"Wst 01 Ressursh\u00e5ndtering p\u00e5 byggeplass\",\"item\":\"http:\/\/breeam-nor.byggalliansen.no\/v6\/kategorier-og-emner\/avfall\/wst-01-ressurshandtering-pa-byggeplass\/\"},{\"@type\":\"ListItem\",\"position\":5,\"name\":\"Ressursstyringsplan\"}]},{\"@type\":\"WebSite\",\"@id\":\"https:\/\/breeam-nor.byggalliansen.no\/v6\/#website\",\"url\":\"https:\/\/breeam-nor.byggalliansen.no\/v6\/\",\"name\":\"BREEAM-NOR\",\"description\":\"Versjon 6.1.1, 2024\",\"potentialAction\":[{\"@type\":\"SearchAction\",\"target\":{\"@type\":\"EntryPoint\",\"urlTemplate\":\"https:\/\/breeam-nor.byggalliansen.no\/v6\/?s={search_term_string}\"},\"query-input\":{\"@type\":\"PropertyValueSpecification\",\"valueRequired\":true,\"valueName\":\"search_term_string\"}}],\"inLanguage\":\"nb-NO\"}]}<\/script>\n<!-- \/ Yoast SEO plugin. -->","yoast_head_json":{"title":"Ressursstyringsplan - BREEAM-NOR","robots":{"index":"index","follow":"follow","max-snippet":"max-snippet:-1","max-image-preview":"max-image-preview:large","max-video-preview":"max-video-preview:-1"},"canonical":"http:\/\/breeam-nor.byggalliansen.no\/v6\/kategorier-og-emner\/avfall\/wst-01-ressurshandtering-pa-byggeplass\/ressursstyringsplan\/","og_locale":"nb_NO","og_type":"article","og_title":"Ressursstyringsplan - BREEAM-NOR","og_url":"http:\/\/breeam-nor.byggalliansen.no\/v6\/kategorier-og-emner\/avfall\/wst-01-ressurshandtering-pa-byggeplass\/ressursstyringsplan\/","og_site_name":"BREEAM-NOR","article_modified_time":"2025-05-25T18:17:22+00:00","twitter_card":"summary_large_image","twitter_misc":{"Ansl. lesetid":"2 minutter"},"schema":{"@context":"https:\/\/schema.org","@graph":[{"@type":"WebPage","@id":"http:\/\/breeam-nor.byggalliansen.no\/v6\/kategorier-og-emner\/avfall\/wst-01-ressurshandtering-pa-byggeplass\/ressursstyringsplan\/","url":"http:\/\/breeam-nor.byggalliansen.no\/v6\/kategorier-og-emner\/avfall\/wst-01-ressurshandtering-pa-byggeplass\/ressursstyringsplan\/","name":"Ressursstyringsplan - BREEAM-NOR","isPartOf":{"@id":"https:\/\/breeam-nor.byggalliansen.no\/v6\/#website"},"datePublished":"2025-05-12T06:31:32+00:00","dateModified":"2025-05-25T18:17:22+00:00","breadcrumb":{"@id":"http:\/\/breeam-nor.byggalliansen.no\/v6\/kategorier-og-emner\/avfall\/wst-01-ressurshandtering-pa-byggeplass\/ressursstyringsplan\/#breadcrumb"},"inLanguage":"nb-NO","potentialAction":[{"@type":"ReadAction","target":["http:\/\/breeam-nor.byggalliansen.no\/v6\/kategorier-og-emner\/avfall\/wst-01-ressurshandtering-pa-byggeplass\/ressursstyringsplan\/"]}]},{"@type":"BreadcrumbList","@id":"http:\/\/breeam-nor.byggalliansen.no\/v6\/kategorier-og-emner\/avfall\/wst-01-ressurshandtering-pa-byggeplass\/ressursstyringsplan\/#breadcrumb","itemListElement":[{"@type":"ListItem","position":1,"name":"BREEAM-NOR","item":"https:\/\/breeam-nor.byggalliansen.no\/v6\/"},{"@type":"ListItem","position":2,"name":"Kategorier og emner","item":"https:\/\/breeam-nor.byggalliansen.no\/v6\/kategorier-og-emner\/"},{"@type":"ListItem","position":3,"name":"Avfall","item":"http:\/\/breeam-nor.byggalliansen.no\/v6\/kategorier-og-emner\/avfall\/"},{"@type":"ListItem","position":4,"name":"Wst 01 Ressursh\u00e5ndtering p\u00e5 byggeplass","item":"http:\/\/breeam-nor.byggalliansen.no\/v6\/kategorier-og-emner\/avfall\/wst-01-ressurshandtering-pa-byggeplass\/"},{"@type":"ListItem","position":5,"name":"Ressursstyringsplan"}]},{"@type":"WebSite","@id":"https:\/\/breeam-nor.byggalliansen.no\/v6\/#website","url":"https:\/\/breeam-nor.byggalliansen.no\/v6\/","name":"BREEAM-NOR","description":"Versjon 6.1.1, 2024","potentialAction":[{"@type":"SearchAction","target":{"@type":"EntryPoint","urlTemplate":"https:\/\/breeam-nor.byggalliansen.no\/v6\/?s={search_term_string}"},"query-input":{"@type":"PropertyValueSpecification","valueRequired":true,"valueName":"search_term_string"}}],"inLanguage":"nb-NO"}]}},"_links":{"self":[{"href":"https:\/\/breeam-nor.byggalliansen.no\/v6\/wp-json\/wp\/v2\/pages\/5402","targetHints":{"allow":["GET"]}}],"collection":[{"href":"https:\/\/breeam-nor.byggalliansen.no\/v6\/wp-json\/wp\/v2\/pages"}],"about":[{"href":"https:\/\/breeam-nor.byggalliansen.no\/v6\/wp-json\/wp\/v2\/types\/page"}],"author":[{"embeddable":true,"href":"https:\/\/breeam-nor.byggalliansen.no\/v6\/wp-json\/wp\/v2\/users\/6"}],"replies":[{"embeddable":true,"href":"https:\/\/breeam-nor.byggalliansen.no\/v6\/wp-json\/wp\/v2\/comments?post=5402"}],"version-history":[{"count":3,"href":"https:\/\/breeam-nor.byggalliansen.no\/v6\/wp-json\/wp\/v2\/pages\/5402\/revisions"}],"predecessor-version":[{"id":5584,"href":"https:\/\/breeam-nor.byggalliansen.no\/v6\/wp-json\/wp\/v2\/pages\/5402\/revisions\/5584"}],"up":[{"embeddable":true,"href":"https:\/\/breeam-nor.byggalliansen.no\/v6\/wp-json\/wp\/v2\/pages\/4751"}],"wp:attachment":[{"href":"https:\/\/breeam-nor.byggalliansen.no\/v6\/wp-json\/wp\/v2\/media?parent=5402"}],"wp:term":[{"taxonomy":"category","embeddable":true,"href":"https:\/\/breeam-nor.byggalliansen.no\/v6\/wp-json\/wp\/v2\/categories?post=5402"},{"taxonomy":"connection","embeddable":true,"href":"https:\/\/breeam-nor.byggalliansen.no\/v6\/wp-json\/wp\/v2\/connection?post=5402"}],"curies":[{"name":"wp","href":"https:\/\/api.w.org\/{rel}","templated":true}]}}