{"id":5410,"date":"2025-05-12T06:50:23","date_gmt":"2025-05-12T06:50:16","guid":{"rendered":"https:\/\/breeam-nor.byggalliansen.no\/v6\/?page_id=5410"},"modified":"2025-08-21T07:47:10","modified_gmt":"2025-08-21T07:47:10","slug":"avfall-i-driftsfase","status":"publish","type":"page","link":"https:\/\/breeam-nor.byggalliansen.no\/v6\/kategorier-og-emner\/avfall\/wst-03a-avfall-i-driftsfase\/avfall-i-driftsfase\/","title":{"rendered":"Avfall i driftsfase"},"content":{"rendered":"\n<ol start=\"1\" class=\"wp-block-list\">\n<li>Det er avsatt ett eller flere omr\u00e5der for sortering og eventuelt oppbevaring av gjenvinnbart driftsavfall. Omr\u00e5det og utstyret (dersom det er installert som del av bygget) m\u00e5 v\u00e6re:&nbsp;\n<ol style=\"list-style-type:lower-alpha\" class=\"wp-block-list\">\n<li>tydelig merket for \u00e5 gj\u00f8re det enkelt \u00e5 sortere, eventuelt oppbevare og hente gjenvinnbare avfallsfraksjoner&nbsp;<\/li>\n\n\n\n<li>tilgjengelig (se Metode) for bygningsbrukere eller driftspersonale for avhending av avfall og for renovat\u00f8r som skal hente avfallet&nbsp;<\/li>\n\n\n\n<li>tilstrekkelig kapasitet for bygningskategori, st\u00f8rrelse, antall utleieenheter (dersom det er relevant) og forventede avfallsmengder som vil genereres fra daglig\/ukentlig drift og belegg\/bruksm\u00f8nster&nbsp;<\/li>\n<\/ol>\n<\/li>\n<\/ol>\n\n\n\n<ol start=\"2\" class=\"wp-block-list\">\n<li>Dersom store mengder emballasje og\/eller matavfall genereres fra bygningens bruk og drift, m\u00e5 f\u00f8lgende oppsamlingsutstyr etableres:&nbsp;\n<ol style=\"list-style-type:lower-alpha\" class=\"wp-block-list\">\n<li><dfn aria-describedby=\"desc-1747316041261-qg5envndl\" data-definition=\"Avfallskomprimator eller -presse\">avfallskomprimatorer eller -presser<\/dfn>, plassert i et serviceomr\u00e5de eller eget omr\u00e5de for avfallsh\u00e5ndtering&nbsp;<\/li>\n\n\n\n<li>beholdere for kompostering av egnet v\u00e5torganisk avfall fra byggets daglige drift og bruk ELLER tilstrekkelig plass til oppbevaring av sortert matavfall og komposterbart v\u00e5torganisk avfall f\u00f8r henting og levering til et alternativt komposteringsanlegg (eller biogassanlegg) eller anlegg som oppgraderer v\u00e5torganisk avfall&nbsp;<\/li>\n\n\n\n<li>vannuttak (for rengj\u00f8rings- og hygieneform\u00e5l) ved siden av, eller i omr\u00e5det, av oppbevaring- eller komposteringsl\u00f8sning for organisk avfall dersom det finnes p\u00e5 stedet.&nbsp;&nbsp;<\/li>\n<\/ol>\n<\/li>\n<\/ol>\n\n\n\n<p><strong>Tillegg for boliginstitusjoner med selvstendige boenheter&nbsp;<\/strong><\/p>\n\n\n\n<ol start=\"3\" class=\"wp-block-list\">\n<li>Hver boenhet har minst tre interne lagringsbeholdere med f\u00f8lgende egenskaper:&nbsp;\n<ol style=\"list-style-type:lower-alpha\" class=\"wp-block-list\">\n<li>samlet kapasitet p\u00e5 minst 30 liter&nbsp;<\/li>\n\n\n\n<li>enkeltbeholdere som rommer minst 7 liter&nbsp;<\/li>\n\n\n\n<li>alle beholdere er plassert p\u00e5 en fast plass som ikke er til hinder&nbsp;<\/li>\n\n\n\n<li>b\u00e5de beholdere for gjenvinnbart avfall og restavfall&nbsp;<\/li>\n<\/ol>\n<\/li>\n<\/ol>\n\n\n\n<ol start=\"4\" class=\"wp-block-list\">\n<li>I kj\u00f8kkenomr\u00e5det i hver selvstendig boenhet finnes komposteringsl\u00f8sninger og et informasjonshefte for kompostering. Hvis det eksisterer en henteordning for matavfall, er informasjonsarket fra de lokale myndighetene tilstrekkelig til \u00e5 tilfredsstille kriteriet.&nbsp;<\/li>\n<\/ol>\n\n\n\n<p><strong>Tillegg for boliginstitusjoner med individuelle soverom og felles fasiliteter&nbsp;<\/strong><\/p>\n\n\n\n<ol start=\"5\" class=\"wp-block-list\">\n<li>Ovennevnte lagringskrav (kriterium 3.a-c ovenfor) er oppfylt for hvert sjette soverom.&nbsp;<\/li>\n<\/ol>\n\n\n\n<p><\/p>\n","protected":false},"excerpt":{"rendered":"<p>Tillegg for boliginstitusjoner med selvstendige boenheter&nbsp; Tillegg for boliginstitusjoner med individuelle soverom og felles fasiliteter&nbsp;<\/p>\n","protected":false},"author":6,"featured_media":0,"parent":4752,"menu_order":0,"comment_status":"closed","ping_status":"closed","template":"","meta":{"_acf_changed":false,"footnotes":""},"categories":[31],"connection":[78],"class_list":["post-5410","page","type-page","status-publish","hentry","category-minstekrav","connection-7-2-1"],"acf":[],"yoast_head":"<!-- This site is optimized with the Yoast SEO plugin v25.4 - https:\/\/yoast.com\/wordpress\/plugins\/seo\/ -->\n<title>Avfall i driftsfase - BREEAM-NOR<\/title>\n<meta name=\"robots\" content=\"index, follow, max-snippet:-1, max-image-preview:large, max-video-preview:-1\" \/>\n<link rel=\"canonical\" href=\"https:\/\/breeam-nor.byggalliansen.no\/v6\/kategorier-og-emner\/avfall\/wst-03a-avfall-i-driftsfase\/avfall-i-driftsfase\/\" \/>\n<meta property=\"og:locale\" content=\"nb_NO\" \/>\n<meta property=\"og:type\" content=\"article\" \/>\n<meta property=\"og:title\" content=\"Avfall i driftsfase - BREEAM-NOR\" \/>\n<meta property=\"og:description\" content=\"Tillegg for boliginstitusjoner med selvstendige boenheter&nbsp; Tillegg for boliginstitusjoner med individuelle soverom og felles fasiliteter&nbsp;\" \/>\n<meta property=\"og:url\" content=\"https:\/\/breeam-nor.byggalliansen.no\/v6\/kategorier-og-emner\/avfall\/wst-03a-avfall-i-driftsfase\/avfall-i-driftsfase\/\" \/>\n<meta property=\"og:site_name\" content=\"BREEAM-NOR\" \/>\n<meta property=\"article:modified_time\" content=\"2025-08-21T07:47:10+00:00\" \/>\n<meta name=\"twitter:card\" content=\"summary_large_image\" \/>\n<meta name=\"twitter:label1\" content=\"Ansl. lesetid\" \/>\n\t<meta name=\"twitter:data1\" content=\"2 minutter\" \/>\n<script type=\"application\/ld+json\" class=\"yoast-schema-graph\">{\"@context\":\"https:\/\/schema.org\",\"@graph\":[{\"@type\":\"WebPage\",\"@id\":\"https:\/\/breeam-nor.byggalliansen.no\/v6\/kategorier-og-emner\/avfall\/wst-03a-avfall-i-driftsfase\/avfall-i-driftsfase\/\",\"url\":\"https:\/\/breeam-nor.byggalliansen.no\/v6\/kategorier-og-emner\/avfall\/wst-03a-avfall-i-driftsfase\/avfall-i-driftsfase\/\",\"name\":\"Avfall i driftsfase - BREEAM-NOR\",\"isPartOf\":{\"@id\":\"https:\/\/breeam-nor.byggalliansen.no\/v6\/#website\"},\"datePublished\":\"2025-05-12T06:50:16+00:00\",\"dateModified\":\"2025-08-21T07:47:10+00:00\",\"breadcrumb\":{\"@id\":\"https:\/\/breeam-nor.byggalliansen.no\/v6\/kategorier-og-emner\/avfall\/wst-03a-avfall-i-driftsfase\/avfall-i-driftsfase\/#breadcrumb\"},\"inLanguage\":\"nb-NO\",\"potentialAction\":[{\"@type\":\"ReadAction\",\"target\":[\"https:\/\/breeam-nor.byggalliansen.no\/v6\/kategorier-og-emner\/avfall\/wst-03a-avfall-i-driftsfase\/avfall-i-driftsfase\/\"]}]},{\"@type\":\"BreadcrumbList\",\"@id\":\"https:\/\/breeam-nor.byggalliansen.no\/v6\/kategorier-og-emner\/avfall\/wst-03a-avfall-i-driftsfase\/avfall-i-driftsfase\/#breadcrumb\",\"itemListElement\":[{\"@type\":\"ListItem\",\"position\":1,\"name\":\"BREEAM-NOR\",\"item\":\"https:\/\/breeam-nor.byggalliansen.no\/v6\/\"},{\"@type\":\"ListItem\",\"position\":2,\"name\":\"Kategorier og emner\",\"item\":\"https:\/\/breeam-nor.byggalliansen.no\/v6\/kategorier-og-emner\/\"},{\"@type\":\"ListItem\",\"position\":3,\"name\":\"Avfall\",\"item\":\"http:\/\/breeam-nor.byggalliansen.no\/v6\/kategorier-og-emner\/avfall\/\"},{\"@type\":\"ListItem\",\"position\":4,\"name\":\"Wst 03a Avfall i driftsfase (alle bygg, unntatt bolig)\",\"item\":\"http:\/\/breeam-nor.byggalliansen.no\/v6\/kategorier-og-emner\/avfall\/wst-03a-avfall-i-driftsfase\/\"},{\"@type\":\"ListItem\",\"position\":5,\"name\":\"Avfall i driftsfase\"}]},{\"@type\":\"WebSite\",\"@id\":\"https:\/\/breeam-nor.byggalliansen.no\/v6\/#website\",\"url\":\"https:\/\/breeam-nor.byggalliansen.no\/v6\/\",\"name\":\"BREEAM-NOR\",\"description\":\"Versjon 6.1.1, 2024\",\"potentialAction\":[{\"@type\":\"SearchAction\",\"target\":{\"@type\":\"EntryPoint\",\"urlTemplate\":\"https:\/\/breeam-nor.byggalliansen.no\/v6\/?s={search_term_string}\"},\"query-input\":{\"@type\":\"PropertyValueSpecification\",\"valueRequired\":true,\"valueName\":\"search_term_string\"}}],\"inLanguage\":\"nb-NO\"}]}<\/script>\n<!-- \/ Yoast SEO plugin. -->","yoast_head_json":{"title":"Avfall i driftsfase - BREEAM-NOR","robots":{"index":"index","follow":"follow","max-snippet":"max-snippet:-1","max-image-preview":"max-image-preview:large","max-video-preview":"max-video-preview:-1"},"canonical":"https:\/\/breeam-nor.byggalliansen.no\/v6\/kategorier-og-emner\/avfall\/wst-03a-avfall-i-driftsfase\/avfall-i-driftsfase\/","og_locale":"nb_NO","og_type":"article","og_title":"Avfall i driftsfase - BREEAM-NOR","og_description":"Tillegg for boliginstitusjoner med selvstendige boenheter&nbsp; Tillegg for boliginstitusjoner med individuelle soverom og felles fasiliteter&nbsp;","og_url":"https:\/\/breeam-nor.byggalliansen.no\/v6\/kategorier-og-emner\/avfall\/wst-03a-avfall-i-driftsfase\/avfall-i-driftsfase\/","og_site_name":"BREEAM-NOR","article_modified_time":"2025-08-21T07:47:10+00:00","twitter_card":"summary_large_image","twitter_misc":{"Ansl. lesetid":"2 minutter"},"schema":{"@context":"https:\/\/schema.org","@graph":[{"@type":"WebPage","@id":"https:\/\/breeam-nor.byggalliansen.no\/v6\/kategorier-og-emner\/avfall\/wst-03a-avfall-i-driftsfase\/avfall-i-driftsfase\/","url":"https:\/\/breeam-nor.byggalliansen.no\/v6\/kategorier-og-emner\/avfall\/wst-03a-avfall-i-driftsfase\/avfall-i-driftsfase\/","name":"Avfall i driftsfase - BREEAM-NOR","isPartOf":{"@id":"https:\/\/breeam-nor.byggalliansen.no\/v6\/#website"},"datePublished":"2025-05-12T06:50:16+00:00","dateModified":"2025-08-21T07:47:10+00:00","breadcrumb":{"@id":"https:\/\/breeam-nor.byggalliansen.no\/v6\/kategorier-og-emner\/avfall\/wst-03a-avfall-i-driftsfase\/avfall-i-driftsfase\/#breadcrumb"},"inLanguage":"nb-NO","potentialAction":[{"@type":"ReadAction","target":["https:\/\/breeam-nor.byggalliansen.no\/v6\/kategorier-og-emner\/avfall\/wst-03a-avfall-i-driftsfase\/avfall-i-driftsfase\/"]}]},{"@type":"BreadcrumbList","@id":"https:\/\/breeam-nor.byggalliansen.no\/v6\/kategorier-og-emner\/avfall\/wst-03a-avfall-i-driftsfase\/avfall-i-driftsfase\/#breadcrumb","itemListElement":[{"@type":"ListItem","position":1,"name":"BREEAM-NOR","item":"https:\/\/breeam-nor.byggalliansen.no\/v6\/"},{"@type":"ListItem","position":2,"name":"Kategorier og emner","item":"https:\/\/breeam-nor.byggalliansen.no\/v6\/kategorier-og-emner\/"},{"@type":"ListItem","position":3,"name":"Avfall","item":"http:\/\/breeam-nor.byggalliansen.no\/v6\/kategorier-og-emner\/avfall\/"},{"@type":"ListItem","position":4,"name":"Wst 03a Avfall i driftsfase (alle bygg, unntatt bolig)","item":"http:\/\/breeam-nor.byggalliansen.no\/v6\/kategorier-og-emner\/avfall\/wst-03a-avfall-i-driftsfase\/"},{"@type":"ListItem","position":5,"name":"Avfall i driftsfase"}]},{"@type":"WebSite","@id":"https:\/\/breeam-nor.byggalliansen.no\/v6\/#website","url":"https:\/\/breeam-nor.byggalliansen.no\/v6\/","name":"BREEAM-NOR","description":"Versjon 6.1.1, 2024","potentialAction":[{"@type":"SearchAction","target":{"@type":"EntryPoint","urlTemplate":"https:\/\/breeam-nor.byggalliansen.no\/v6\/?s={search_term_string}"},"query-input":{"@type":"PropertyValueSpecification","valueRequired":true,"valueName":"search_term_string"}}],"inLanguage":"nb-NO"}]}},"_links":{"self":[{"href":"https:\/\/breeam-nor.byggalliansen.no\/v6\/wp-json\/wp\/v2\/pages\/5410","targetHints":{"allow":["GET"]}}],"collection":[{"href":"https:\/\/breeam-nor.byggalliansen.no\/v6\/wp-json\/wp\/v2\/pages"}],"about":[{"href":"https:\/\/breeam-nor.byggalliansen.no\/v6\/wp-json\/wp\/v2\/types\/page"}],"author":[{"embeddable":true,"href":"https:\/\/breeam-nor.byggalliansen.no\/v6\/wp-json\/wp\/v2\/users\/6"}],"replies":[{"embeddable":true,"href":"https:\/\/breeam-nor.byggalliansen.no\/v6\/wp-json\/wp\/v2\/comments?post=5410"}],"version-history":[{"count":3,"href":"https:\/\/breeam-nor.byggalliansen.no\/v6\/wp-json\/wp\/v2\/pages\/5410\/revisions"}],"predecessor-version":[{"id":6059,"href":"https:\/\/breeam-nor.byggalliansen.no\/v6\/wp-json\/wp\/v2\/pages\/5410\/revisions\/6059"}],"up":[{"embeddable":true,"href":"https:\/\/breeam-nor.byggalliansen.no\/v6\/wp-json\/wp\/v2\/pages\/4752"}],"wp:attachment":[{"href":"https:\/\/breeam-nor.byggalliansen.no\/v6\/wp-json\/wp\/v2\/media?parent=5410"}],"wp:term":[{"taxonomy":"category","embeddable":true,"href":"https:\/\/breeam-nor.byggalliansen.no\/v6\/wp-json\/wp\/v2\/categories?post=5410"},{"taxonomy":"connection","embeddable":true,"href":"https:\/\/breeam-nor.byggalliansen.no\/v6\/wp-json\/wp\/v2\/connection?post=5410"}],"curies":[{"name":"wp","href":"https:\/\/api.w.org\/{rel}","templated":true}]}}