{"id":5954,"date":"2025-07-10T12:57:03","date_gmt":"2025-07-10T12:57:03","guid":{"rendered":"https:\/\/breeam-nor.byggalliansen.no\/v6\/vedlegg-e-metode-for-beregning-av-endring-i-biodiversitet\/definisjoner\/"},"modified":"2025-07-10T13:03:17","modified_gmt":"2025-07-10T13:03:17","slug":"definisjoner-vedlegg-e","status":"publish","type":"page","link":"https:\/\/breeam-nor.byggalliansen.no\/v6\/vedlegg-e-metode-for-beregning-av-endring-i-biodiversitet\/definisjoner-vedlegg-e\/","title":{"rendered":"Definisjoner vedlegg E"},"content":{"rendered":"\n<h3 class=\"wp-block-heading\">D1 Arealbasert habitat<\/h3>\n\n\n\n<p>Et arealbasert habitat er et habitat som vurderes ved hjelp av en oppm\u00e5ling av areal. I realiteten betyr dette at det omfatter alle habitater, inkl. enkeltr\u00e6r, bortsett fra habitater som vurderes som line\u00e6re. Anbefalt minsteareal p\u00e5 et habitat er 10 m2.<\/p>\n\n\n\n<h3 class=\"wp-block-heading\">D2 Arealbasert biodiversitetsenhet<\/h3>\n\n\n\n<p>Et nominelt tall avledet fra en beregning basert p\u00e5 numeriske verdier som er tildelt for et habitats s\u00e6rpreg, tilstand og areal samt risikofaktorer. Biodiversitetsenheter er ikke en fullstendig vurdering av biodiversitet, men brukes til \u00e5 kvantifisere hvorvidt utbyggingen har f\u00f8rt til et tap, intet netto tap eller en netto forbedring i biodiversitet.<\/p>\n\n\n\n<h3 class=\"wp-block-heading\">D3 Avstandsrisiko<\/h3>\n\n\n\n<p>Avstandsrisiko er risikoen knyttet til det \u00e5 yte kompensasjon for tap av et habitat i en avstand fra det aktuelle tapet. Generelt betyr st\u00f8rre avstand fra det opprinnelige habitatet st\u00f8rre risiko, s\u00e6rlig med hensyn til omr\u00e5der der biodiversitet er en strategisk prioritering.&nbsp;<\/p>\n\n\n\n<h3 class=\"wp-block-heading\">D4 Biodiversitet eller biologisk mangfold<\/h3>\n\n\n\n<p>Alle variasjonene av livsformer som finnes p\u00e5 jorda, p\u00e5 jord, hav eller andre akvatiske \u00f8kosystemer og de \u00f8kologiske kompleksene som de er en del av. Dette omfatter mangfold innenfor artene (genetisk mangfold), p\u00e5 artsniv\u00e5 og p\u00e5 \u00f8kosystemniv\u00e5. Biodiversitet er det samme som biologisk mangfold.<\/p>\n\n\n\n<h3 class=\"wp-block-heading\">D5 Bl\u00e5gr\u00f8nn infrastruktur<\/h3>\n\n\n\n<p>Flerfunksjonelt urbant og landlig omr\u00e5de som kan danne et nettverk eller v\u00e6re uavhengig, og som kan tilf\u00f8re lokalsamfunn et bredt spekter av nytte, b\u00e5de milj\u00f8messig og med tanke p\u00e5 livskvalitet. Dette omfatter b\u00e5de \u00abgr\u00f8nne\u00bb og \u00abbl\u00e5\u00bb (vannmilj\u00f8) funksjoner i naturlige og menneskeskapte milj\u00f8er. Eksempler er parker, \u00e5pne omr\u00e5der, idrettsplasser, skogomr\u00e5der, v\u00e5tmark, gressmark, elver og kanaler, parseller, private hager og gr\u00f8nne tak og fasader.<\/p>\n\n\n\n<h3 class=\"wp-block-heading\">D6 Enkelttr\u00e6r og trerekker<\/h3>\n\n\n\n<p>For trerekke benytter BREEAM-NOR definisjonen i Statens vegvesens veiledning Tr\u00e6r og all\u00e9er (2006):<\/p>\n\n\n\n<p>All\u00e9: to trerekker, med minimum fem tr\u00e6r i hver rekke, med tiln\u00e6rmet lik avstand mellom hvert tre.<br>Trerekke eller ensidig all\u00e9: en rekke med minimum fem tr\u00e6r p\u00e5 rekke, med tiln\u00e6rmet lik avstand mellom hvert tre.<br>Dobbel all\u00e9: tre eller flere trerekker med minimum fem tr\u00e6r p\u00e5 rekke med tiln\u00e6rmet lik avstand mellom hvert tre.<\/p>\n\n\n\n<p>Fordi tr\u00e6r m\u00e5 oppn\u00e5 en viss st\u00f8rrelse for at de skal inneha s\u00e6rskilt verdi m\u00e5 vi skille p\u00e5 st\u00f8rrelsen p\u00e5 tr\u00e6rne. Tr\u00e6r som defineres som sm\u00e5 og noks\u00e5 sm\u00e5 av Natur i Norge kan derfor regnes som arealbaserte arealer, selv der det er 5 eller flere i rekke. Definisjonene finner du her: <a href=\"https:\/\/www.artsdatabanken.no\/Pages\/181884\/Trestoerrelse\">4TS Trest\u00f8rrelse (artsdatabanken.no).<\/a><\/p>\n\n\n\n<p>Andre tregrupper og enkeltr\u00e6r skal behandles som et arealbasert habitat. Estimert areal av slike habitater skal baseres p\u00e5 rotbeskyttelsesarealet. Dette arealet defineres ved bruk av etablerte metoder, som Statens Vegvesens H\u00e5ndbok V271 Vegetasjon i veg og gatemilj\u00f8.<\/p>\n\n\n\n<h3 class=\"wp-block-heading\">D7 Forbedring av habitat&nbsp;<\/h3>\n\n\n\n<p>Bedret forvaltning av \u00f8kologiske funksjoner eller tilrettelegging av nye \u00f8kologiske funksjoner, som f\u00f8rer til netto biodiversitetsforbedring (NBF). Dette er ikke relatert til h\u00e5ndtering av negativ p\u00e5virkning, og er tiltak i tillegg til det som kreves for \u00e5 redusere, restaurere eller kompensere for p\u00e5virkning.<\/p>\n\n\n\n<p>Dette kan bety \u00e5 \u00f8ke mangfoldet av arter som kan forvaltes av habitatet, f.eks. ved \u00e5 forvalte en plen slik at den p\u00e5 sikt utvikler seg til en naturlig eng og dermed \u00f8ke mangfoldet av arter.<\/p>\n\n\n\n<h3 class=\"wp-block-heading\">D8 Forvaltningsprioriterte habitater og arter<\/h3>\n\n\n\n<p>Forvaltningsprioriterte habitattyper og arter er definert som forvaltningsprioritert for biodiversitet i Norsk r\u00f8dliste for naturtyper og arter. Det vil i forbindelse med denne metoden alltid v\u00e6re habitater med \u00abh\u00f8yt s\u00e6rpreg\u00bb.&nbsp;<\/p>\n\n\n\n<p>Naturlig kantvegetasjon i gr\u00f8fter, langs veier og langs \u00e5kerkanter, som er spesifikt forvaltet med tanke p\u00e5 dyrelivet, kvalifiserer ogs\u00e5 til \u00e5 v\u00e6re et habitat som er forvaltningsprioritert.&nbsp;<\/p>\n\n\n\n<h3 class=\"wp-block-heading\">D9 Fredede arter og vernede omr\u00e5der<\/h3>\n\n\n\n<p>Fredede arter er de europeiske beskyttede artene som er oppf\u00f8rt i Vedlegg IV i det europeiske habitatdirektivet, samt arter som er beskyttet i henhold til Naturmangfoldloven og tilh\u00f8rende forskrifter.<\/p>\n\n\n\n<p>Vernede omr\u00e5der er steder som er vernet i henhold til Naturmangfoldloven og Ramsar-konvensjonen.&nbsp;<\/p>\n\n\n\n<h3 class=\"wp-block-heading\">D10 Gr\u00f8nne tak \u2013 ekstensive&nbsp;<\/h3>\n\n\n\n<p>Ekstensive gr\u00f8nne tak kan gi st\u00f8rre biodiversitet enn intensive tak, men er regnet for \u00e5 v\u00e6re mindre egnet for trivsel og rekreasjon. Typisk vegetasjon kan v\u00e6re sedum, moser, urter og gress p\u00e5 tynt vekstmedium.&nbsp;<\/p>\n\n\n\n<h3 class=\"wp-block-heading\">D11 Gr\u00f8nne tak \u2013 intensive&nbsp;<\/h3>\n\n\n\n<p>Intensive gr\u00f8nne tak er f\u00f8rst og fremst utformet med tanke p\u00e5 trivsel, og er vanligvis tilgjengelige for rekreasjonsform\u00e5l. De kalles ogs\u00e5 takhager eller takterrasser. Takhager best\u00e5r av frodig vegetasjon p\u00e5 et forholdsvis n\u00e6ringsrikt og dypt substrat. Slike tak gir mulighet for \u00e5 etablere store planter og vanlig plen.<\/p>\n\n\n\n<h3 class=\"wp-block-heading\">D12 Influensomr\u00e5de&nbsp;<\/h3>\n\n\n\n<p>Omr\u00e5det eller omr\u00e5dene der \u00f8kologiske funksjoner kan p\u00e5virkes av biofysiske endringer som f\u00f8lge av et foresl\u00e5tt prosjekt og tilknyttede aktiviteter. Dette kan v\u00e6re landomr\u00e5der, korridorer eller vannmasser som ber\u00f8res av utbyggingsomr\u00e5det som skal vurderes.<\/p>\n\n\n\n<p>Disse omr\u00e5dene kan grense til utbyggingsomr\u00e5det, eller v\u00e6re omr\u00e5der som p\u00e5virkes eller er avhengige av utbyggingsomr\u00e5det uten \u00e5 v\u00e6re fysisk forbundet. Eksempelvis kan viltbestander bli isolert som f\u00f8lge av barrierer i trekkveiene, og endringer i vannveier kan p\u00e5virke omr\u00e5der som ligger nedstr\u00f8ms i forhold til utbyggingsomr\u00e5det.<\/p>\n\n\n\n<p>Arter og naturtyper innenfor p\u00e5virkningssonen kan bli negativt p\u00e5virket av endringer p\u00e5 et utbyggingsomr\u00e5de, men dette kan ogs\u00e5 gi mulighet til \u00e5 optimalisere fordelene med forbedringsaktiviteter innenfor p\u00e5virkningssonen.<\/p>\n\n\n\n<h3 class=\"wp-block-heading\">D13 Kompensere i tiltakshierarkiet<\/h3>\n\n\n\n<p>Tiltak som skal gj\u00f8re opp for tapet av eller for permanent skade p\u00e5 \u00f8kologiske funksjoner selv om tiltak er iverksatt for \u00e5 unng\u00e5, beskytte, redusere eller restaurere som f\u00f8lge av negativ p\u00e5virkning. Kompensering kan v\u00e6re erstatningshabitater eller forbedring av eksisterende habitater som tilsvarer det som er tapt eller skadet med hensyn til biologiske og \u00f8kologiske funksjoner. Kompensering kan skje enten p\u00e5 eller utenfor utbyggingsomr\u00e5det.<\/p>\n\n\n\n<p>Dette virkemiddelet har som hensikt \u00e5 unng\u00e5 netto tap av naturverdier p\u00e5 utbyggingsomr\u00e5det. \u00d8kologisk kompensasjon er siste utvei for \u00e5 motvirke negativ p\u00e5virkning fra byggeaktivitet etter at man har gjort det som er mulig i tiltakshierarkiet for \u00e5 unng\u00e5 negativ p\u00e5virkning p\u00e5 \u00f8kologiske kvaliteter. Kompensasjon kan omfatte \u00e5 sikre \u00f8kologisk kvalitet i nye arealer eller \u00e5 opprette nye verdifulle naturtyper som erstatning for de som ble \u00f8delagt.<\/p>\n\n\n\n<h3 class=\"wp-block-heading\">D14 Line\u00e6re habitater&nbsp;<\/h3>\n\n\n\n<p>Line\u00e6re habitater er opptil 10 meter brede habitater som danner line\u00e6re \u00f8kologiske funksjoner. Eksempler kan v\u00e6re kantvegetasjon langs vassdrag, artsrike \u00e5ker- og gr\u00f8ftekanter, strand-\/tidevannssone, bekker, elver, bekkekl\u00f8fter, trerekker og gr\u00f8nne vegger av klatreplanter der veggen bare fungerer som st\u00f8tte for plantene.<\/p>\n\n\n\n<h3 class=\"wp-block-heading\">D15 Line\u00e6r biodiversitetsenhet&nbsp;<\/h3>\n\n\n\n<p>Et nominelt tall avledet fra en beregning basert p\u00e5 numeriske verdier som er tildelt for et line\u00e6rt habitats tilstand og lengde. S\u00e6rpreget til line\u00e6re habitater beregnes ikke, fordi de fleste line\u00e6re funksjonene vil v\u00e6re forvaltningsprioriterte habitater. Bruk av biodiversitetsenheter gir ikke en fullstendig vurdering av biodiversitet. De brukes til \u00e5 kvantifisere hvorvidt utbyggingen har f\u00f8rt til et tap, intet netto tap eller en netto forbedring i biodiversitet.<\/p>\n\n\n\n<h3 class=\"wp-block-heading\">D16 Konsekvensutredningsmetode for klima og milj\u00f8<\/h3>\n\n\n\n<p>Dette er en metode for \u00e5 analysere konsekvenser av tiltak for klima og milj\u00f8, forvaltet av Klima- og milj\u00f8departementet. Veileder M-1941 brukes for slike utredninger og angir metode for kartlegging av klima- og milj\u00f8tema, verdisetting, samt vurdering av p\u00e5virkning og konsekvens. Konsekvensutredninger for klima og milj\u00f8 &#8211; Milj\u00f8direktoratet (miljodirektoratet.no)<\/p>\n\n\n\n<h3 class=\"wp-block-heading\">D17 Kvalifisert \u00f8kolog<\/h3>\n\n\n\n<p>En person med f\u00f8lgende kvalifikasjoner kan regnes som \u00abkvalifisert\u00bb og egnet til \u00e5 gjennomf\u00f8re en BREEAM-NOR-vurdering:<\/p>\n\n\n\n<ul class=\"wp-block-list\">\n<li>har en utdanning p\u00e5 bachelor eller mastergradsniv\u00e5 eller tilsvarende kvalifikasjoner innenfor \u00f8kologi eller et \u00f8kologirelatert fag<\/li>\n\n\n\n<li>arbeider som \u00f8kolog med minst 3 \u00e5rs relevant erfaring i l\u00f8pet av de fem siste \u00e5rene. Slik erfaring m\u00e5 tydelig demonstrere en praktisk forst\u00e5else av faktorer som p\u00e5virker \u00f8kologi i byggeprosjekter og det bygde milj\u00f8et, inkludert erfaring som r\u00e5dgiver for \u00e5 gi anbefalinger for \u00f8kologisk beskyttelse, forbedring og skadebegrensende tiltak.&nbsp;<\/li>\n<\/ul>\n\n\n\n<p>En utdanning innen et \u00f8kologirelatert fag m\u00e5 inneholde minst 60 % \u00f8kologi. F\u00f8lgende utdanninger kan regnes som relevant hvis de oppfyller kravet:<\/p>\n\n\n\n<ul class=\"wp-block-list\">\n<li>utdanninger innen biologi, som \u00f8kologi, biologi, zoologi, botanikk og marin- og ferskvannsbiologi<\/li>\n\n\n\n<li>naturforvaltning<\/li>\n\n\n\n<li>milj\u00f8vitenskap<\/li>\n<\/ul>\n\n\n\n<h3 class=\"wp-block-heading\">D18 Natur i Norge (NiN)<\/h3>\n\n\n\n<p>NiN er et system for beskrivelser og kartlegging av naturtyper som dekker all natur i Norge, b\u00e5de vanlig og uvanlig. Systemet eies av Artsdatabanken. www.artsdatabanken.no\/NiN.<\/p>\n\n\n\n<h3 class=\"wp-block-heading\">D19 Opprettelse av habitat&nbsp;<\/h3>\n\n\n\n<p>Inneb\u00e6rer enten at habitatet som var der opprinnelig, er tapt eller fjernes og at et nytt habitat opprettes, eller at det opprettes et habitat der det ikke var et fra f\u00f8r, inkludert der det var bar jord (eller asfalt, grusbane m.m.). Eksempler kan v\u00e6re \u00e5 fjerne kratt og kjerr for \u00e5 opprette et v\u00e5tmarkshabitat eller \u00e5 fjerne harde dekker for \u00e5 opprette et nytt enghabitat.&nbsp;<\/p>\n\n\n\n<h3 class=\"wp-block-heading\">D20 Resultatrisiko&nbsp;<\/h3>\n\n\n\n<p>Resultatrisiko er risikoen knyttet til vanskelighetene med \u00e5 opprette eller forbedre et spesifikt habitat. For habitattyper som ikke er tilstrekkelig beskrevet i NiN-systemet, skal \u00f8kologen bruke resultatrisikofaktor for en tilsvarende habitattype definert i NiN og begrunne valget.<\/p>\n\n\n\n<h3 class=\"wp-block-heading\">D21 Risikofaktorer<\/h3>\n\n\n\n<p>Risikofaktorer brukes i beregningen av biodiversitetsenheter etter utbygging for \u00e5 ta hensyn til de viktigste risikoene for \u00e5 ikke oppn\u00e5 forbedring i biodiversitet. Risikofaktorene dekker ikke alle eventualiteter, men gir en numerisk verdi for de mest sannsynlige risikoene. Disse er avstandsrisiko, tidsrisiko og resultatrisiko. Risikofaktorene fastsettes for hver risiko i beregningen av biodiversitetsenheter etter utbygging.<\/p>\n\n\n\n<p>V\u00e6r oppmerksom p\u00e5 at risikofaktorer bare gjelder for arealbaserte habitater, fordi risikofaktorene knyttet til \u00e5 opprette line\u00e6re funksjoner tas med i tilstandsfaktoren.&nbsp;<\/p>\n\n\n\n<h3 class=\"wp-block-heading\">D22 S\u00e6rpreg<\/h3>\n\n\n\n<p>Habitatets s\u00e6rpreg er et m\u00e5l for biodiversitet, der det tas hensyn til antallet og variasjonen av arter som finnes der, dvs. rikholdighet og mangfold, hvorvidt noen av artene er truet og hvor mange av artene i habitatet som ikke er vanlige andre steder.<\/p>\n\n\n\n<p>Poengene for habitatets s\u00e6rpreg gis i henhold til en skala med tre kategorier (h\u00f8y, middels og lav). Som hovedregel vil alle habitater som er forvaltningsprioritert, f\u00e5 poengsummen tilsvarende h\u00f8yt s\u00e6rpreg. Andre habitater som ikke er av slik kvalitet, f\u00e5r tildelt poengsummen middels, og habitater som har blitt sterkt omdannet, som plen forbedret eng eller dyrket mark, f\u00e5r tildelt poengsummen lav.<\/p>\n\n\n\n<h3 class=\"wp-block-heading\">D23 Tidsrisiko<\/h3>\n\n\n\n<p>Tidsrisiko er tiden det nye habitatet trenger for \u00e5 n\u00e5 kvaliteten eller modenhetsniv\u00e5et man \u00f8nsker. Dette er en kombinasjon av:<\/p>\n\n\n\n<ul class=\"wp-block-list\">\n<li>tiden det tar \u00e5 opprette eller forbedre habitatet, og<\/li>\n\n\n\n<li>tiden mellom tapet av det eksisterende habitatet og starten for opprettelsen eller forbedringen av et nytt habitat<\/li>\n<\/ul>\n\n\n\n<h3 class=\"wp-block-heading\">D24 Tilstand<\/h3>\n\n\n\n<p>Tilstand defineres som kvaliteten p\u00e5 et bestemt habitat. Eksempelvis er tilstanden til et habitat d\u00e5rlig hvis det ikke klarer \u00e5 ivareta artene det verdsettes for, eller hvis det er forringet som f\u00f8lge av forurensning, erosjon, fremmede organismer eller andre faktorer.<\/p>\n\n\n\n<p>Habitatets tilstand vurderes ved hjelp av systemet i kapittel 6.3.<\/p>\n\n\n\n<h3 class=\"wp-block-heading\">D25 Utbyggingens fotavtrykk&nbsp;<\/h3>\n\n\n\n<p>Utbyggingens fotavtrykk best\u00e5r av utbyggingsomr\u00e5det. Dette omfatter omr\u00e5der som brukes til bygninger, areal med harde dekker og gr\u00f8ntomr\u00e5der, adkomstveier, omr\u00e5der der byggearbeid utf\u00f8res og omr\u00e5der som p\u00e5 andre m\u00e5ter forstyrres. Dette inkluderer ogs\u00e5 ethvert omr\u00e5de for midlertidige lagre og bygninger. Dersom det ikke er kjent n\u00f8yaktig hvor bygg, harde dekker, adkomstveier og midlertidige lagre skal plasseres, skal det antas at utbyggingens fotavtrykk er hele utbyggingsomr\u00e5det.<\/p>\n\n\n\n<p>I forbindelse med denne metoden omfatter dette ogs\u00e5 omr\u00e5der utenfor utbyggingsomr\u00e5det, der:<\/p>\n\n\n\n<ul class=\"wp-block-list\">\n<li>det er en indirekte p\u00e5virkning p\u00e5 biodiversitet, f.eks. ved avrenning til en vannforekomst. Det omfatter influensomr\u00e5det, men er ikke begrenset til dette; og<\/li>\n\n\n\n<li>omr\u00e5der som brukes til \u00e5 kompensere for p\u00e5virkninger, enten p\u00e5 utbyggingsomr\u00e5det eller utenfor det, som en biodiversitetskompensasjon.&nbsp;<\/li>\n<\/ul>\n\n\n\n<h3 class=\"wp-block-heading\">D26 \u00d8kologisk nettverk<\/h3>\n\n\n\n<p>Nettverk og interaksjon mellom organismene som lever i et \u00f8kosystem. Artene utgj\u00f8r knutepunkter (noder), og disse nodene er hektet sammen via et nettverk. Nettverkene kan v\u00e6re n\u00e6ringsnett og n\u00e6ringskjeder i trofiske niv\u00e5er, biofilm eller former for symbiose, mutualisme eller konkurranse innen arten eller mellom arter. \u00d8kologiske nettverk kan bidra til \u00f8kosystemstabilitet og ressurssirkulering.<\/p>\n\n\n\n<p><\/p>\n","protected":false},"excerpt":{"rendered":"<p>D1 Arealbasert habitat Et arealbasert habitat er et habitat som vurderes ved hjelp av en oppm\u00e5ling av areal. I realiteten betyr dette at det omfatter alle habitater, inkl. enkeltr\u00e6r, bortsett fra habitater som vurderes som line\u00e6re. Anbefalt minsteareal p\u00e5 et habitat er 10 m2. D2 Arealbasert biodiversitetsenhet Et nominelt tall avledet fra en beregning basert [&hellip;]<\/p>\n","protected":false},"author":5,"featured_media":0,"parent":4304,"menu_order":0,"comment_status":"closed","ping_status":"closed","template":"page-page.php","meta":{"_acf_changed":false,"footnotes":""},"categories":[],"connection":[],"class_list":["post-5954","page","type-page","status-publish","hentry"],"acf":[],"yoast_head":"<!-- This site is optimized with the Yoast SEO plugin v25.4 - https:\/\/yoast.com\/wordpress\/plugins\/seo\/ -->\n<title>Definisjoner vedlegg E - BREEAM-NOR<\/title>\n<meta name=\"robots\" content=\"index, follow, max-snippet:-1, max-image-preview:large, max-video-preview:-1\" \/>\n<link rel=\"canonical\" href=\"http:\/\/breeam-nor.byggalliansen.no\/v6\/vedlegg-e-metode-for-beregning-av-endring-i-biodiversitet\/definisjoner-vedlegg-e\/\" \/>\n<meta property=\"og:locale\" content=\"nb_NO\" \/>\n<meta property=\"og:type\" content=\"article\" \/>\n<meta property=\"og:title\" content=\"Definisjoner vedlegg E - BREEAM-NOR\" \/>\n<meta property=\"og:description\" content=\"D1 Arealbasert habitat Et arealbasert habitat er et habitat som vurderes ved hjelp av en oppm\u00e5ling av areal. I realiteten betyr dette at det omfatter alle habitater, inkl. enkeltr\u00e6r, bortsett fra habitater som vurderes som line\u00e6re. Anbefalt minsteareal p\u00e5 et habitat er 10 m2. D2 Arealbasert biodiversitetsenhet Et nominelt tall avledet fra en beregning basert [&hellip;]\" \/>\n<meta property=\"og:url\" content=\"http:\/\/breeam-nor.byggalliansen.no\/v6\/vedlegg-e-metode-for-beregning-av-endring-i-biodiversitet\/definisjoner-vedlegg-e\/\" \/>\n<meta property=\"og:site_name\" content=\"BREEAM-NOR\" \/>\n<meta property=\"article:modified_time\" content=\"2025-07-10T13:03:17+00:00\" \/>\n<meta name=\"twitter:card\" content=\"summary_large_image\" \/>\n<meta name=\"twitter:label1\" content=\"Ansl. lesetid\" \/>\n\t<meta name=\"twitter:data1\" content=\"11 minutter\" \/>\n<script type=\"application\/ld+json\" class=\"yoast-schema-graph\">{\"@context\":\"https:\/\/schema.org\",\"@graph\":[{\"@type\":\"WebPage\",\"@id\":\"http:\/\/breeam-nor.byggalliansen.no\/v6\/vedlegg-e-metode-for-beregning-av-endring-i-biodiversitet\/definisjoner-vedlegg-e\/\",\"url\":\"http:\/\/breeam-nor.byggalliansen.no\/v6\/vedlegg-e-metode-for-beregning-av-endring-i-biodiversitet\/definisjoner-vedlegg-e\/\",\"name\":\"Definisjoner vedlegg E - BREEAM-NOR\",\"isPartOf\":{\"@id\":\"https:\/\/breeam-nor.byggalliansen.no\/v6\/#website\"},\"datePublished\":\"2025-07-10T12:57:03+00:00\",\"dateModified\":\"2025-07-10T13:03:17+00:00\",\"breadcrumb\":{\"@id\":\"http:\/\/breeam-nor.byggalliansen.no\/v6\/vedlegg-e-metode-for-beregning-av-endring-i-biodiversitet\/definisjoner-vedlegg-e\/#breadcrumb\"},\"inLanguage\":\"nb-NO\",\"potentialAction\":[{\"@type\":\"ReadAction\",\"target\":[\"http:\/\/breeam-nor.byggalliansen.no\/v6\/vedlegg-e-metode-for-beregning-av-endring-i-biodiversitet\/definisjoner-vedlegg-e\/\"]}]},{\"@type\":\"BreadcrumbList\",\"@id\":\"http:\/\/breeam-nor.byggalliansen.no\/v6\/vedlegg-e-metode-for-beregning-av-endring-i-biodiversitet\/definisjoner-vedlegg-e\/#breadcrumb\",\"itemListElement\":[{\"@type\":\"ListItem\",\"position\":1,\"name\":\"BREEAM-NOR\",\"item\":\"https:\/\/breeam-nor.byggalliansen.no\/v6\/\"},{\"@type\":\"ListItem\",\"position\":2,\"name\":\"Vedlegg E Metode for beregning av endring i biodiversitet\",\"item\":\"http:\/\/breeam-nor.byggalliansen.no\/v6\/vedlegg-e-metode-for-beregning-av-endring-i-biodiversitet\/\"},{\"@type\":\"ListItem\",\"position\":3,\"name\":\"Definisjoner vedlegg E\"}]},{\"@type\":\"WebSite\",\"@id\":\"https:\/\/breeam-nor.byggalliansen.no\/v6\/#website\",\"url\":\"https:\/\/breeam-nor.byggalliansen.no\/v6\/\",\"name\":\"BREEAM-NOR\",\"description\":\"Versjon 6.1.1, 2024\",\"potentialAction\":[{\"@type\":\"SearchAction\",\"target\":{\"@type\":\"EntryPoint\",\"urlTemplate\":\"https:\/\/breeam-nor.byggalliansen.no\/v6\/?s={search_term_string}\"},\"query-input\":{\"@type\":\"PropertyValueSpecification\",\"valueRequired\":true,\"valueName\":\"search_term_string\"}}],\"inLanguage\":\"nb-NO\"}]}<\/script>\n<!-- \/ Yoast SEO plugin. -->","yoast_head_json":{"title":"Definisjoner vedlegg E - BREEAM-NOR","robots":{"index":"index","follow":"follow","max-snippet":"max-snippet:-1","max-image-preview":"max-image-preview:large","max-video-preview":"max-video-preview:-1"},"canonical":"http:\/\/breeam-nor.byggalliansen.no\/v6\/vedlegg-e-metode-for-beregning-av-endring-i-biodiversitet\/definisjoner-vedlegg-e\/","og_locale":"nb_NO","og_type":"article","og_title":"Definisjoner vedlegg E - BREEAM-NOR","og_description":"D1 Arealbasert habitat Et arealbasert habitat er et habitat som vurderes ved hjelp av en oppm\u00e5ling av areal. I realiteten betyr dette at det omfatter alle habitater, inkl. enkeltr\u00e6r, bortsett fra habitater som vurderes som line\u00e6re. Anbefalt minsteareal p\u00e5 et habitat er 10 m2. D2 Arealbasert biodiversitetsenhet Et nominelt tall avledet fra en beregning basert [&hellip;]","og_url":"http:\/\/breeam-nor.byggalliansen.no\/v6\/vedlegg-e-metode-for-beregning-av-endring-i-biodiversitet\/definisjoner-vedlegg-e\/","og_site_name":"BREEAM-NOR","article_modified_time":"2025-07-10T13:03:17+00:00","twitter_card":"summary_large_image","twitter_misc":{"Ansl. lesetid":"11 minutter"},"schema":{"@context":"https:\/\/schema.org","@graph":[{"@type":"WebPage","@id":"http:\/\/breeam-nor.byggalliansen.no\/v6\/vedlegg-e-metode-for-beregning-av-endring-i-biodiversitet\/definisjoner-vedlegg-e\/","url":"http:\/\/breeam-nor.byggalliansen.no\/v6\/vedlegg-e-metode-for-beregning-av-endring-i-biodiversitet\/definisjoner-vedlegg-e\/","name":"Definisjoner vedlegg E - BREEAM-NOR","isPartOf":{"@id":"https:\/\/breeam-nor.byggalliansen.no\/v6\/#website"},"datePublished":"2025-07-10T12:57:03+00:00","dateModified":"2025-07-10T13:03:17+00:00","breadcrumb":{"@id":"http:\/\/breeam-nor.byggalliansen.no\/v6\/vedlegg-e-metode-for-beregning-av-endring-i-biodiversitet\/definisjoner-vedlegg-e\/#breadcrumb"},"inLanguage":"nb-NO","potentialAction":[{"@type":"ReadAction","target":["http:\/\/breeam-nor.byggalliansen.no\/v6\/vedlegg-e-metode-for-beregning-av-endring-i-biodiversitet\/definisjoner-vedlegg-e\/"]}]},{"@type":"BreadcrumbList","@id":"http:\/\/breeam-nor.byggalliansen.no\/v6\/vedlegg-e-metode-for-beregning-av-endring-i-biodiversitet\/definisjoner-vedlegg-e\/#breadcrumb","itemListElement":[{"@type":"ListItem","position":1,"name":"BREEAM-NOR","item":"https:\/\/breeam-nor.byggalliansen.no\/v6\/"},{"@type":"ListItem","position":2,"name":"Vedlegg E Metode for beregning av endring i biodiversitet","item":"http:\/\/breeam-nor.byggalliansen.no\/v6\/vedlegg-e-metode-for-beregning-av-endring-i-biodiversitet\/"},{"@type":"ListItem","position":3,"name":"Definisjoner vedlegg E"}]},{"@type":"WebSite","@id":"https:\/\/breeam-nor.byggalliansen.no\/v6\/#website","url":"https:\/\/breeam-nor.byggalliansen.no\/v6\/","name":"BREEAM-NOR","description":"Versjon 6.1.1, 2024","potentialAction":[{"@type":"SearchAction","target":{"@type":"EntryPoint","urlTemplate":"https:\/\/breeam-nor.byggalliansen.no\/v6\/?s={search_term_string}"},"query-input":{"@type":"PropertyValueSpecification","valueRequired":true,"valueName":"search_term_string"}}],"inLanguage":"nb-NO"}]}},"_links":{"self":[{"href":"https:\/\/breeam-nor.byggalliansen.no\/v6\/wp-json\/wp\/v2\/pages\/5954","targetHints":{"allow":["GET"]}}],"collection":[{"href":"https:\/\/breeam-nor.byggalliansen.no\/v6\/wp-json\/wp\/v2\/pages"}],"about":[{"href":"https:\/\/breeam-nor.byggalliansen.no\/v6\/wp-json\/wp\/v2\/types\/page"}],"author":[{"embeddable":true,"href":"https:\/\/breeam-nor.byggalliansen.no\/v6\/wp-json\/wp\/v2\/users\/5"}],"replies":[{"embeddable":true,"href":"https:\/\/breeam-nor.byggalliansen.no\/v6\/wp-json\/wp\/v2\/comments?post=5954"}],"version-history":[{"count":3,"href":"https:\/\/breeam-nor.byggalliansen.no\/v6\/wp-json\/wp\/v2\/pages\/5954\/revisions"}],"predecessor-version":[{"id":5958,"href":"https:\/\/breeam-nor.byggalliansen.no\/v6\/wp-json\/wp\/v2\/pages\/5954\/revisions\/5958"}],"up":[{"embeddable":true,"href":"https:\/\/breeam-nor.byggalliansen.no\/v6\/wp-json\/wp\/v2\/pages\/4304"}],"wp:attachment":[{"href":"https:\/\/breeam-nor.byggalliansen.no\/v6\/wp-json\/wp\/v2\/media?parent=5954"}],"wp:term":[{"taxonomy":"category","embeddable":true,"href":"https:\/\/breeam-nor.byggalliansen.no\/v6\/wp-json\/wp\/v2\/categories?post=5954"},{"taxonomy":"connection","embeddable":true,"href":"https:\/\/breeam-nor.byggalliansen.no\/v6\/wp-json\/wp\/v2\/connection?post=5954"}],"curies":[{"name":"wp","href":"https:\/\/api.w.org\/{rel}","templated":true}]}}